{"id":924,"date":"2023-06-24T07:45:21","date_gmt":"2023-06-24T07:45:21","guid":{"rendered":"https:\/\/giscadlimited.com\/trinidad\/?page_id=924"},"modified":"2023-07-28T15:54:27","modified_gmt":"2023-07-28T19:54:27","slug":"geoforce","status":"publish","type":"page","link":"https:\/\/giscadlimited.com\/trinidad-es\/products\/fleet-management\/geoforce\/","title":{"rendered":"Geoforce"},"content":{"rendered":"<section class=\"l-section wpb_row us_custom_5f78358b geoforce-product-section height_medium with_img\"><div class=\"l-section-img\" data-img-width=\"960\" data-img-height=\"663\" style=\"background-image: url(https:\/\/giscadlimited.com\/trinidad-es\/quo_storage\/sites\/3\/2023\/07\/Union-52.png);background-position: bottom right;background-repeat: no-repeat;background-size: auto;\"><\/div><div class=\"l-section-h i-cf\"><div class=\"g-cols vc_row via_grid cols_1 laptops-cols_inherit tablets-cols_inherit mobiles-cols_1 valign_top type_default stacking_default\"><div class=\"wpb_column vc_column_container\"><div class=\"vc_column-inner\"><div class=\"w-image us_custom_13a0f6fa align_none\"><div class=\"w-image-h\"><img decoding=\"async\" width=\"170\" height=\"85\" src=\"https:\/\/giscadlimited.com\/trinidad-es\/quo_storage\/sites\/3\/2023\/07\/GeoForce-Logo.png\" class=\"attachment-large size-large\" alt=\"\" \/><\/div><\/div><div class=\"wpb_text_column us_custom_ae63d117 has_text_color\"><div class=\"wpb_wrapper\"><p>Geoforce ofrece soluciones l\u00edderes en la industria para el seguimiento de activos, combinando hardware robusto y software inteligente para una experiencia de usuario optimizada. Sus dispositivos GPS compactos pero potentes destacan en entornos diversos, proporcionando informaci\u00f3n de seguimiento precisa para varios tipos de equipos y contenedores.<\/p>\n<\/div><\/div><\/div><\/div><\/div><\/div><\/section><section class=\"l-section wpb_row us_custom_b535e6f0 Strategic-products geoforce-line ipad-full height_medium width_full\"><div class=\"l-section-h i-cf\"><div class=\"g-cols vc_row via_grid cols_1 laptops-cols_inherit tablets-cols_inherit mobiles-cols_1 valign_top type_default stacking_default\"><div class=\"wpb_column vc_column_container\"><div class=\"vc_column-inner\"><div class=\"g-cols wpb_row us_custom_b740cab8 reverse-design via_grid cols_2 laptops-cols_inherit tablets-cols_inherit mobiles-cols_1 valign_middle type_default reversed stacking_default\"><div class=\"wpb_column vc_column_container us_custom_06f729d8\"><div class=\"vc_column-inner\">[vc_custom_heading text=&#8221;Rastreador de Activos Compacto GT0&#8243; use_theme_fonts=&#8221;yes&#8221; css=&#8221;%7B%22default%22%3A%7B%22color%22%3A%22%230063b0%22%2C%22padding-bottom%22%3A%2210px%22%7D%7D&#8221;]<div class=\"wpb_text_column us_custom_7d184510 has_text_color\"><div class=\"wpb_wrapper\"><p>El Geoforce GT0 Compact Asset Tracker es el rastreador de activos GPS de grado industrial m\u00e1s peque\u00f1o del mundo. Tiene un tama\u00f1o muy peque\u00f1o, instalaci\u00f3n simple, bater\u00eda de larga duraci\u00f3n, dise\u00f1o duradero e informa su ubicaci\u00f3n dos veces al d\u00eda en la base de datos MyGeotab del usuario.<\/p>\n<p>Con su tama\u00f1o compacto y construcci\u00f3n resistente, el GT0 es ideal para todo tipo de equipos de campo y contenedores de env\u00edo. El dispositivo, junto con el software basado en la web Track and Trace de Geoforce, ayuda a minimizar la p\u00e9rdida de ingresos, recuperar equipos perdidos y extraviados, reducir los equipos infrautilizados, verificar la facturaci\u00f3n y recuperar y administrar el inventario de manera eficiente.<\/p>\n<\/div><\/div>[vc_custom_heading text=&#8221;Caracter\u00edsticas y capacidades:&#8221; font_container=&#8221;tag:h3|text_align:left&#8221; use_theme_fonts=&#8221;yes&#8221; css=&#8221;%7B%22default%22%3A%7B%22color%22%3A%22%23011b2f%22%2C%22padding-bottom%22%3A%2210px%22%7D%7D&#8221;]<div class=\"wpb_text_column us_custom_587a4abc Geotab-links-design has_text_color\"><div class=\"wpb_wrapper\"><ul>\n<li><strong>Durable<\/strong>\n<ul>\n<li>El rastreador satelital GPS de grado industrial m\u00e1s peque\u00f1o del mundo<\/li>\n<li>Bater\u00eda de larga duraci\u00f3n<\/li>\n<li>Bisel de montaje opcional para mayor protecci\u00f3n y facilidad de instalaci\u00f3n.<\/li>\n<li>Construcci\u00f3n sellada herm\u00e9ticamente para una alta confiabilidad<\/li>\n<\/ul>\n<\/li>\n<\/ul>\n<ul>\n<li><strong>Vers\u00e1til<\/strong>\n<ul>\n<li>No requiere mantenimiento basado en el usuario.<\/li>\n<li>Permite la colocaci\u00f3n en casi cualquier orientaci\u00f3n en un activo.<\/li>\n<li>Dise\u00f1ado para adaptarse a activos peque\u00f1os y remotos.<\/li>\n<li>Despliegue r\u00e1pido de slap and track<\/li>\n<\/ul>\n<\/li>\n<\/ul>\n<ul>\n<li><strong>Mundial<\/strong>\n<ul>\n<li>Comunicaciones 100% satelitales para visibilidad en ubicaciones remotas<\/li>\n<li>Comunicaci\u00f3n mundial sin complejos acuerdos de itinerancia de datos<\/li>\n<li>Implementaci\u00f3n r\u00e1pida en cualquier lugar sin<\/li>\n<\/ul>\n<\/li>\n<\/ul>\n<\/div><\/div><\/div><\/div><div class=\"wpb_column vc_column_container us_custom_eac066c6\"><div class=\"vc_column-inner\"><div class=\"w-image us_custom_98dddcb8 align_none\"><div class=\"w-image-h\"><img decoding=\"async\" width=\"871\" height=\"1078\" src=\"https:\/\/giscadlimited.com\/trinidad-es\/quo_storage\/sites\/3\/2023\/07\/Group-14154.png\" class=\"attachment-full size-full\" alt=\"\" srcset=\"https:\/\/giscadlimited.com\/trinidad-es\/quo_storage\/sites\/3\/2023\/07\/Group-14154.png 871w, https:\/\/giscadlimited.com\/trinidad-es\/quo_storage\/sites\/3\/2023\/07\/Group-14154-242x300.png 242w, https:\/\/giscadlimited.com\/trinidad-es\/quo_storage\/sites\/3\/2023\/07\/Group-14154-827x1024.png 827w\" sizes=\"(max-width: 871px) 100vw, 871px\" \/><\/div><\/div><\/div><\/div><\/div><div class=\"g-cols wpb_row us_custom_877f3c3e via_grid cols_2 laptops-cols_inherit tablets-cols_inherit mobiles-cols_1 valign_middle type_default stacking_default\"><div class=\"wpb_column vc_column_container\"><div class=\"vc_column-inner\"><div class=\"w-image align_none\"><div class=\"w-image-h\"><img decoding=\"async\" width=\"966\" height=\"965\" src=\"https:\/\/giscadlimited.com\/trinidad-es\/quo_storage\/sites\/3\/2023\/07\/Group-14153.png\" class=\"attachment-large size-large\" alt=\"\" srcset=\"https:\/\/giscadlimited.com\/trinidad-es\/quo_storage\/sites\/3\/2023\/07\/Group-14153.png 966w, https:\/\/giscadlimited.com\/trinidad-es\/quo_storage\/sites\/3\/2023\/07\/Group-14153-300x300.png 300w, https:\/\/giscadlimited.com\/trinidad-es\/quo_storage\/sites\/3\/2023\/07\/Group-14153-150x150.png 150w\" sizes=\"(max-width: 966px) 100vw, 966px\" \/><\/div><\/div><\/div><\/div><div class=\"wpb_column vc_column_container us_custom_ba1c2b39\"><div class=\"vc_column-inner\">[vc_custom_heading text=&#8221;Rastreador de activos de GTI&#8221; use_theme_fonts=&#8221;yes&#8221; css=&#8221;%7B%22default%22%3A%7B%22color%22%3A%22%230063b0%22%2C%22padding-bottom%22%3A%2210px%22%7D%7D&#8221;]<div class=\"wpb_text_column us_custom_7d184510 has_text_color\"><div class=\"wpb_wrapper\"><p>El vers\u00e1til GT1 realiza un seguimiento de los activos en lugares demasiado desafiantes para otros dispositivos GPS. El bisel de metal resistente y la construcci\u00f3n sellada herm\u00e9ticamente del GT1 brindan una protecci\u00f3n duradera contra temperaturas extremas, fuerzas y productos qu\u00edmicos. El GT1 no solo es el dispositivo m\u00e1s resistente del mundo, sino tambi\u00e9n el m\u00e1s seguro, ya que ha logrado la clasificaci\u00f3n IECEx\/ATEX Zona 0 m\u00e1s alta.<\/p>\n<\/div><\/div>[vc_custom_heading text=&#8221;Caracter\u00edsticas y capacidades:&#8221; font_container=&#8221;tag:h3|text_align:left&#8221; use_theme_fonts=&#8221;yes&#8221; css=&#8221;%7B%22default%22%3A%7B%22color%22%3A%22%23011b2f%22%2C%22padding-bottom%22%3A%2210px%22%7D%7D&#8221;]<div class=\"wpb_text_column us_custom_5d50f791 Geotab-links-design has_text_color\"><div class=\"wpb_wrapper\"><ul>\n<li><strong>Fuerte<\/strong>\n<ul>\n<li>Certificaci\u00f3n ATEX\/IECEx para uso en entornos peligrosos de Zona 0<\/li>\n<li>Bisel de acero inoxidable con m\u00faltiples m\u00e9todos de montaje endurecido<\/li>\n<li>Construcci\u00f3n herm\u00e9ticamente sellada con protecci\u00f3n IP68 e IP69k<\/li>\n<li>Probado con los m\u00e1s estrictos est\u00e1ndares de confiabilidad del producto.<\/li>\n<li>Creado espec\u00edficamente para los entornos m\u00e1s duros.<\/li>\n<\/ul>\n<\/li>\n<\/ul>\n<ul>\n<li><strong>Revolucionario<\/strong>\n<ul>\n<li>Tama\u00f1o peque\u00f1o para una instalaci\u00f3n vers\u00e1til<\/li>\n<li>Dise\u00f1o de eficiencia energ\u00e9tica para una larga vida \u00fatil disponible<\/li>\n<li>No requiere mantenimiento basado en el usuario.<\/li>\n<\/ul>\n<\/li>\n<\/ul>\n<ul>\n<li><strong>Global<\/strong>\n<ul>\n<li>Comunicaci\u00f3n 100% satelital para visibilidad en ubicaciones remotas<\/li>\n<li>Implementaci\u00f3n r\u00e1pida en cualquier lugar sin infraestructura adicional<\/li>\n<li>Transmisi\u00f3n mundial sin complejos acuerdos de roaming de datos<\/li>\n<li>Certificado para operar en numerosos pa\u00edses.<\/li>\n<\/ul>\n<\/li>\n<\/ul>\n<\/div><\/div><\/div><\/div><\/div><\/div><\/div><\/div><\/div><\/section>\n","protected":false},"excerpt":{"rendered":"Geoforce ofrece soluciones l\u00edderes en la industria para el seguimiento de activos, combinando hardware robusto y software inteligente para una experiencia de usuario optimizada. Sus dispositivos GPS compactos pero potentes destacan en entornos diversos, proporcionando informaci\u00f3n de seguimiento precisa para varios tipos de equipos y contenedores. [vc_custom_heading text=\"Rastreador de Activos Compacto GT0\" use_theme_fonts=\"yes\" css=\"%7B%22default%22%3A%7B%22color%22%3A%22%230063b0%22%2C%22padding-bottom%22%3A%2210px%22%7D%7D\"]El Geoforce...","protected":false},"author":1,"featured_media":2238,"parent":650,"menu_order":0,"comment_status":"closed","ping_status":"closed","template":"","meta":{"footnotes":""},"acf":[],"yoast_head":"\n<title>Geoforce - Giscad Trinidad - es<\/title>\n<meta name=\"description\" content=\"Seguimiento de activos con Geoforce: soluciones l\u00edderes que combinan hardware y software inteligente para precisi\u00f3n y facilidad de uso en entornos diversos.\" \/>\n<meta name=\"robots\" content=\"index, follow, max-snippet:-1, max-image-preview:large, max-video-preview:-1\" \/>\n<link rel=\"canonical\" href=\"https:\/\/giscadlimited.com\/trinidad-es\/products\/fleet-management\/geoforce\/\" \/>\n<meta property=\"og:locale\" content=\"en_US\" \/>\n<meta property=\"og:type\" content=\"article\" \/>\n<meta property=\"og:title\" content=\"Geoforce - Giscad Trinidad - es\" \/>\n<meta property=\"og:description\" content=\"Seguimiento de activos con Geoforce: soluciones l\u00edderes que combinan hardware y software inteligente para precisi\u00f3n y facilidad de uso en entornos diversos.\" \/>\n<meta property=\"og:url\" content=\"https:\/\/giscadlimited.com\/trinidad-es\/products\/fleet-management\/geoforce\/\" \/>\n<meta property=\"og:site_name\" content=\"Giscad Trinidad - es\" \/>\n<meta property=\"article:publisher\" content=\"https:\/\/www.facebook.com\/GISCADLtd\" \/>\n<meta property=\"article:modified_time\" content=\"2023-07-28T19:54:27+00:00\" \/>\n<meta property=\"og:image\" content=\"https:\/\/giscadlimited.com\/trinidad-es\/quo_storage\/sites\/3\/2023\/07\/Giscad-Seo.png\" \/>\n\t<meta property=\"og:image:width\" content=\"400\" \/>\n\t<meta property=\"og:image:height\" content=\"400\" \/>\n\t<meta property=\"og:image:type\" content=\"image\/png\" \/>\n<meta name=\"twitter:card\" content=\"summary_large_image\" \/>\n<meta name=\"twitter:label1\" content=\"Est. reading time\" \/>\n\t<meta name=\"twitter:data1\" content=\"3 minutes\" \/>\n<script type=\"application\/ld+json\" class=\"yoast-schema-graph\">{\"@context\":\"https:\/\/schema.org\",\"@graph\":[{\"@type\":\"WebPage\",\"@id\":\"https:\/\/giscadlimited.com\/trinidad-es\/products\/fleet-management\/geoforce\/\",\"url\":\"https:\/\/giscadlimited.com\/trinidad-es\/products\/fleet-management\/geoforce\/\",\"name\":\"Geoforce - Giscad Trinidad - es\",\"isPartOf\":{\"@id\":\"https:\/\/giscadlimited.com\/trinidad-es\/#website\"},\"datePublished\":\"2023-06-24T07:45:21+00:00\",\"dateModified\":\"2023-07-28T19:54:27+00:00\",\"description\":\"Seguimiento de activos con Geoforce: soluciones l\u00edderes que combinan hardware y software inteligente para precisi\u00f3n y facilidad de uso en entornos diversos.\",\"breadcrumb\":{\"@id\":\"https:\/\/giscadlimited.com\/trinidad-es\/products\/fleet-management\/geoforce\/#breadcrumb\"},\"inLanguage\":\"en-US\",\"potentialAction\":[{\"@type\":\"ReadAction\",\"target\":[\"https:\/\/giscadlimited.com\/trinidad-es\/products\/fleet-management\/geoforce\/\"]}]},{\"@type\":\"BreadcrumbList\",\"@id\":\"https:\/\/giscadlimited.com\/trinidad-es\/products\/fleet-management\/geoforce\/#breadcrumb\",\"itemListElement\":[{\"@type\":\"ListItem\",\"position\":1,\"name\":\"Home\",\"item\":\"https:\/\/giscadlimited.com\/trinidad-es\/\"},{\"@type\":\"ListItem\",\"position\":2,\"name\":\"Products\",\"item\":\"https:\/\/giscadlimited.com\/trinidad-es\/products\/\"},{\"@type\":\"ListItem\",\"position\":3,\"name\":\"Gesti\u00f3n de Flotas GeoTrac\",\"item\":\"https:\/\/giscadlimited.com\/trinidad-es\/products\/fleet-management\/\"},{\"@type\":\"ListItem\",\"position\":4,\"name\":\"Geoforce\"}]},{\"@type\":\"WebSite\",\"@id\":\"https:\/\/giscadlimited.com\/trinidad-es\/#website\",\"url\":\"https:\/\/giscadlimited.com\/trinidad-es\/\",\"name\":\"Giscad Trinidad - es\",\"description\":\"\",\"publisher\":{\"@id\":\"https:\/\/giscadlimited.com\/trinidad-es\/#organization\"},\"potentialAction\":[{\"@type\":\"SearchAction\",\"target\":{\"@type\":\"EntryPoint\",\"urlTemplate\":\"https:\/\/giscadlimited.com\/trinidad-es\/?s={search_term_string}\"},\"query-input\":\"required name=search_term_string\"}],\"inLanguage\":\"en-US\"},{\"@type\":\"Organization\",\"@id\":\"https:\/\/giscadlimited.com\/trinidad-es\/#organization\",\"name\":\"Giscad Trinidad - es\",\"url\":\"https:\/\/giscadlimited.com\/trinidad-es\/\",\"logo\":{\"@type\":\"ImageObject\",\"inLanguage\":\"en-US\",\"@id\":\"https:\/\/giscadlimited.com\/trinidad-es\/#\/schema\/logo\/image\/\",\"url\":\"https:\/\/giscadlimited.com\/trinidad-es\/quo_storage\/sites\/3\/2023\/05\/logo.png\",\"contentUrl\":\"https:\/\/giscadlimited.com\/trinidad-es\/quo_storage\/sites\/3\/2023\/05\/logo.png\",\"width\":188,\"height\":56,\"caption\":\"Giscad Trinidad - es\"},\"image\":{\"@id\":\"https:\/\/giscadlimited.com\/trinidad-es\/#\/schema\/logo\/image\/\"},\"sameAs\":[\"https:\/\/www.facebook.com\/GISCADLtd\",\"https:\/\/www.instagram.com\/giscadltd\/\",\"https:\/\/www.linkedin.com\/company\/giscad-ltd\/\",\"https:\/\/www.tiktok.com\/@giscadlimited\"]}]}<\/script>\n","yoast_head_json":{"title":"Geoforce - Giscad Trinidad - es","description":"Seguimiento de activos con Geoforce: soluciones l\u00edderes que combinan hardware y software inteligente para precisi\u00f3n y facilidad de uso en entornos diversos.","robots":{"index":"index","follow":"follow","max-snippet":"max-snippet:-1","max-image-preview":"max-image-preview:large","max-video-preview":"max-video-preview:-1"},"canonical":"https:\/\/giscadlimited.com\/trinidad-es\/products\/fleet-management\/geoforce\/","og_locale":"en_US","og_type":"article","og_title":"Geoforce - Giscad Trinidad - es","og_description":"Seguimiento de activos con Geoforce: soluciones l\u00edderes que combinan hardware y software inteligente para precisi\u00f3n y facilidad de uso en entornos diversos.","og_url":"https:\/\/giscadlimited.com\/trinidad-es\/products\/fleet-management\/geoforce\/","og_site_name":"Giscad Trinidad - es","article_publisher":"https:\/\/www.facebook.com\/GISCADLtd","article_modified_time":"2023-07-28T19:54:27+00:00","og_image":[{"width":400,"height":400,"url":"https:\/\/giscadlimited.com\/trinidad-es\/quo_storage\/sites\/3\/2023\/07\/Giscad-Seo.png","type":"image\/png"}],"twitter_card":"summary_large_image","twitter_misc":{"Est. reading time":"3 minutes"},"schema":{"@context":"https:\/\/schema.org","@graph":[{"@type":"WebPage","@id":"https:\/\/giscadlimited.com\/trinidad-es\/products\/fleet-management\/geoforce\/","url":"https:\/\/giscadlimited.com\/trinidad-es\/products\/fleet-management\/geoforce\/","name":"Geoforce - Giscad Trinidad - es","isPartOf":{"@id":"https:\/\/giscadlimited.com\/trinidad-es\/#website"},"datePublished":"2023-06-24T07:45:21+00:00","dateModified":"2023-07-28T19:54:27+00:00","description":"Seguimiento de activos con Geoforce: soluciones l\u00edderes que combinan hardware y software inteligente para precisi\u00f3n y facilidad de uso en entornos diversos.","breadcrumb":{"@id":"https:\/\/giscadlimited.com\/trinidad-es\/products\/fleet-management\/geoforce\/#breadcrumb"},"inLanguage":"en-US","potentialAction":[{"@type":"ReadAction","target":["https:\/\/giscadlimited.com\/trinidad-es\/products\/fleet-management\/geoforce\/"]}]},{"@type":"BreadcrumbList","@id":"https:\/\/giscadlimited.com\/trinidad-es\/products\/fleet-management\/geoforce\/#breadcrumb","itemListElement":[{"@type":"ListItem","position":1,"name":"Home","item":"https:\/\/giscadlimited.com\/trinidad-es\/"},{"@type":"ListItem","position":2,"name":"Products","item":"https:\/\/giscadlimited.com\/trinidad-es\/products\/"},{"@type":"ListItem","position":3,"name":"Gesti\u00f3n de Flotas GeoTrac","item":"https:\/\/giscadlimited.com\/trinidad-es\/products\/fleet-management\/"},{"@type":"ListItem","position":4,"name":"Geoforce"}]},{"@type":"WebSite","@id":"https:\/\/giscadlimited.com\/trinidad-es\/#website","url":"https:\/\/giscadlimited.com\/trinidad-es\/","name":"Giscad Trinidad - es","description":"","publisher":{"@id":"https:\/\/giscadlimited.com\/trinidad-es\/#organization"},"potentialAction":[{"@type":"SearchAction","target":{"@type":"EntryPoint","urlTemplate":"https:\/\/giscadlimited.com\/trinidad-es\/?s={search_term_string}"},"query-input":"required name=search_term_string"}],"inLanguage":"en-US"},{"@type":"Organization","@id":"https:\/\/giscadlimited.com\/trinidad-es\/#organization","name":"Giscad Trinidad - es","url":"https:\/\/giscadlimited.com\/trinidad-es\/","logo":{"@type":"ImageObject","inLanguage":"en-US","@id":"https:\/\/giscadlimited.com\/trinidad-es\/#\/schema\/logo\/image\/","url":"https:\/\/giscadlimited.com\/trinidad-es\/quo_storage\/sites\/3\/2023\/05\/logo.png","contentUrl":"https:\/\/giscadlimited.com\/trinidad-es\/quo_storage\/sites\/3\/2023\/05\/logo.png","width":188,"height":56,"caption":"Giscad Trinidad - es"},"image":{"@id":"https:\/\/giscadlimited.com\/trinidad-es\/#\/schema\/logo\/image\/"},"sameAs":["https:\/\/www.facebook.com\/GISCADLtd","https:\/\/www.instagram.com\/giscadltd\/","https:\/\/www.linkedin.com\/company\/giscad-ltd\/","https:\/\/www.tiktok.com\/@giscadlimited"]}]}},"_links":{"self":[{"href":"https:\/\/giscadlimited.com\/trinidad-es\/wp-json\/wp\/v2\/pages\/924"}],"collection":[{"href":"https:\/\/giscadlimited.com\/trinidad-es\/wp-json\/wp\/v2\/pages"}],"about":[{"href":"https:\/\/giscadlimited.com\/trinidad-es\/wp-json\/wp\/v2\/types\/page"}],"author":[{"embeddable":true,"href":"https:\/\/giscadlimited.com\/trinidad-es\/wp-json\/wp\/v2\/users\/1"}],"replies":[{"embeddable":true,"href":"https:\/\/giscadlimited.com\/trinidad-es\/wp-json\/wp\/v2\/comments?post=924"}],"version-history":[{"count":3,"href":"https:\/\/giscadlimited.com\/trinidad-es\/wp-json\/wp\/v2\/pages\/924\/revisions"}],"predecessor-version":[{"id":1979,"href":"https:\/\/giscadlimited.com\/trinidad-es\/wp-json\/wp\/v2\/pages\/924\/revisions\/1979"}],"up":[{"embeddable":true,"href":"https:\/\/giscadlimited.com\/trinidad-es\/wp-json\/wp\/v2\/pages\/650"}],"wp:featuredmedia":[{"embeddable":true,"href":"https:\/\/giscadlimited.com\/trinidad-es\/wp-json\/wp\/v2\/media\/2238"}],"wp:attachment":[{"href":"https:\/\/giscadlimited.com\/trinidad-es\/wp-json\/wp\/v2\/media?parent=924"}],"curies":[{"name":"wp","href":"https:\/\/api.w.org\/{rel}","templated":true}]}}