{"id":765,"date":"2023-06-23T10:26:19","date_gmt":"2023-06-23T10:26:19","guid":{"rendered":"https:\/\/giscadlimited.com\/trinidad\/?page_id=765"},"modified":"2023-07-28T15:52:21","modified_gmt":"2023-07-28T19:52:21","slug":"zenduit","status":"publish","type":"page","link":"https:\/\/giscadlimited.com\/trinidad-es\/products\/fleet-management\/zenduit\/","title":{"rendered":"ZenduIT"},"content":{"rendered":"<section class=\"l-section wpb_row us_custom_473c84e4 geotab-product-section height_medium with_img\"><div class=\"l-section-img\" data-img-width=\"1240\" data-img-height=\"663\" style=\"background-image: url(https:\/\/giscadlimited.com\/trinidad-es\/quo_storage\/sites\/3\/2023\/07\/Image-45.png);background-position: bottom right;background-repeat: no-repeat;background-size: auto;\"><\/div><div class=\"l-section-h i-cf\"><div class=\"g-cols vc_row via_grid cols_1 laptops-cols_inherit tablets-cols_inherit mobiles-cols_1 valign_top type_default stacking_default\"><div class=\"wpb_column vc_column_container\"><div class=\"vc_column-inner\"><div class=\"w-image us_custom_13a0f6fa align_none\"><div class=\"w-image-h\"><img decoding=\"async\" width=\"302\" height=\"76\" src=\"https:\/\/giscadlimited.com\/trinidad-es\/quo_storage\/sites\/3\/2023\/07\/ZenduIT-Logo.png\" class=\"attachment-large size-large\" alt=\"\" srcset=\"https:\/\/giscadlimited.com\/trinidad-es\/quo_storage\/sites\/3\/2023\/07\/ZenduIT-Logo.png 302w, https:\/\/giscadlimited.com\/trinidad-es\/quo_storage\/sites\/3\/2023\/07\/ZenduIT-Logo-300x75.png 300w\" sizes=\"(max-width: 302px) 100vw, 302px\" \/><\/div><\/div><div class=\"wpb_text_column us_custom_ae63d117 has_text_color\"><div class=\"wpb_wrapper\"><p>ZenduIt engloba una variedad de soluciones avanzadas de gesti\u00f3n de flotas, incluyendo ZenduWork, Mobile Dispatch, Zendu Maintenance y ZenduCAM Z6. Estas soluciones se armonizan para optimizar las operaciones de despacho, seguimiento y mantenimiento, respaldadas por herramientas de vanguardia como la creaci\u00f3n de formularios personalizados, generaci\u00f3n autom\u00e1tica de \u00f3rdenes de trabajo, seguimiento en tiempo real y notificaciones instant\u00e1neas.<\/p>\n<\/div><\/div><\/div><\/div><\/div><\/div><\/section><section class=\"l-section wpb_row us_custom_1f48606a Strategic-products zenduIT-line height_medium width_full\"><div class=\"l-section-h i-cf\"><div class=\"g-cols vc_row via_grid cols_1 laptops-cols_inherit tablets-cols_inherit mobiles-cols_1 valign_top type_default stacking_default\"><div class=\"wpb_column vc_column_container\"><div class=\"vc_column-inner\"><div class=\"w-image us_custom_c6167f36 center-img align_none\"><div class=\"w-image-h\"><img decoding=\"async\" width=\"866\" height=\"696\" src=\"https:\/\/giscadlimited.com\/trinidad-es\/quo_storage\/sites\/3\/2023\/07\/1.jpg\" class=\"attachment-full size-full\" alt=\"\" srcset=\"https:\/\/giscadlimited.com\/trinidad-es\/quo_storage\/sites\/3\/2023\/07\/1.jpg 866w, https:\/\/giscadlimited.com\/trinidad-es\/quo_storage\/sites\/3\/2023\/07\/1-300x241.jpg 300w\" sizes=\"(max-width: 866px) 100vw, 866px\" \/><\/div><\/div><div class=\"g-cols wpb_row us_custom_ee796de5 via_grid cols_2 laptops-cols_inherit tablets-cols_inherit mobiles-cols_1 valign_middle type_default stacking_default\"><div class=\"wpb_column vc_column_container us_custom_f7fb9e6e\"><div class=\"vc_column-inner\">[vc_custom_heading text=&#8221;Zenduwork&#8221; use_theme_fonts=&#8221;yes&#8221; css=&#8221;%7B%22default%22%3A%7B%22color%22%3A%22%230063b0%22%2C%22padding-bottom%22%3A%2210px%22%7D%7D&#8221;]<div class=\"wpb_text_column us_custom_f5889b8d has_text_color\"><div class=\"wpb_wrapper\"><p>ZenduWork es la soluci\u00f3n definitiva para la distribuci\u00f3n de conductores que agiliza de forma eficaz los procesos de \u00f3rdenes de trabajo de los conductores. Los despachadores pueden crear formularios personalizados, enviar \u00f3rdenes de trabajo a los conductores, realizar un seguimiento del progreso del conductor y generar informes. Puede realizar un seguimiento de la finalizaci\u00f3n de la orden de trabajo con la actualizaci\u00f3n autom\u00e1tica de geocercas y los recordatorios de finalizaci\u00f3n de formularios. Desde nuestra aplicaci\u00f3n m\u00f3vil, los trabajadores pueden recibir, completar y enviar todas sus \u00f3rdenes de trabajo en tiempo real.<\/p>\n<\/div><\/div>[vc_custom_heading text=&#8221;Caracter\u00edsticas y capacidades:&#8221; font_container=&#8221;tag:h3|text_align:left&#8221; use_theme_fonts=&#8221;yes&#8221; css=&#8221;%7B%22default%22%3A%7B%22color%22%3A%22%23011b2f%22%2C%22padding-bottom%22%3A%2210px%22%7D%7D&#8221;]<div class=\"wpb_text_column us_custom_8ad8c5e5 Geotab-links-design has_text_color\"><div class=\"wpb_wrapper\"><ul>\n<li>Ordenes de trabajo r\u00e1pidas<\/li>\n<li>Formularios detallados y personalizables<\/li>\n<li>Env\u00edo inteligente<\/li>\n<li>Sello de ubicaci\u00f3n con finalizaci\u00f3n de la orden de trabajo<\/li>\n<li>Ubicaci\u00f3n del conductor en vivo<\/li>\n<li>Aplicaci\u00f3n m\u00f3vil ZenduWork<\/li>\n<li>Prueba de entrega\/finalizaci\u00f3n del trabajo mediante firmas y carga de fotograf\u00edas.<\/li>\n<li>Integrado con Geotab<\/li>\n<\/ul>\n<\/div><\/div><\/div><\/div><div class=\"wpb_column vc_column_container\"><div class=\"vc_column-inner\"><\/div><\/div><\/div><div class=\"g-cols wpb_row us_custom_8072d3b6 step-two-design via_grid cols_2 laptops-cols_inherit tablets-cols_inherit mobiles-cols_1 valign_middle type_default stacking_default\"><div class=\"wpb_column vc_column_container\"><div class=\"vc_column-inner\"><div class=\"w-image us_custom_30557bec center-img align_none\"><div class=\"w-image-h\"><img decoding=\"async\" width=\"853\" height=\"672\" src=\"https:\/\/giscadlimited.com\/trinidad-es\/quo_storage\/sites\/3\/2023\/07\/3.jpg\" class=\"attachment-large size-large\" alt=\"\" srcset=\"https:\/\/giscadlimited.com\/trinidad-es\/quo_storage\/sites\/3\/2023\/07\/3.jpg 853w, https:\/\/giscadlimited.com\/trinidad-es\/quo_storage\/sites\/3\/2023\/07\/3-300x236.jpg 300w\" sizes=\"(max-width: 853px) 100vw, 853px\" \/><\/div><\/div><\/div><\/div><div class=\"wpb_column vc_column_container us_custom_9d0f04f6\"><div class=\"vc_column-inner\">[vc_custom_heading text=&#8221;Despacho M\u00f3vil &#8221; use_theme_fonts=&#8221;yes&#8221; css=&#8221;%7B%22default%22%3A%7B%22color%22%3A%22%230063b0%22%2C%22padding-bottom%22%3A%2210px%22%7D%7D&#8221;]<div class=\"wpb_text_column us_custom_f5889b8d has_text_color\"><div class=\"wpb_wrapper\"><p>Mobile Dispatch simplifica el seguimiento m\u00f3vil y el proceso de despacho al mantener la comunicaci\u00f3n entre los conductores y los despachadores. Los despachadores pueden rastrear las ubicaciones de los conductores y el estado de los trabajos en tiempo real dentro del mapa de la aplicaci\u00f3n ZenduIT. Cuando se completan recolecciones, entregas u otras tareas, los despachadores pueden recibir notificaciones instant\u00e1neas de los eventos.<\/p>\n<\/div><\/div>[vc_custom_heading text=&#8221;Caracter\u00edsticas y capacidades:&#8221; font_container=&#8221;tag:h3|text_align:left&#8221; use_theme_fonts=&#8221;yes&#8221; css=&#8221;%7B%22default%22%3A%7B%22color%22%3A%22%23011b2f%22%2C%22padding-bottom%22%3A%2210px%22%7D%7D&#8221;]<div class=\"wpb_text_column us_custom_8ad8c5e5 Geotab-links-design has_text_color\"><div class=\"wpb_wrapper\"><ul>\n<li>\u00d3rdenes de trabajo r\u00e1pidas<\/li>\n<li>Formularios detallados y personalizables<\/li>\n<li>Env\u00edo inteligente<\/li>\n<li>Sello de ubicaci\u00f3n con finalizaci\u00f3n de la orden de trabajo<\/li>\n<li>Ubicaci\u00f3n del conductor en vivo<\/li>\n<li>Aplicaci\u00f3n m\u00f3vil ZenduWork<\/li>\n<li>Prueba de entrega\/finalizaci\u00f3n del trabajo mediante firmas y carga de fotograf\u00edas.<\/li>\n<li>Integrado con Geotab<\/li>\n<\/ul>\n<\/div><\/div><\/div><\/div><\/div><div class=\"w-image us_custom_8aafbf8c img100 g-logo center-img postion-img align_none\"><div class=\"w-image-h\"><img decoding=\"async\" width=\"814\" height=\"763\" src=\"https:\/\/giscadlimited.com\/trinidad-es\/quo_storage\/sites\/3\/2023\/07\/4.jpg\" class=\"attachment-full size-full\" alt=\"\" srcset=\"https:\/\/giscadlimited.com\/trinidad-es\/quo_storage\/sites\/3\/2023\/07\/4.jpg 814w, https:\/\/giscadlimited.com\/trinidad-es\/quo_storage\/sites\/3\/2023\/07\/4-300x281.jpg 300w\" sizes=\"(max-width: 814px) 100vw, 814px\" \/><\/div><\/div><div class=\"g-cols wpb_row us_custom_1ad397bb zendu via_grid cols_2 laptops-cols_inherit tablets-cols_inherit mobiles-cols_1 valign_top type_default stacking_default\"><div class=\"wpb_column vc_column_container us_custom_6220b2f4\"><div class=\"vc_column-inner\">[vc_custom_heading text=&#8221;Mantenimiento Zendu &#8221; use_theme_fonts=&#8221;yes&#8221; css=&#8221;%7B%22default%22%3A%7B%22color%22%3A%22%230063b0%22%2C%22padding-bottom%22%3A%2215px%22%7D%7D&#8221;]<div class=\"wpb_text_column us_custom_6d2bec9d has_text_color\"><div class=\"wpb_wrapper\"><p>Zendu Maintenance es un poderoso sistema de administraci\u00f3n de mantenimiento basado en la web que le permite ejecutar las operaciones de mantenimiento de su flota de manera m\u00e1s efectiva y eficiente. Zendu Maintenance puede generar autom\u00e1ticamente \u00f3rdenes de trabajo cuando se detecta una falla en el veh\u00edculo o un mantenimiento programado regularmente. Esto no solo le ahorra tiempo, sino que al realizar un mantenimiento preventivo, puede ahorrar dinero y reducir el tiempo de inactividad. Con funciones f\u00e1ciles de usar, como la programaci\u00f3n del calendario de arrastrar y soltar y c\u00f3digos QR para escanear r\u00e1pidamente el progreso de la orden de trabajo, Zendu Maintenance hace que administrar su flota sea m\u00e1s f\u00e1cil que nunca.<\/p>\n<p>Nuestro sistema de mantenimiento de flotas lo ayudar\u00e1 a seguir las mejores pr\u00e1cticas de mantenimiento, mejorar el desempe\u00f1o de su organizaci\u00f3n y ahorrar dinero al resolver los problemas antes de que empeoren. Con herramientas para ayudar a reconocer los c\u00f3digos de falla y rastrear el inventario de piezas y veh\u00edculos, Zendu Maintenance agiliza todo el proceso de mantenimiento.<\/p>\n<\/div><\/div>[vc_custom_heading text=&#8221;Caracter\u00edsticas y capacidades:&#8221; font_container=&#8221;tag:h3|text_align:left&#8221; use_theme_fonts=&#8221;yes&#8221; css=&#8221;%7B%22default%22%3A%7B%22color%22%3A%22%23011b2f%22%2C%22padding-bottom%22%3A%2210px%22%7D%7D&#8221;]<div class=\"wpb_text_column us_custom_8ad8c5e5 Geotab-links-design has_text_color\"><div class=\"wpb_wrapper\"><ul>\n<li>Tablero y an\u00e1lisis de flotas<\/li>\n<li>Ordenes de trabajo autom\u00e1ticas<\/li>\n<li>Administre los atrasos de \u00f3rdenes de trabajo, los costos, la asignaci\u00f3n de personal, el tiempo de inactividad y la generaci\u00f3n de informes con facilidad<\/li>\n<li>Rotaci\u00f3n y seguimiento de activos<\/li>\n<li>Gesti\u00f3n de inventario: inventario de piezas de veh\u00edculos<\/li>\n<li>Informes y vistas personalizados<\/li>\n<\/ul>\n<\/div><\/div><\/div><\/div><div class=\"wpb_column vc_column_container\"><div class=\"vc_column-inner\"><\/div><\/div><\/div><div class=\"g-cols wpb_row us_custom_c9cb1eee via_grid cols_2 laptops-cols_inherit tablets-cols_inherit mobiles-cols_1 valign_middle type_default stacking_default\"><div class=\"wpb_column vc_column_container\"><div class=\"vc_column-inner\"><div class=\"w-image us_custom_9a0237bd align_none\"><div class=\"w-image-h\"><img decoding=\"async\" width=\"881\" height=\"497\" src=\"https:\/\/giscadlimited.com\/trinidad-es\/quo_storage\/sites\/3\/2023\/07\/9f228cece6729fd40eaa182a17905d01-1.jpg\" class=\"attachment-large size-large\" alt=\"\" srcset=\"https:\/\/giscadlimited.com\/trinidad-es\/quo_storage\/sites\/3\/2023\/07\/9f228cece6729fd40eaa182a17905d01-1.jpg 881w, https:\/\/giscadlimited.com\/trinidad-es\/quo_storage\/sites\/3\/2023\/07\/9f228cece6729fd40eaa182a17905d01-1-300x169.jpg 300w\" sizes=\"(max-width: 881px) 100vw, 881px\" \/><\/div><\/div><\/div><\/div><div class=\"wpb_column vc_column_container us_custom_9ce088c8\"><div class=\"vc_column-inner\">[vc_custom_heading text=&#8221;ZenduCAM&#8221; use_theme_fonts=&#8221;yes&#8221; css=&#8221;%7B%22default%22%3A%7B%22color%22%3A%22%230063b0%22%2C%22padding-bottom%22%3A%2210px%22%7D%7D&#8221;]<div class=\"wpb_text_column us_custom_c69a383e has_text_color\"><div class=\"wpb_wrapper\"><p>La c\u00e1mara de tablero ZenduCAM Z6 es una innovadora soluci\u00f3n de vigilancia de doble cara que permite la transmisi\u00f3n de video en vivo, la recuperaci\u00f3n de accidentes y la detecci\u00f3n de conducci\u00f3n distra\u00edda. Proporciona visibilidad en tiempo real e informaci\u00f3n valiosa sobre el rendimiento general de la flota, lo que ayuda a los gerentes a aumentar la seguridad y los ahorros. Los tableros e informes personalizados est\u00e1n disponibles para que los gerentes controlen la ubicaci\u00f3n del GPS y el comportamiento de conducci\u00f3n de grupos o veh\u00edculos individuales. Con una integraci\u00f3n completa y amplia con Geotab, es una soluci\u00f3n para flotas que lo diferenciar\u00e1 de sus competidores.<\/p>\n<p>Con m\u00faltiples c\u00e1maras y sensores integrados en una sola unidad, el Z6 ofrece un gran conjunto de funciones en un paquete peque\u00f1o.<\/p>\n<\/div><\/div>[vc_custom_heading text=&#8221;Caracter\u00edsticas y capacidades:&#8221; font_container=&#8221;tag:h3|text_align:left&#8221; use_theme_fonts=&#8221;yes&#8221; css=&#8221;%7B%22default%22%3A%7B%22color%22%3A%22%23011b2f%22%2C%22padding-bottom%22%3A%2210px%22%7D%7D&#8221;]<div class=\"wpb_text_column us_custom_8ad8c5e5 Geotab-links-design has_text_color\"><div class=\"wpb_wrapper\"><ul>\n<li>C\u00e1maras de alta calidad\n<ul>\n<li>C\u00e1mara HD de 1080p orientada hacia la carretera con lente gran angular ajustable de 140 grados.<\/li>\n<li>Las c\u00e1maras orientadas al conductor son lentes HD de 720p con una c\u00e1mara IR para visi\u00f3n nocturna<\/li>\n<\/ul>\n<\/li>\n<li>Conectividad incorporada<\/li>\n<li>Herrajes altamente resistentes al calor y al fr\u00edo<\/li>\n<li>Seguridad del conductor: detecci\u00f3n de incidentes de conducci\u00f3n dif\u00edciles, distracci\u00f3n y fatiga del conductor\/<\/li>\n<li>Almacenamiento en la nube basado en infracciones.<\/li>\n<li>Una plataforma segura en la nube con video de carga instant\u00e1nea a la nube para visualizaci\u00f3n y recuperaci\u00f3n bajo demanda<\/li>\n<li>Integrado con Geotab.<\/li>\n<\/ul>\n<\/div><\/div><\/div><\/div><\/div><\/div><\/div><\/div><\/div><\/section>\n","protected":false},"excerpt":{"rendered":"ZenduIt engloba una variedad de soluciones avanzadas de gesti\u00f3n de flotas, incluyendo ZenduWork, Mobile Dispatch, Zendu Maintenance y ZenduCAM Z6. Estas soluciones se armonizan para optimizar las operaciones de despacho, seguimiento y mantenimiento, respaldadas por herramientas de vanguardia como la creaci\u00f3n de formularios personalizados, generaci\u00f3n autom\u00e1tica de \u00f3rdenes de trabajo, seguimiento en tiempo real y...","protected":false},"author":1,"featured_media":2238,"parent":650,"menu_order":0,"comment_status":"closed","ping_status":"closed","template":"","meta":{"footnotes":""},"acf":[],"yoast_head":"\n<title>ZenduIT - Giscad Trinidad - es<\/title>\n<meta name=\"description\" content=\"ZenduIt: Gesti\u00f3n flotas, Mobile Dispatch, Mantenimiento, ZenduCAM Z6. Optimiza despacho, seguimiento, mantenimiento y m\u00e1s.\" \/>\n<meta name=\"robots\" content=\"index, follow, max-snippet:-1, max-image-preview:large, max-video-preview:-1\" \/>\n<link rel=\"canonical\" href=\"https:\/\/giscadlimited.com\/trinidad-es\/products\/fleet-management\/zenduit\/\" \/>\n<meta property=\"og:locale\" content=\"en_US\" \/>\n<meta property=\"og:type\" content=\"article\" \/>\n<meta property=\"og:title\" content=\"ZenduIT - Giscad Trinidad - es\" \/>\n<meta property=\"og:description\" content=\"ZenduIt: Gesti\u00f3n flotas, Mobile Dispatch, Mantenimiento, ZenduCAM Z6. Optimiza despacho, seguimiento, mantenimiento y m\u00e1s.\" \/>\n<meta property=\"og:url\" content=\"https:\/\/giscadlimited.com\/trinidad-es\/products\/fleet-management\/zenduit\/\" \/>\n<meta property=\"og:site_name\" content=\"Giscad Trinidad - es\" \/>\n<meta property=\"article:publisher\" content=\"https:\/\/www.facebook.com\/GISCADLtd\" \/>\n<meta property=\"article:modified_time\" content=\"2023-07-28T19:52:21+00:00\" \/>\n<meta property=\"og:image\" content=\"https:\/\/giscadlimited.com\/trinidad-es\/quo_storage\/sites\/3\/2023\/07\/Giscad-Seo.png\" \/>\n\t<meta property=\"og:image:width\" content=\"400\" \/>\n\t<meta property=\"og:image:height\" content=\"400\" \/>\n\t<meta property=\"og:image:type\" content=\"image\/png\" \/>\n<meta name=\"twitter:card\" content=\"summary_large_image\" \/>\n<meta name=\"twitter:label1\" content=\"Est. reading time\" \/>\n\t<meta name=\"twitter:data1\" content=\"4 minutes\" \/>\n<script type=\"application\/ld+json\" class=\"yoast-schema-graph\">{\"@context\":\"https:\/\/schema.org\",\"@graph\":[{\"@type\":\"WebPage\",\"@id\":\"https:\/\/giscadlimited.com\/trinidad-es\/products\/fleet-management\/zenduit\/\",\"url\":\"https:\/\/giscadlimited.com\/trinidad-es\/products\/fleet-management\/zenduit\/\",\"name\":\"ZenduIT - Giscad Trinidad - es\",\"isPartOf\":{\"@id\":\"https:\/\/giscadlimited.com\/trinidad-es\/#website\"},\"datePublished\":\"2023-06-23T10:26:19+00:00\",\"dateModified\":\"2023-07-28T19:52:21+00:00\",\"description\":\"ZenduIt: Gesti\u00f3n flotas, Mobile Dispatch, Mantenimiento, ZenduCAM Z6. Optimiza despacho, seguimiento, mantenimiento y m\u00e1s.\",\"breadcrumb\":{\"@id\":\"https:\/\/giscadlimited.com\/trinidad-es\/products\/fleet-management\/zenduit\/#breadcrumb\"},\"inLanguage\":\"en-US\",\"potentialAction\":[{\"@type\":\"ReadAction\",\"target\":[\"https:\/\/giscadlimited.com\/trinidad-es\/products\/fleet-management\/zenduit\/\"]}]},{\"@type\":\"BreadcrumbList\",\"@id\":\"https:\/\/giscadlimited.com\/trinidad-es\/products\/fleet-management\/zenduit\/#breadcrumb\",\"itemListElement\":[{\"@type\":\"ListItem\",\"position\":1,\"name\":\"Home\",\"item\":\"https:\/\/giscadlimited.com\/trinidad-es\/\"},{\"@type\":\"ListItem\",\"position\":2,\"name\":\"Products\",\"item\":\"https:\/\/giscadlimited.com\/trinidad-es\/products\/\"},{\"@type\":\"ListItem\",\"position\":3,\"name\":\"Gesti\u00f3n de Flotas GeoTrac\",\"item\":\"https:\/\/giscadlimited.com\/trinidad-es\/products\/fleet-management\/\"},{\"@type\":\"ListItem\",\"position\":4,\"name\":\"ZenduIT\"}]},{\"@type\":\"WebSite\",\"@id\":\"https:\/\/giscadlimited.com\/trinidad-es\/#website\",\"url\":\"https:\/\/giscadlimited.com\/trinidad-es\/\",\"name\":\"Giscad Trinidad - es\",\"description\":\"\",\"publisher\":{\"@id\":\"https:\/\/giscadlimited.com\/trinidad-es\/#organization\"},\"potentialAction\":[{\"@type\":\"SearchAction\",\"target\":{\"@type\":\"EntryPoint\",\"urlTemplate\":\"https:\/\/giscadlimited.com\/trinidad-es\/?s={search_term_string}\"},\"query-input\":\"required name=search_term_string\"}],\"inLanguage\":\"en-US\"},{\"@type\":\"Organization\",\"@id\":\"https:\/\/giscadlimited.com\/trinidad-es\/#organization\",\"name\":\"Giscad Trinidad - es\",\"url\":\"https:\/\/giscadlimited.com\/trinidad-es\/\",\"logo\":{\"@type\":\"ImageObject\",\"inLanguage\":\"en-US\",\"@id\":\"https:\/\/giscadlimited.com\/trinidad-es\/#\/schema\/logo\/image\/\",\"url\":\"https:\/\/giscadlimited.com\/trinidad-es\/quo_storage\/sites\/3\/2023\/05\/logo.png\",\"contentUrl\":\"https:\/\/giscadlimited.com\/trinidad-es\/quo_storage\/sites\/3\/2023\/05\/logo.png\",\"width\":188,\"height\":56,\"caption\":\"Giscad Trinidad - es\"},\"image\":{\"@id\":\"https:\/\/giscadlimited.com\/trinidad-es\/#\/schema\/logo\/image\/\"},\"sameAs\":[\"https:\/\/www.facebook.com\/GISCADLtd\",\"https:\/\/www.instagram.com\/giscadltd\/\",\"https:\/\/www.linkedin.com\/company\/giscad-ltd\/\",\"https:\/\/www.tiktok.com\/@giscadlimited\"]}]}<\/script>\n","yoast_head_json":{"title":"ZenduIT - Giscad Trinidad - es","description":"ZenduIt: Gesti\u00f3n flotas, Mobile Dispatch, Mantenimiento, ZenduCAM Z6. Optimiza despacho, seguimiento, mantenimiento y m\u00e1s.","robots":{"index":"index","follow":"follow","max-snippet":"max-snippet:-1","max-image-preview":"max-image-preview:large","max-video-preview":"max-video-preview:-1"},"canonical":"https:\/\/giscadlimited.com\/trinidad-es\/products\/fleet-management\/zenduit\/","og_locale":"en_US","og_type":"article","og_title":"ZenduIT - Giscad Trinidad - es","og_description":"ZenduIt: Gesti\u00f3n flotas, Mobile Dispatch, Mantenimiento, ZenduCAM Z6. Optimiza despacho, seguimiento, mantenimiento y m\u00e1s.","og_url":"https:\/\/giscadlimited.com\/trinidad-es\/products\/fleet-management\/zenduit\/","og_site_name":"Giscad Trinidad - es","article_publisher":"https:\/\/www.facebook.com\/GISCADLtd","article_modified_time":"2023-07-28T19:52:21+00:00","og_image":[{"width":400,"height":400,"url":"https:\/\/giscadlimited.com\/trinidad-es\/quo_storage\/sites\/3\/2023\/07\/Giscad-Seo.png","type":"image\/png"}],"twitter_card":"summary_large_image","twitter_misc":{"Est. reading time":"4 minutes"},"schema":{"@context":"https:\/\/schema.org","@graph":[{"@type":"WebPage","@id":"https:\/\/giscadlimited.com\/trinidad-es\/products\/fleet-management\/zenduit\/","url":"https:\/\/giscadlimited.com\/trinidad-es\/products\/fleet-management\/zenduit\/","name":"ZenduIT - Giscad Trinidad - es","isPartOf":{"@id":"https:\/\/giscadlimited.com\/trinidad-es\/#website"},"datePublished":"2023-06-23T10:26:19+00:00","dateModified":"2023-07-28T19:52:21+00:00","description":"ZenduIt: Gesti\u00f3n flotas, Mobile Dispatch, Mantenimiento, ZenduCAM Z6. Optimiza despacho, seguimiento, mantenimiento y m\u00e1s.","breadcrumb":{"@id":"https:\/\/giscadlimited.com\/trinidad-es\/products\/fleet-management\/zenduit\/#breadcrumb"},"inLanguage":"en-US","potentialAction":[{"@type":"ReadAction","target":["https:\/\/giscadlimited.com\/trinidad-es\/products\/fleet-management\/zenduit\/"]}]},{"@type":"BreadcrumbList","@id":"https:\/\/giscadlimited.com\/trinidad-es\/products\/fleet-management\/zenduit\/#breadcrumb","itemListElement":[{"@type":"ListItem","position":1,"name":"Home","item":"https:\/\/giscadlimited.com\/trinidad-es\/"},{"@type":"ListItem","position":2,"name":"Products","item":"https:\/\/giscadlimited.com\/trinidad-es\/products\/"},{"@type":"ListItem","position":3,"name":"Gesti\u00f3n de Flotas GeoTrac","item":"https:\/\/giscadlimited.com\/trinidad-es\/products\/fleet-management\/"},{"@type":"ListItem","position":4,"name":"ZenduIT"}]},{"@type":"WebSite","@id":"https:\/\/giscadlimited.com\/trinidad-es\/#website","url":"https:\/\/giscadlimited.com\/trinidad-es\/","name":"Giscad Trinidad - es","description":"","publisher":{"@id":"https:\/\/giscadlimited.com\/trinidad-es\/#organization"},"potentialAction":[{"@type":"SearchAction","target":{"@type":"EntryPoint","urlTemplate":"https:\/\/giscadlimited.com\/trinidad-es\/?s={search_term_string}"},"query-input":"required name=search_term_string"}],"inLanguage":"en-US"},{"@type":"Organization","@id":"https:\/\/giscadlimited.com\/trinidad-es\/#organization","name":"Giscad Trinidad - es","url":"https:\/\/giscadlimited.com\/trinidad-es\/","logo":{"@type":"ImageObject","inLanguage":"en-US","@id":"https:\/\/giscadlimited.com\/trinidad-es\/#\/schema\/logo\/image\/","url":"https:\/\/giscadlimited.com\/trinidad-es\/quo_storage\/sites\/3\/2023\/05\/logo.png","contentUrl":"https:\/\/giscadlimited.com\/trinidad-es\/quo_storage\/sites\/3\/2023\/05\/logo.png","width":188,"height":56,"caption":"Giscad Trinidad - es"},"image":{"@id":"https:\/\/giscadlimited.com\/trinidad-es\/#\/schema\/logo\/image\/"},"sameAs":["https:\/\/www.facebook.com\/GISCADLtd","https:\/\/www.instagram.com\/giscadltd\/","https:\/\/www.linkedin.com\/company\/giscad-ltd\/","https:\/\/www.tiktok.com\/@giscadlimited"]}]}},"_links":{"self":[{"href":"https:\/\/giscadlimited.com\/trinidad-es\/wp-json\/wp\/v2\/pages\/765"}],"collection":[{"href":"https:\/\/giscadlimited.com\/trinidad-es\/wp-json\/wp\/v2\/pages"}],"about":[{"href":"https:\/\/giscadlimited.com\/trinidad-es\/wp-json\/wp\/v2\/types\/page"}],"author":[{"embeddable":true,"href":"https:\/\/giscadlimited.com\/trinidad-es\/wp-json\/wp\/v2\/users\/1"}],"replies":[{"embeddable":true,"href":"https:\/\/giscadlimited.com\/trinidad-es\/wp-json\/wp\/v2\/comments?post=765"}],"version-history":[{"count":2,"href":"https:\/\/giscadlimited.com\/trinidad-es\/wp-json\/wp\/v2\/pages\/765\/revisions"}],"predecessor-version":[{"id":1971,"href":"https:\/\/giscadlimited.com\/trinidad-es\/wp-json\/wp\/v2\/pages\/765\/revisions\/1971"}],"up":[{"embeddable":true,"href":"https:\/\/giscadlimited.com\/trinidad-es\/wp-json\/wp\/v2\/pages\/650"}],"wp:featuredmedia":[{"embeddable":true,"href":"https:\/\/giscadlimited.com\/trinidad-es\/wp-json\/wp\/v2\/media\/2238"}],"wp:attachment":[{"href":"https:\/\/giscadlimited.com\/trinidad-es\/wp-json\/wp\/v2\/media?parent=765"}],"curies":[{"name":"wp","href":"https:\/\/api.w.org\/{rel}","templated":true}]}}