{"id":650,"date":"2023-06-22T11:54:24","date_gmt":"2023-06-22T11:54:24","guid":{"rendered":"https:\/\/giscadlimited.com\/trinidad\/?page_id=650"},"modified":"2023-08-03T13:39:55","modified_gmt":"2023-08-03T17:39:55","slug":"fleet-management","status":"publish","type":"page","link":"https:\/\/giscadlimited.com\/trinidad-es\/products\/fleet-management\/","title":{"rendered":"Gesti\u00f3n de Flotas GeoTrac"},"content":{"rendered":"<section class=\"l-section wpb_row us_custom_95aed080 fleet-management height_medium with_img\"><div class=\"l-section-img\" data-img-width=\"970\" data-img-height=\"663\" style=\"background-image: url(https:\/\/giscadlimited.com\/trinidad-es\/quo_storage\/sites\/3\/2023\/07\/Image-42.png);background-position: bottom right;background-repeat: no-repeat;background-size: auto;\"><\/div><div class=\"l-section-h i-cf\"><div class=\"g-cols vc_row via_grid cols_1 laptops-cols_inherit tablets-cols_inherit mobiles-cols_1 valign_top type_default stacking_default\"><div class=\"wpb_column vc_column_container\"><div class=\"vc_column-inner\">[vc_custom_heading text=&#8221;GESTI\u00d3N DE FLOTAS GEOTRAC&#8221; use_theme_fonts=&#8221;yes&#8221; css=&#8221;%7B%22default%22%3A%7B%22color%22%3A%22%23ffffff%22%2C%22padding-bottom%22%3A%2213px%22%7D%7D&#8221;]<div class=\"wpb_text_column us_custom_a402d4f2 has_text_color\"><div class=\"wpb_wrapper\"><p>GeoTrac es la principal soluci\u00f3n de gesti\u00f3n de activos y flotas del Caribe, impulsada por Geotab, Geoforce y ZenduIT. Esta soluci\u00f3n proporciona a los clientes todos los datos que necesitan para localizar, analizar y actuar. Proporcionando gesti\u00f3n a trav\u00e9s de la Medici\u00f3n.<\/p>\n<p>Comenzamos por comprender su negocio y descubrir exactamente lo que necesita. Luego, ajustamos su programa de administraci\u00f3n de flotas para brindarle la mejor tecnolog\u00eda, para reducir tanto los costos como el riesgo de la flota.<\/p>\n<\/div><\/div><div class=\"w-btn-wrapper align_none\"><a class=\"w-btn us-btn-style_2 us_custom_173c0608\" title=\"GeoTrac\" target=\"_blank\" href=\"https:\/\/geotracsolutions.com\/\" rel=\"noopener\"><span class=\"w-btn-label\">Leer M\u00e1s<\/span><\/a><\/div><\/div><\/div><\/div><\/div><\/section><section class=\"l-section wpb_row us_custom_0407ec5c Strategic-products height_medium\"><div class=\"l-section-h i-cf\"><div class=\"g-cols vc_row via_grid cols_1 laptops-cols_inherit tablets-cols_inherit mobiles-cols_1 valign_top type_default stacking_default\"><div class=\"wpb_column vc_column_container\"><div class=\"vc_column-inner\"><div class=\"g-cols wpb_row via_grid cols_1 laptops-cols_inherit tablets-cols_inherit mobiles-cols_1 valign_top type_default stacking_default\"><div class=\"wpb_column vc_column_container\"><div class=\"vc_column-inner\">[vc_custom_heading text=&#8221;Acerca de los socios de nuestras soluciones GeoTrac&#8221; use_theme_fonts=&#8221;yes&#8221; css=&#8221;%7B%22default%22%3A%7B%22color%22%3A%22%230063b0%22%2C%22padding-bottom%22%3A%2240px%22%7D%7D&#8221;]<\/div><\/div><\/div><div class=\"g-cols wpb_row us_custom_8d5aa4e2 leader-line via_grid cols_4 laptops-cols_inherit tablets-cols_inherit mobiles-cols_1 valign_top type_default stacking_default\" style=\"grid-gap:1.5rem;\"><div class=\"wpb_column vc_column_container us_custom_4edc36ef has_bg_color\"><div class=\"vc_column-inner\"><div class=\"w-image align_none\"><div class=\"w-image-h\"><img decoding=\"async\" width=\"440\" height=\"238\" src=\"https:\/\/giscadlimited.com\/trinidad-es\/quo_storage\/sites\/3\/2023\/07\/Geotab.png\" class=\"attachment-full size-full\" alt=\"\" srcset=\"https:\/\/giscadlimited.com\/trinidad-es\/quo_storage\/sites\/3\/2023\/07\/Geotab.png 440w, https:\/\/giscadlimited.com\/trinidad-es\/quo_storage\/sites\/3\/2023\/07\/Geotab-300x162.png 300w\" sizes=\"(max-width: 440px) 100vw, 440px\" \/><\/div><\/div><div class=\"w-vwrapper us_custom_5021b5c2 boxs_xd align_none valign_top\"><div class=\"w-hwrapper us_custom_574275d7 align_none valign_top\" style=\"--hwrapper-gap:1.25rem\">[vc_custom_heading text=&#8221;Geotab&#8221; font_container=&#8221;tag:h3|text_align:left&#8221; use_theme_fonts=&#8221;yes&#8221; css=&#8221;%7B%22default%22%3A%7B%22color%22%3A%22%23ffffff%22%2C%22padding-top%22%3A%228px%22%7D%7D&#8221;]<\/div><div class=\"wpb_text_column us_custom_6df4bc3a has_text_color\"><div class=\"wpb_wrapper\"><p>Soluci\u00f3n de gesti\u00f3n de flotas y activos basada en GPS.<\/p>\n<\/div><\/div><div class=\"w-btn-wrapper align_none\"><a class=\"w-btn us-btn-style_2 us_custom_d8efe0ce\" title=\"Geotab\" href=\"\/trinidad-es\/products\/fleet-management\/geotab\/\"><span class=\"w-btn-label\">Leer M\u00e1s<\/span><\/a><\/div><\/div><\/div><\/div><div class=\"wpb_column vc_column_container us_custom_dc769237 has_bg_color\"><div class=\"vc_column-inner\"><div class=\"w-image align_none\"><div class=\"w-image-h\"><img decoding=\"async\" width=\"440\" height=\"238\" src=\"https:\/\/giscadlimited.com\/trinidad-es\/quo_storage\/sites\/3\/2023\/07\/ZenduIT.png\" class=\"attachment-full size-full\" alt=\"\" srcset=\"https:\/\/giscadlimited.com\/trinidad-es\/quo_storage\/sites\/3\/2023\/07\/ZenduIT.png 440w, https:\/\/giscadlimited.com\/trinidad-es\/quo_storage\/sites\/3\/2023\/07\/ZenduIT-300x162.png 300w\" sizes=\"(max-width: 440px) 100vw, 440px\" \/><\/div><\/div><div class=\"w-vwrapper us_custom_5021b5c2 boxs_xd align_none valign_top\"><div class=\"w-hwrapper us_custom_574275d7 align_none valign_top\" style=\"--hwrapper-gap:1.25rem\">[vc_custom_heading text=&#8221;ZenduIT&#8221; font_container=&#8221;tag:h3|text_align:left&#8221; use_theme_fonts=&#8221;yes&#8221; css=&#8221;%7B%22default%22%3A%7B%22color%22%3A%22%23ffffff%22%2C%22padding-top%22%3A%228px%22%7D%7D&#8221;]<\/div><div class=\"wpb_text_column us_custom_6df4bc3a has_text_color\"><div class=\"wpb_wrapper\"><p>Potentes soluciones de IoT para flotas y servicios de campo.<\/p>\n<\/div><\/div><div class=\"w-btn-wrapper align_none\"><a class=\"w-btn us-btn-style_2 us_custom_d8efe0ce\" title=\"ZenduIT\" href=\"\/trinidad-es\/products\/fleet-management\/zenduit\/\"><span class=\"w-btn-label\">Leer M\u00e1s<\/span><\/a><\/div><\/div><\/div><\/div><div class=\"wpb_column vc_column_container us_custom_bdf0eeef thirdBox_ has_bg_color\"><div class=\"vc_column-inner\"><div class=\"w-image align_none\"><div class=\"w-image-h\"><img decoding=\"async\" width=\"440\" height=\"238\" src=\"https:\/\/giscadlimited.com\/trinidad-es\/quo_storage\/sites\/3\/2023\/07\/Geoforce.png\" class=\"attachment-full size-full\" alt=\"\" srcset=\"https:\/\/giscadlimited.com\/trinidad-es\/quo_storage\/sites\/3\/2023\/07\/Geoforce.png 440w, https:\/\/giscadlimited.com\/trinidad-es\/quo_storage\/sites\/3\/2023\/07\/Geoforce-300x162.png 300w\" sizes=\"(max-width: 440px) 100vw, 440px\" \/><\/div><\/div><div class=\"w-vwrapper us_custom_5021b5c2 align_none valign_top\"><div class=\"w-hwrapper us_custom_574275d7 align_none valign_top\" style=\"--hwrapper-gap:1.25rem\">[vc_custom_heading text=&#8221;Geoforce&#8221; font_container=&#8221;tag:h3|text_align:left&#8221; use_theme_fonts=&#8221;yes&#8221; css=&#8221;%7B%22default%22%3A%7B%22color%22%3A%22%23ffffff%22%2C%22padding-top%22%3A%228px%22%7D%7D&#8221;]<\/div><div class=\"wpb_text_column us_custom_6df4bc3a has_text_color\"><div class=\"wpb_wrapper\"><p>SEGUIMIENTO Y RASTREO PARA EQUIPOS SIN ALIMENTACI\u00d3N<\/p>\n<p>La soluci\u00f3n de rastreo GPS din\u00e1mico de Geoforce permite que las empresas de servicios de operaciones de campo, alquiler y operaci\u00f3n ahorren tiempo, mano de obra y costos de combustible.<\/p>\n<\/div><\/div><div class=\"w-btn-wrapper align_none\"><a class=\"w-btn us-btn-style_2 us_custom_d8efe0ce\" title=\"Geoforce\" href=\"\/trinidad-es\/products\/fleet-management\/geoforce\/\"><span class=\"w-btn-label\">Leer M\u00e1s<\/span><\/a><\/div><\/div><\/div><\/div><div class=\"wpb_column vc_column_container us_custom_af86f8ed has_bg_color\"><div class=\"vc_column-inner\"><div class=\"w-image align_none\"><div class=\"w-image-h\"><img decoding=\"async\" width=\"440\" height=\"238\" src=\"https:\/\/giscadlimited.com\/trinidad-es\/quo_storage\/sites\/3\/2023\/08\/FleetCam.png\" class=\"attachment-full size-full\" alt=\"\" srcset=\"https:\/\/giscadlimited.com\/trinidad-es\/quo_storage\/sites\/3\/2023\/08\/FleetCam.png 440w, https:\/\/giscadlimited.com\/trinidad-es\/quo_storage\/sites\/3\/2023\/08\/FleetCam-300x162.png 300w\" sizes=\"(max-width: 440px) 100vw, 440px\" \/><\/div><\/div><div class=\"w-vwrapper us_custom_5021b5c2 align_none valign_top\"><div class=\"w-hwrapper us_custom_574275d7 align_none valign_top\" style=\"--hwrapper-gap:1.25rem\">[vc_custom_heading text=&#8221;FleetCam&#8221; font_container=&#8221;tag:h3|text_align:left&#8221; use_theme_fonts=&#8221;yes&#8221; css=&#8221;%7B%22default%22%3A%7B%22color%22%3A%22%23ffffff%22%2C%22padding-top%22%3A%228px%22%7D%7D&#8221;]<\/div><div class=\"wpb_text_column us_custom_6df4bc3a has_text_color\"><div class=\"wpb_wrapper\"><p>Sistema de c\u00e1mara todo en uno para flotas de veh\u00edculos dise\u00f1ado para salvar vidas con asistencia al conductor con IA, notificaciones en la cabina y asesoramiento integrado sobre el comportamiento del conductor.<\/p>\n<\/div><\/div><div class=\"w-btn-wrapper align_none\"><a class=\"w-btn us-btn-style_2 us_custom_d8efe0ce\" title=\"FleetCam\" target=\"_blank\" href=\"https:\/\/www.fleetcam.com\/\" rel=\"noopener\"><span class=\"w-btn-label\">Leer M\u00e1s<\/span><\/a><\/div><\/div><\/div><\/div><\/div><\/div><\/div><\/div><\/div><\/section>\n","protected":false},"excerpt":{"rendered":"[vc_custom_heading text=\"GESTI\u00d3N DE FLOTAS GEOTRAC\" use_theme_fonts=\"yes\" css=\"%7B%22default%22%3A%7B%22color%22%3A%22%23ffffff%22%2C%22padding-bottom%22%3A%2213px%22%7D%7D\"]GeoTrac es la principal soluci\u00f3n de gesti\u00f3n de activos y flotas del Caribe, impulsada por Geotab, Geoforce y ZenduIT. Esta soluci\u00f3n proporciona a los clientes todos los datos que necesitan para localizar, analizar y actuar. Proporcionando gesti\u00f3n a trav\u00e9s de la Medici\u00f3n. Comenzamos por comprender su negocio y descubrir...","protected":false},"author":1,"featured_media":2238,"parent":1693,"menu_order":0,"comment_status":"closed","ping_status":"closed","template":"","meta":{"footnotes":""},"acf":[],"yoast_head":"\n<title>Gesti\u00f3n de Flotas GeoTrac - Giscad Trinidad - es<\/title>\n<meta name=\"description\" content=\"GeoTrac: Gesti\u00f3n de activos y flotas l\u00edder en el Caribe. Datos precisos para localizar, analizar y actuar. Optimice costos y riesgos de flotas.\" \/>\n<meta name=\"robots\" content=\"index, follow, max-snippet:-1, max-image-preview:large, max-video-preview:-1\" \/>\n<link rel=\"canonical\" href=\"https:\/\/giscadlimited.com\/trinidad-es\/products\/fleet-management\/\" \/>\n<meta property=\"og:locale\" content=\"en_US\" \/>\n<meta property=\"og:type\" content=\"article\" \/>\n<meta property=\"og:title\" content=\"Gesti\u00f3n de Flotas GeoTrac - Giscad Trinidad - es\" \/>\n<meta property=\"og:description\" content=\"GeoTrac: Gesti\u00f3n de activos y flotas l\u00edder en el Caribe. Datos precisos para localizar, analizar y actuar. Optimice costos y riesgos de flotas.\" \/>\n<meta property=\"og:url\" content=\"https:\/\/giscadlimited.com\/trinidad-es\/products\/fleet-management\/\" \/>\n<meta property=\"og:site_name\" content=\"Giscad Trinidad - es\" \/>\n<meta property=\"article:publisher\" content=\"https:\/\/www.facebook.com\/GISCADLtd\" \/>\n<meta property=\"article:modified_time\" content=\"2023-08-03T17:39:55+00:00\" \/>\n<meta property=\"og:image\" content=\"https:\/\/giscadlimited.com\/trinidad-es\/quo_storage\/sites\/3\/2023\/07\/Giscad-Seo.png\" \/>\n\t<meta property=\"og:image:width\" content=\"400\" \/>\n\t<meta property=\"og:image:height\" content=\"400\" \/>\n\t<meta property=\"og:image:type\" content=\"image\/png\" \/>\n<meta name=\"twitter:card\" content=\"summary_large_image\" \/>\n<meta name=\"twitter:label1\" content=\"Est. reading time\" \/>\n\t<meta name=\"twitter:data1\" content=\"2 minutes\" \/>\n<script type=\"application\/ld+json\" class=\"yoast-schema-graph\">{\"@context\":\"https:\/\/schema.org\",\"@graph\":[{\"@type\":\"WebPage\",\"@id\":\"https:\/\/giscadlimited.com\/trinidad-es\/products\/fleet-management\/\",\"url\":\"https:\/\/giscadlimited.com\/trinidad-es\/products\/fleet-management\/\",\"name\":\"Gesti\u00f3n de Flotas GeoTrac - Giscad Trinidad - es\",\"isPartOf\":{\"@id\":\"https:\/\/giscadlimited.com\/trinidad-es\/#website\"},\"datePublished\":\"2023-06-22T11:54:24+00:00\",\"dateModified\":\"2023-08-03T17:39:55+00:00\",\"description\":\"GeoTrac: Gesti\u00f3n de activos y flotas l\u00edder en el Caribe. Datos precisos para localizar, analizar y actuar. Optimice costos y riesgos de flotas.\",\"breadcrumb\":{\"@id\":\"https:\/\/giscadlimited.com\/trinidad-es\/products\/fleet-management\/#breadcrumb\"},\"inLanguage\":\"en-US\",\"potentialAction\":[{\"@type\":\"ReadAction\",\"target\":[\"https:\/\/giscadlimited.com\/trinidad-es\/products\/fleet-management\/\"]}]},{\"@type\":\"BreadcrumbList\",\"@id\":\"https:\/\/giscadlimited.com\/trinidad-es\/products\/fleet-management\/#breadcrumb\",\"itemListElement\":[{\"@type\":\"ListItem\",\"position\":1,\"name\":\"Home\",\"item\":\"https:\/\/giscadlimited.com\/trinidad-es\/\"},{\"@type\":\"ListItem\",\"position\":2,\"name\":\"Products\",\"item\":\"https:\/\/giscadlimited.com\/trinidad-es\/products\/\"},{\"@type\":\"ListItem\",\"position\":3,\"name\":\"Gesti\u00f3n de Flotas GeoTrac\"}]},{\"@type\":\"WebSite\",\"@id\":\"https:\/\/giscadlimited.com\/trinidad-es\/#website\",\"url\":\"https:\/\/giscadlimited.com\/trinidad-es\/\",\"name\":\"Giscad Trinidad - es\",\"description\":\"\",\"publisher\":{\"@id\":\"https:\/\/giscadlimited.com\/trinidad-es\/#organization\"},\"potentialAction\":[{\"@type\":\"SearchAction\",\"target\":{\"@type\":\"EntryPoint\",\"urlTemplate\":\"https:\/\/giscadlimited.com\/trinidad-es\/?s={search_term_string}\"},\"query-input\":\"required name=search_term_string\"}],\"inLanguage\":\"en-US\"},{\"@type\":\"Organization\",\"@id\":\"https:\/\/giscadlimited.com\/trinidad-es\/#organization\",\"name\":\"Giscad Trinidad - es\",\"url\":\"https:\/\/giscadlimited.com\/trinidad-es\/\",\"logo\":{\"@type\":\"ImageObject\",\"inLanguage\":\"en-US\",\"@id\":\"https:\/\/giscadlimited.com\/trinidad-es\/#\/schema\/logo\/image\/\",\"url\":\"https:\/\/giscadlimited.com\/trinidad-es\/quo_storage\/sites\/3\/2023\/05\/logo.png\",\"contentUrl\":\"https:\/\/giscadlimited.com\/trinidad-es\/quo_storage\/sites\/3\/2023\/05\/logo.png\",\"width\":188,\"height\":56,\"caption\":\"Giscad Trinidad - es\"},\"image\":{\"@id\":\"https:\/\/giscadlimited.com\/trinidad-es\/#\/schema\/logo\/image\/\"},\"sameAs\":[\"https:\/\/www.facebook.com\/GISCADLtd\",\"https:\/\/www.instagram.com\/giscadltd\/\",\"https:\/\/www.linkedin.com\/company\/giscad-ltd\/\",\"https:\/\/www.tiktok.com\/@giscadlimited\"]}]}<\/script>\n","yoast_head_json":{"title":"Gesti\u00f3n de Flotas GeoTrac - Giscad Trinidad - es","description":"GeoTrac: Gesti\u00f3n de activos y flotas l\u00edder en el Caribe. Datos precisos para localizar, analizar y actuar. Optimice costos y riesgos de flotas.","robots":{"index":"index","follow":"follow","max-snippet":"max-snippet:-1","max-image-preview":"max-image-preview:large","max-video-preview":"max-video-preview:-1"},"canonical":"https:\/\/giscadlimited.com\/trinidad-es\/products\/fleet-management\/","og_locale":"en_US","og_type":"article","og_title":"Gesti\u00f3n de Flotas GeoTrac - Giscad Trinidad - es","og_description":"GeoTrac: Gesti\u00f3n de activos y flotas l\u00edder en el Caribe. Datos precisos para localizar, analizar y actuar. Optimice costos y riesgos de flotas.","og_url":"https:\/\/giscadlimited.com\/trinidad-es\/products\/fleet-management\/","og_site_name":"Giscad Trinidad - es","article_publisher":"https:\/\/www.facebook.com\/GISCADLtd","article_modified_time":"2023-08-03T17:39:55+00:00","og_image":[{"width":400,"height":400,"url":"https:\/\/giscadlimited.com\/trinidad-es\/quo_storage\/sites\/3\/2023\/07\/Giscad-Seo.png","type":"image\/png"}],"twitter_card":"summary_large_image","twitter_misc":{"Est. reading time":"2 minutes"},"schema":{"@context":"https:\/\/schema.org","@graph":[{"@type":"WebPage","@id":"https:\/\/giscadlimited.com\/trinidad-es\/products\/fleet-management\/","url":"https:\/\/giscadlimited.com\/trinidad-es\/products\/fleet-management\/","name":"Gesti\u00f3n de Flotas GeoTrac - Giscad Trinidad - es","isPartOf":{"@id":"https:\/\/giscadlimited.com\/trinidad-es\/#website"},"datePublished":"2023-06-22T11:54:24+00:00","dateModified":"2023-08-03T17:39:55+00:00","description":"GeoTrac: Gesti\u00f3n de activos y flotas l\u00edder en el Caribe. Datos precisos para localizar, analizar y actuar. Optimice costos y riesgos de flotas.","breadcrumb":{"@id":"https:\/\/giscadlimited.com\/trinidad-es\/products\/fleet-management\/#breadcrumb"},"inLanguage":"en-US","potentialAction":[{"@type":"ReadAction","target":["https:\/\/giscadlimited.com\/trinidad-es\/products\/fleet-management\/"]}]},{"@type":"BreadcrumbList","@id":"https:\/\/giscadlimited.com\/trinidad-es\/products\/fleet-management\/#breadcrumb","itemListElement":[{"@type":"ListItem","position":1,"name":"Home","item":"https:\/\/giscadlimited.com\/trinidad-es\/"},{"@type":"ListItem","position":2,"name":"Products","item":"https:\/\/giscadlimited.com\/trinidad-es\/products\/"},{"@type":"ListItem","position":3,"name":"Gesti\u00f3n de Flotas GeoTrac"}]},{"@type":"WebSite","@id":"https:\/\/giscadlimited.com\/trinidad-es\/#website","url":"https:\/\/giscadlimited.com\/trinidad-es\/","name":"Giscad Trinidad - es","description":"","publisher":{"@id":"https:\/\/giscadlimited.com\/trinidad-es\/#organization"},"potentialAction":[{"@type":"SearchAction","target":{"@type":"EntryPoint","urlTemplate":"https:\/\/giscadlimited.com\/trinidad-es\/?s={search_term_string}"},"query-input":"required name=search_term_string"}],"inLanguage":"en-US"},{"@type":"Organization","@id":"https:\/\/giscadlimited.com\/trinidad-es\/#organization","name":"Giscad Trinidad - es","url":"https:\/\/giscadlimited.com\/trinidad-es\/","logo":{"@type":"ImageObject","inLanguage":"en-US","@id":"https:\/\/giscadlimited.com\/trinidad-es\/#\/schema\/logo\/image\/","url":"https:\/\/giscadlimited.com\/trinidad-es\/quo_storage\/sites\/3\/2023\/05\/logo.png","contentUrl":"https:\/\/giscadlimited.com\/trinidad-es\/quo_storage\/sites\/3\/2023\/05\/logo.png","width":188,"height":56,"caption":"Giscad Trinidad - es"},"image":{"@id":"https:\/\/giscadlimited.com\/trinidad-es\/#\/schema\/logo\/image\/"},"sameAs":["https:\/\/www.facebook.com\/GISCADLtd","https:\/\/www.instagram.com\/giscadltd\/","https:\/\/www.linkedin.com\/company\/giscad-ltd\/","https:\/\/www.tiktok.com\/@giscadlimited"]}]}},"_links":{"self":[{"href":"https:\/\/giscadlimited.com\/trinidad-es\/wp-json\/wp\/v2\/pages\/650"}],"collection":[{"href":"https:\/\/giscadlimited.com\/trinidad-es\/wp-json\/wp\/v2\/pages"}],"about":[{"href":"https:\/\/giscadlimited.com\/trinidad-es\/wp-json\/wp\/v2\/types\/page"}],"author":[{"embeddable":true,"href":"https:\/\/giscadlimited.com\/trinidad-es\/wp-json\/wp\/v2\/users\/1"}],"replies":[{"embeddable":true,"href":"https:\/\/giscadlimited.com\/trinidad-es\/wp-json\/wp\/v2\/comments?post=650"}],"version-history":[{"count":11,"href":"https:\/\/giscadlimited.com\/trinidad-es\/wp-json\/wp\/v2\/pages\/650\/revisions"}],"predecessor-version":[{"id":2263,"href":"https:\/\/giscadlimited.com\/trinidad-es\/wp-json\/wp\/v2\/pages\/650\/revisions\/2263"}],"up":[{"embeddable":true,"href":"https:\/\/giscadlimited.com\/trinidad-es\/wp-json\/wp\/v2\/pages\/1693"}],"wp:featuredmedia":[{"embeddable":true,"href":"https:\/\/giscadlimited.com\/trinidad-es\/wp-json\/wp\/v2\/media\/2238"}],"wp:attachment":[{"href":"https:\/\/giscadlimited.com\/trinidad-es\/wp-json\/wp\/v2\/media?parent=650"}],"curies":[{"name":"wp","href":"https:\/\/api.w.org\/{rel}","templated":true}]}}