{"id":492,"date":"2023-06-15T04:56:37","date_gmt":"2023-06-15T04:56:37","guid":{"rendered":"https:\/\/giscadlimited.com\/trinidad\/?page_id=31"},"modified":"2023-07-28T16:01:03","modified_gmt":"2023-07-28T20:01:03","slug":"services","status":"publish","type":"page","link":"https:\/\/giscadlimited.com\/trinidad-es\/services\/","title":{"rendered":"Servicios"},"content":{"rendered":"<section class=\"l-section wpb_row us_custom_82a2e955 service-product-section height_medium full_height valign_center with_img\"><div class=\"l-section-img\" data-img-width=\"1178\" data-img-height=\"663\" style=\"background-image: url(https:\/\/giscadlimited.com\/trinidad-es\/quo_storage\/sites\/3\/2023\/07\/Services-Main-Image.png);background-position: bottom right;background-repeat: no-repeat;background-size: contain;\"><\/div><div class=\"l-section-h i-cf\"><div class=\"g-cols vc_row via_grid cols_1 laptops-cols_inherit tablets-cols_inherit mobiles-cols_1 valign_middle type_default stacking_default\"><div class=\"wpb_column vc_column_container\"><div class=\"vc_column-inner\"><div class=\"g-cols wpb_row via_grid cols_1 laptops-cols_inherit tablets-cols_inherit mobiles-cols_1 valign_middle type_default stacking_default\"><div class=\"wpb_column vc_column_container\"><div class=\"vc_column-inner\">[vc_custom_heading text=&#8221;SERVICIOS&#8221; use_theme_fonts=&#8221;yes&#8221; css=&#8221;%7B%22default%22%3A%7B%22color%22%3A%22%23ffffff%22%7D%7D&#8221;][vc_custom_heading text=&#8221;Servicios Profesionales GIS&#8221; font_container=&#8221;tag:h3|text_align:left&#8221; use_theme_fonts=&#8221;yes&#8221; css=&#8221;%7B%22default%22%3A%7B%22color%22%3A%22%23ffffff%22%7D%7D&#8221;]<div class=\"wpb_text_column us_custom_5f03d1c0 has_text_color\"><div class=\"wpb_wrapper\"><p>GISCAD Ltd. ha brindado servicios de mapeo GIS durante 20 a\u00f1os.<\/p>\n<\/div><\/div><\/div><\/div><\/div><\/div><\/div><\/div><\/div><\/section><section class=\"l-section wpb_row us_custom_278d8c57 services-line-designx hide_on_tablets hide_on_mobiles height_medium\"><div class=\"l-section-h i-cf\"><div class=\"g-cols vc_row via_grid cols_1 laptops-cols_inherit tablets-cols_inherit mobiles-cols_1 valign_top type_default stacking_default\"><div class=\"wpb_column vc_column_container\"><div class=\"vc_column-inner\"><\/div><\/div><\/div><\/div><\/section><section class=\"l-section wpb_row us_custom_e534e394 Strategic-products service-line height_medium width_full\"><div class=\"l-section-h i-cf\"><div class=\"g-cols vc_row via_grid cols_1 laptops-cols_inherit tablets-cols_inherit mobiles-cols_1 valign_top type_default stacking_default\"><div class=\"wpb_column vc_column_container\"><div class=\"vc_column-inner\"><div class=\"g-cols wpb_row us_custom_2b389bae via_grid cols_2 laptops-cols_inherit tablets-cols_inherit mobiles-cols_1 valign_top type_default stacking_default\"><div class=\"wpb_column vc_column_container\"><div class=\"vc_column-inner\"><div class=\"wpb_text_column us_custom_1faf9d71 has_text_color\"><div class=\"wpb_wrapper\"><p>En GISCAD Ltd. contamos con una extensa base de datos de puntos de inter\u00e9s (POI) en todo el Caribe. Este consta de entidades sociales y comerciales con m\u00e1s de 140 categor\u00edas disponibles. Nuestro equipo est\u00e1 decidido a proporcionar los mejores datos posibles mediante iniciativas de captura de datos f\u00edsicos, extracci\u00f3n y limpieza de datos. Usamos esto junto con nuestra experiencia para apoyar el crecimiento de muchas empresas.<\/p>\n<\/div><\/div><\/div><\/div><div class=\"wpb_column vc_column_container\"><div class=\"vc_column-inner\"><div class=\"wpb_text_column us_custom_a097d056 has_text_color\"><div class=\"wpb_wrapper\"><p>Hemos completado muchos proyectos de geocodificaci\u00f3n que permitieron mapear las bases de datos de los clientes en funci\u00f3n del direccionamiento. Esto, junto con nuestra extensa base de datos de puntos de inter\u00e9s, nos permite realizar un an\u00e1lisis de brechas de mercado que ha demostrado aumentar los ingresos comerciales y respaldar el crecimiento general al destacar a los clientes potenciales.<\/p>\n<\/div><\/div><\/div><\/div><\/div><div class=\"g-cols wpb_row us_custom_6fb6d138 step-two-design via_grid cols_2 laptops-cols_inherit tablets-cols_inherit mobiles-cols_1 valign_middle type_default stacking_default\"><div class=\"wpb_column vc_column_container\"><div class=\"vc_column-inner\"><div class=\"w-image center-img align_none\"><div class=\"w-image-h\"><img decoding=\"async\" width=\"680\" height=\"510\" src=\"https:\/\/giscadlimited.com\/trinidad-es\/quo_storage\/sites\/3\/2023\/07\/GIS-Professional-Services-Services-1.png\" class=\"attachment-large size-large\" alt=\"\" srcset=\"https:\/\/giscadlimited.com\/trinidad-es\/quo_storage\/sites\/3\/2023\/07\/GIS-Professional-Services-Services-1.png 680w, https:\/\/giscadlimited.com\/trinidad-es\/quo_storage\/sites\/3\/2023\/07\/GIS-Professional-Services-Services-1-300x225.png 300w\" sizes=\"(max-width: 680px) 100vw, 680px\" \/><\/div><\/div><\/div><\/div><div class=\"wpb_column vc_column_container us_custom_bbdbcd49\"><div class=\"vc_column-inner\"><div class=\"wpb_text_column us_custom_a8a12f32 has_text_color\"><div class=\"wpb_wrapper\"><p>Nuestra experiencia en an\u00e1lisis geoespacial nos ha permitido combinar datos geogr\u00e1ficos con muchos otros tipos de datos, como demogr\u00e1ficos, socioecon\u00f3micos, estad\u00edsticos, etc. para visualizar informaci\u00f3n en forma de mapa para identificar patrones y relaciones que pueden pasar desapercibidos a trav\u00e9s de enfoques de an\u00e1lisis tradicionales.<\/p>\n<p>Hemos realizado muchas evaluaciones del sitio para establecimientos nuevos y existentes para utilizar el espacio y la ubicaci\u00f3n de manera responsable y creativa. Esto, junto con el an\u00e1lisis geoespacial, respalda un mayor acceso y conveniencia mientras se adapta a las necesidades de las comunidades locales circundantes.<\/p>\n<p>Nuestros especialistas GIS tienen experiencia en todos los aspectos de los servicios relacionados con GIS. Con nuestra amplia experiencia relacionada con la tierra y la topograf\u00eda combinada con nuestra experiencia en varios software GIS, hemos desarrollado e implementado muchos proyectos GIS basados en mapas. Nos especializamos en mapear cualquier tipo de detalles de gesti\u00f3n de tierras, como escrituras, derechos de paso, permisos y arrendamientos. Tambi\u00e9n somos bastante capaces de manejar y mapear cualquier activo terrestre que un cliente pueda desear.<\/p>\n<\/div><\/div><\/div><\/div><\/div><div class=\"g-cols wpb_row us_custom_76132eae zendu reverse-new-design via_grid cols_2 laptops-cols_inherit tablets-cols_inherit mobiles-cols_1 valign_middle type_default reversed stacking_default\"><div class=\"wpb_column vc_column_container us_custom_47296c00\"><div class=\"vc_column-inner\"><div class=\"wpb_text_column us_custom_a8a12f32 has_text_color\"><div class=\"wpb_wrapper\"><p>Nuestros t\u00e9cnicos e ingenieros internos son pilotos y entrenadores certificados de Delair Drone. Nos aseguramos de que los clientes reciban la capacitaci\u00f3n y el apoyo adecuados con la compra de sus drones. Hemos completado muchos levantamientos a\u00e9reos utilizando Delair Drones con Post-Processed Kinematic (PPK) para una precisi\u00f3n centim\u00e9trica con un uso m\u00ednimo de GCP. Nuestro equipo de posprocesamiento trabaja diligentemente para producir varios resultados deseados por el cliente en funci\u00f3n del prop\u00f3sito de la encuesta.<\/p>\n<p>Todos los especialistas en cartograf\u00eda\/GIS de GISCAD Ltd. tienen t\u00edtulos en geom\u00e1tica\/topograf\u00eda. Tambi\u00e9n tenemos miembros del equipo con t\u00edtulos en TI, Ingenier\u00eda Ambiental, Ciencias Agr\u00edcolas y Planificaci\u00f3n. Muchos especialistas de GISCAD Ltd tienen t\u00edtulos avanzados en GIS, gesti\u00f3n de proyectos y gesti\u00f3n ambiental.<\/p>\n<p>Nuestros proyectos anteriores incluyen digitalizaci\u00f3n, conversi\u00f3n de datos r\u00e1ster a vectoriales, georreferenciaci\u00f3n, an\u00e1lisis espacial avanzado, preparaci\u00f3n de mapas personalizados, conversi\u00f3n de tecnolog\u00edas antiguas a nuevas de Esri y m\u00e1s.<\/p>\n<p>Nuestras iniciativas para integrar GIS y an\u00e1lisis de negocios, nuestros proyectos anteriores incluyen geocodificaci\u00f3n, an\u00e1lisis de brechas de mercado, evaluaciones de sitios y mucho m\u00e1s.<\/p>\n<\/div><\/div><div class=\"w-btn-wrapper align_none\"><a class=\"w-btn us-btn-style_4 us_custom_d2199d32\" title=\"Geospatial\" href=\"\/trinidad-es\/products\/geospatial\/\"><span class=\"w-btn-label\">Ver Servicios<\/span><\/a><\/div><\/div><\/div><div class=\"wpb_column vc_column_container\"><div class=\"vc_column-inner\"><div class=\"w-image img100 center-img align_none\"><div class=\"w-image-h\"><img decoding=\"async\" width=\"680\" height=\"510\" src=\"https:\/\/giscadlimited.com\/trinidad-es\/quo_storage\/sites\/3\/2023\/07\/GIS-Professional-Services-Services-2.png\" class=\"attachment-full size-full\" alt=\"\" srcset=\"https:\/\/giscadlimited.com\/trinidad-es\/quo_storage\/sites\/3\/2023\/07\/GIS-Professional-Services-Services-2.png 680w, https:\/\/giscadlimited.com\/trinidad-es\/quo_storage\/sites\/3\/2023\/07\/GIS-Professional-Services-Services-2-300x225.png 300w\" sizes=\"(max-width: 680px) 100vw, 680px\" \/><\/div><\/div><\/div><\/div><\/div><\/div><\/div><\/div><\/div><\/section>\n","protected":false},"excerpt":{"rendered":"[vc_custom_heading text=\"SERVICIOS\" use_theme_fonts=\"yes\" css=\"%7B%22default%22%3A%7B%22color%22%3A%22%23ffffff%22%7D%7D\"][vc_custom_heading text=\"Servicios Profesionales GIS\" font_container=\"tag:h3|text_align:left\" use_theme_fonts=\"yes\" css=\"%7B%22default%22%3A%7B%22color%22%3A%22%23ffffff%22%7D%7D\"]GISCAD Ltd. ha brindado servicios de mapeo GIS durante 20 a\u00f1os. En GISCAD Ltd. contamos con una extensa base de datos de puntos de inter\u00e9s (POI) en todo el Caribe. Este consta de entidades sociales y comerciales con m\u00e1s de 140 categor\u00edas disponibles. Nuestro equipo est\u00e1...","protected":false},"author":1,"featured_media":2238,"parent":0,"menu_order":0,"comment_status":"closed","ping_status":"closed","template":"","meta":{"footnotes":""},"acf":[],"yoast_head":"\n<title>Servicios - Giscad Trinidad - es<\/title>\n<meta name=\"description\" content=\"GISCAD Ltd.: Base de datos extensa de puntos de inter\u00e9s en el Caribe. Impulsando el crecimiento con geocodificaci\u00f3n y an\u00e1lisis de brechas de mercado.\" \/>\n<meta name=\"robots\" content=\"index, follow, max-snippet:-1, max-image-preview:large, max-video-preview:-1\" \/>\n<link rel=\"canonical\" href=\"https:\/\/giscadlimited.com\/trinidad-es\/services\/\" \/>\n<meta property=\"og:locale\" content=\"en_US\" \/>\n<meta property=\"og:type\" content=\"article\" \/>\n<meta property=\"og:title\" content=\"Servicios - Giscad Trinidad - es\" \/>\n<meta property=\"og:description\" content=\"GISCAD Ltd.: Base de datos extensa de puntos de inter\u00e9s en el Caribe. Impulsando el crecimiento con geocodificaci\u00f3n y an\u00e1lisis de brechas de mercado.\" \/>\n<meta property=\"og:url\" content=\"https:\/\/giscadlimited.com\/trinidad-es\/services\/\" \/>\n<meta property=\"og:site_name\" content=\"Giscad Trinidad - es\" \/>\n<meta property=\"article:publisher\" content=\"https:\/\/www.facebook.com\/GISCADLtd\" \/>\n<meta property=\"article:modified_time\" content=\"2023-07-28T20:01:03+00:00\" \/>\n<meta property=\"og:image\" content=\"https:\/\/giscadlimited.com\/trinidad-es\/quo_storage\/sites\/3\/2023\/07\/Giscad-Seo.png\" \/>\n\t<meta property=\"og:image:width\" content=\"400\" \/>\n\t<meta property=\"og:image:height\" content=\"400\" \/>\n\t<meta property=\"og:image:type\" content=\"image\/png\" \/>\n<meta name=\"twitter:card\" content=\"summary_large_image\" \/>\n<meta name=\"twitter:label1\" content=\"Est. reading time\" \/>\n\t<meta name=\"twitter:data1\" content=\"3 minutes\" \/>\n<script type=\"application\/ld+json\" class=\"yoast-schema-graph\">{\"@context\":\"https:\/\/schema.org\",\"@graph\":[{\"@type\":\"WebPage\",\"@id\":\"https:\/\/giscadlimited.com\/trinidad-es\/services\/\",\"url\":\"https:\/\/giscadlimited.com\/trinidad-es\/services\/\",\"name\":\"Servicios - Giscad Trinidad - es\",\"isPartOf\":{\"@id\":\"https:\/\/giscadlimited.com\/trinidad-es\/#website\"},\"datePublished\":\"2023-06-15T04:56:37+00:00\",\"dateModified\":\"2023-07-28T20:01:03+00:00\",\"description\":\"GISCAD Ltd.: Base de datos extensa de puntos de inter\u00e9s en el Caribe. Impulsando el crecimiento con geocodificaci\u00f3n y an\u00e1lisis de brechas de mercado.\",\"breadcrumb\":{\"@id\":\"https:\/\/giscadlimited.com\/trinidad-es\/services\/#breadcrumb\"},\"inLanguage\":\"en-US\",\"potentialAction\":[{\"@type\":\"ReadAction\",\"target\":[\"https:\/\/giscadlimited.com\/trinidad-es\/services\/\"]}]},{\"@type\":\"BreadcrumbList\",\"@id\":\"https:\/\/giscadlimited.com\/trinidad-es\/services\/#breadcrumb\",\"itemListElement\":[{\"@type\":\"ListItem\",\"position\":1,\"name\":\"Home\",\"item\":\"https:\/\/giscadlimited.com\/trinidad-es\/\"},{\"@type\":\"ListItem\",\"position\":2,\"name\":\"Servicios\"}]},{\"@type\":\"WebSite\",\"@id\":\"https:\/\/giscadlimited.com\/trinidad-es\/#website\",\"url\":\"https:\/\/giscadlimited.com\/trinidad-es\/\",\"name\":\"Giscad Trinidad - es\",\"description\":\"\",\"publisher\":{\"@id\":\"https:\/\/giscadlimited.com\/trinidad-es\/#organization\"},\"potentialAction\":[{\"@type\":\"SearchAction\",\"target\":{\"@type\":\"EntryPoint\",\"urlTemplate\":\"https:\/\/giscadlimited.com\/trinidad-es\/?s={search_term_string}\"},\"query-input\":\"required name=search_term_string\"}],\"inLanguage\":\"en-US\"},{\"@type\":\"Organization\",\"@id\":\"https:\/\/giscadlimited.com\/trinidad-es\/#organization\",\"name\":\"Giscad Trinidad - es\",\"url\":\"https:\/\/giscadlimited.com\/trinidad-es\/\",\"logo\":{\"@type\":\"ImageObject\",\"inLanguage\":\"en-US\",\"@id\":\"https:\/\/giscadlimited.com\/trinidad-es\/#\/schema\/logo\/image\/\",\"url\":\"https:\/\/giscadlimited.com\/trinidad-es\/quo_storage\/sites\/3\/2023\/05\/logo.png\",\"contentUrl\":\"https:\/\/giscadlimited.com\/trinidad-es\/quo_storage\/sites\/3\/2023\/05\/logo.png\",\"width\":188,\"height\":56,\"caption\":\"Giscad Trinidad - es\"},\"image\":{\"@id\":\"https:\/\/giscadlimited.com\/trinidad-es\/#\/schema\/logo\/image\/\"},\"sameAs\":[\"https:\/\/www.facebook.com\/GISCADLtd\",\"https:\/\/www.instagram.com\/giscadltd\/\",\"https:\/\/www.linkedin.com\/company\/giscad-ltd\/\",\"https:\/\/www.tiktok.com\/@giscadlimited\"]}]}<\/script>\n","yoast_head_json":{"title":"Servicios - Giscad Trinidad - es","description":"GISCAD Ltd.: Base de datos extensa de puntos de inter\u00e9s en el Caribe. Impulsando el crecimiento con geocodificaci\u00f3n y an\u00e1lisis de brechas de mercado.","robots":{"index":"index","follow":"follow","max-snippet":"max-snippet:-1","max-image-preview":"max-image-preview:large","max-video-preview":"max-video-preview:-1"},"canonical":"https:\/\/giscadlimited.com\/trinidad-es\/services\/","og_locale":"en_US","og_type":"article","og_title":"Servicios - Giscad Trinidad - es","og_description":"GISCAD Ltd.: Base de datos extensa de puntos de inter\u00e9s en el Caribe. Impulsando el crecimiento con geocodificaci\u00f3n y an\u00e1lisis de brechas de mercado.","og_url":"https:\/\/giscadlimited.com\/trinidad-es\/services\/","og_site_name":"Giscad Trinidad - es","article_publisher":"https:\/\/www.facebook.com\/GISCADLtd","article_modified_time":"2023-07-28T20:01:03+00:00","og_image":[{"width":400,"height":400,"url":"https:\/\/giscadlimited.com\/trinidad-es\/quo_storage\/sites\/3\/2023\/07\/Giscad-Seo.png","type":"image\/png"}],"twitter_card":"summary_large_image","twitter_misc":{"Est. reading time":"3 minutes"},"schema":{"@context":"https:\/\/schema.org","@graph":[{"@type":"WebPage","@id":"https:\/\/giscadlimited.com\/trinidad-es\/services\/","url":"https:\/\/giscadlimited.com\/trinidad-es\/services\/","name":"Servicios - Giscad Trinidad - es","isPartOf":{"@id":"https:\/\/giscadlimited.com\/trinidad-es\/#website"},"datePublished":"2023-06-15T04:56:37+00:00","dateModified":"2023-07-28T20:01:03+00:00","description":"GISCAD Ltd.: Base de datos extensa de puntos de inter\u00e9s en el Caribe. Impulsando el crecimiento con geocodificaci\u00f3n y an\u00e1lisis de brechas de mercado.","breadcrumb":{"@id":"https:\/\/giscadlimited.com\/trinidad-es\/services\/#breadcrumb"},"inLanguage":"en-US","potentialAction":[{"@type":"ReadAction","target":["https:\/\/giscadlimited.com\/trinidad-es\/services\/"]}]},{"@type":"BreadcrumbList","@id":"https:\/\/giscadlimited.com\/trinidad-es\/services\/#breadcrumb","itemListElement":[{"@type":"ListItem","position":1,"name":"Home","item":"https:\/\/giscadlimited.com\/trinidad-es\/"},{"@type":"ListItem","position":2,"name":"Servicios"}]},{"@type":"WebSite","@id":"https:\/\/giscadlimited.com\/trinidad-es\/#website","url":"https:\/\/giscadlimited.com\/trinidad-es\/","name":"Giscad Trinidad - es","description":"","publisher":{"@id":"https:\/\/giscadlimited.com\/trinidad-es\/#organization"},"potentialAction":[{"@type":"SearchAction","target":{"@type":"EntryPoint","urlTemplate":"https:\/\/giscadlimited.com\/trinidad-es\/?s={search_term_string}"},"query-input":"required name=search_term_string"}],"inLanguage":"en-US"},{"@type":"Organization","@id":"https:\/\/giscadlimited.com\/trinidad-es\/#organization","name":"Giscad Trinidad - es","url":"https:\/\/giscadlimited.com\/trinidad-es\/","logo":{"@type":"ImageObject","inLanguage":"en-US","@id":"https:\/\/giscadlimited.com\/trinidad-es\/#\/schema\/logo\/image\/","url":"https:\/\/giscadlimited.com\/trinidad-es\/quo_storage\/sites\/3\/2023\/05\/logo.png","contentUrl":"https:\/\/giscadlimited.com\/trinidad-es\/quo_storage\/sites\/3\/2023\/05\/logo.png","width":188,"height":56,"caption":"Giscad Trinidad - es"},"image":{"@id":"https:\/\/giscadlimited.com\/trinidad-es\/#\/schema\/logo\/image\/"},"sameAs":["https:\/\/www.facebook.com\/GISCADLtd","https:\/\/www.instagram.com\/giscadltd\/","https:\/\/www.linkedin.com\/company\/giscad-ltd\/","https:\/\/www.tiktok.com\/@giscadlimited"]}]}},"_links":{"self":[{"href":"https:\/\/giscadlimited.com\/trinidad-es\/wp-json\/wp\/v2\/pages\/492"}],"collection":[{"href":"https:\/\/giscadlimited.com\/trinidad-es\/wp-json\/wp\/v2\/pages"}],"about":[{"href":"https:\/\/giscadlimited.com\/trinidad-es\/wp-json\/wp\/v2\/types\/page"}],"author":[{"embeddable":true,"href":"https:\/\/giscadlimited.com\/trinidad-es\/wp-json\/wp\/v2\/users\/1"}],"replies":[{"embeddable":true,"href":"https:\/\/giscadlimited.com\/trinidad-es\/wp-json\/wp\/v2\/comments?post=492"}],"version-history":[{"count":6,"href":"https:\/\/giscadlimited.com\/trinidad-es\/wp-json\/wp\/v2\/pages\/492\/revisions"}],"predecessor-version":[{"id":2236,"href":"https:\/\/giscadlimited.com\/trinidad-es\/wp-json\/wp\/v2\/pages\/492\/revisions\/2236"}],"wp:featuredmedia":[{"embeddable":true,"href":"https:\/\/giscadlimited.com\/trinidad-es\/wp-json\/wp\/v2\/media\/2238"}],"wp:attachment":[{"href":"https:\/\/giscadlimited.com\/trinidad-es\/wp-json\/wp\/v2\/media?parent=492"}],"curies":[{"name":"wp","href":"https:\/\/api.w.org\/{rel}","templated":true}]}}