{"id":1668,"date":"2023-06-30T09:41:32","date_gmt":"2023-06-30T09:41:32","guid":{"rendered":"https:\/\/giscadlimited.com\/trinidad\/?page_id=1668"},"modified":"2023-08-03T13:00:55","modified_gmt":"2023-08-03T17:00:55","slug":"autodesk-civil-3d","status":"publish","type":"page","link":"https:\/\/giscadlimited.com\/trinidad-es\/products\/autodesk-civil-3d\/","title":{"rendered":"Autodesk Civil 3D"},"content":{"rendered":"<section class=\"l-section wpb_row us_custom_6458fb23 hero-product-section autodesk_banner bg-contain height_large with_img\"><div class=\"l-section-img\" data-img-width=\"1121\" data-img-height=\"663\" style=\"background-image: url(https:\/\/giscadlimited.com\/trinidad-es\/quo_storage\/sites\/3\/2023\/07\/Image-32.png);background-position: center right;background-repeat: no-repeat;\"><\/div><div class=\"l-section-h i-cf\"><div class=\"g-cols vc_row via_grid cols_1 laptops-cols_inherit tablets-cols_inherit mobiles-cols_1 valign_top type_default stacking_default\"><div class=\"wpb_column vc_column_container us_custom_e28183d5\"><div class=\"vc_column-inner\"><div class=\"g-cols wpb_row via_grid cols_1 laptops-cols_inherit tablets-cols_inherit mobiles-cols_1 valign_top type_default stacking_default\"><div class=\"wpb_column vc_column_container\"><div class=\"vc_column-inner\"><div class=\"wpb_text_column us_custom_6315d443 banner_heading has_text_color\"><div class=\"wpb_wrapper\"><h2><img decoding=\"async\" class=\"alignnone size-medium wp-image-317\" src=\"\/trinidad-es\/wp-content\/uploads\/sites\/3\/2023\/07\/Autodesk-Icon.png\" alt=\"\" width=\"300\" height=\"35\" \/> CIVIL 3D<\/h2>\n<\/div><\/div><div class=\"wpb_text_column us_custom_ae63d117 has_text_color\"><div class=\"wpb_wrapper\"><p>El software de dise\u00f1o de ingenier\u00eda civil Civil 3D\u00ae es compatible con BIM (modelado de informaci\u00f3n de construcci\u00f3n) con funciones integradas para mejorar la redacci\u00f3n, el dise\u00f1o y la documentaci\u00f3n de construcci\u00f3n.<\/p>\n<p>Llevar a cabo estudios de dise\u00f1o de clasificaci\u00f3n basados \u200b\u200ben las limitaciones del proyecto. La optimizaci\u00f3n de explanaci\u00f3n est\u00e1 disponible en Civil 3D solo como parte de la Colecci\u00f3n de arquitectura, ingenier\u00eda y construcci\u00f3n.<\/p>\n<\/div><\/div><\/div><\/div><\/div><\/div><\/div><\/div><\/div><\/section><section class=\"l-section wpb_row us_custom_97c938fe imageBoxleft purple-bg red-bg autodesk_info big-g height_medium width_custom\" style=\"--site-content-width:1920px;\"><div class=\"l-section-h i-cf\"><div class=\"g-cols vc_row via_grid cols_1 laptops-cols_inherit tablets-cols_inherit mobiles-cols_1 valign_middle type_default stacking_default\" style=\"grid-gap:0px;\"><div class=\"wpb_column vc_column_container\"><div class=\"vc_column-inner\"><div class=\"g-cols wpb_row us_custom_7e3d1ef0 via_grid cols_2 laptops-cols_inherit tablets-cols_inherit mobiles-cols_1 valign_middle type_default stacking_default\" style=\"grid-gap:0rem;\"><div class=\"wpb_column vc_column_container us_custom_e8a1f43c BoxLeftImage\"><div class=\"vc_column-inner\"><div class=\"w-image align_none\"><div class=\"w-image-h\"><img decoding=\"async\" width=\"775\" height=\"696\" src=\"https:\/\/giscadlimited.com\/trinidad-es\/quo_storage\/sites\/3\/2023\/07\/7b9535dcbb0fe8759960e458361e1fc9.jpg\" class=\"attachment-large size-large\" alt=\"\" srcset=\"https:\/\/giscadlimited.com\/trinidad-es\/quo_storage\/sites\/3\/2023\/07\/7b9535dcbb0fe8759960e458361e1fc9.jpg 775w, https:\/\/giscadlimited.com\/trinidad-es\/quo_storage\/sites\/3\/2023\/07\/7b9535dcbb0fe8759960e458361e1fc9-300x269.jpg 300w\" sizes=\"(max-width: 775px) 100vw, 775px\" \/><\/div><\/div><\/div><\/div><div class=\"wpb_column vc_column_container us_custom_23676f47 boxWidths\"><div class=\"vc_column-inner\"><div id=\"ultimate-heading-483069e175e27ba0b\" class=\"uvc-heading ult-adjust-bottom-margin ultimate-heading-483069e175e27ba0b uvc-2887 sec_heading\" data-hspacer=\"no_spacer\"  data-halign=\"left\" style=\"text-align:left\"><div class=\"uvc-heading-spacer no_spacer\" style=\"top\"><\/div><div class=\"uvc-main-heading ult-responsive\"  data-ultimate-target='.uvc-heading.ultimate-heading-483069e175e27ba0b h2'  data-responsive-json-new='{\"font-size\":\"desktop:25px;tablet:20px;tablet_portrait:20px;mobile_landscape:20px;mobile:20px;\",\"line-height\":\"desktop:43px;tablet:43px;tablet_portrait:38px;mobile_landscape:38px;mobile:38px;\"}' ><h2 style=\"font-weight:normal;color:#ffffff;margin-bottom:30px;\">M\u00e1s Informaci\u00f3n:<\/h2><\/div><\/div><div class=\"wpb_text_column us_custom_6df4bc3a body_text has_text_color\"><div class=\"wpb_wrapper\"><ul>\n<li>Automatice las tareas de calificaci\u00f3n que consumen mucho tiempo.<\/li>\n<li>Explore alternativas para lograr una soluci\u00f3n de clasificaci\u00f3n \u00f3ptima.<\/li>\n<li>Devuelva la propuesta de explanaci\u00f3n seleccionada a Civil 3D para un dise\u00f1o detallado.<\/li>\n<li>Transforme la forma en que navega, visualiza e interact\u00faa con los modelos de dise\u00f1o de Civil 3D. Project Explorer es una extensi\u00f3n disponible en Civil 3D solo a trav\u00e9s de la Colecci\u00f3n de Arquitectura, Ingenier\u00eda y Construcci\u00f3n.<\/li>\n<li>Simplifique la revisi\u00f3n y modificaci\u00f3n del dise\u00f1o.<\/li>\n<li>Valide de manera eficiente que se cumplan los objetivos de dise\u00f1o.<\/li>\n<li>Automatice la generaci\u00f3n de informes y tablas personalizados.<\/li>\n<\/ul>\n<\/div><\/div><div class=\"w-btn-wrapper align_left\"><a class=\"w-btn us-btn-style_2 us_custom_1b9921f1\" title=\"Get In Touch\" href=\"\/trinidad-es\/get-in-touch\/#get-a-quote\"><span class=\"w-btn-label\">Obtenga una Cotizaci\u00f3n<\/span><\/a><\/div><\/div><\/div><\/div><\/div><\/div><\/div><\/div><\/section>\n","protected":false},"excerpt":{"rendered":"CIVIL 3D El software de dise\u00f1o de ingenier\u00eda civil Civil 3D\u00ae es compatible con BIM (modelado de informaci\u00f3n de construcci\u00f3n) con funciones integradas para mejorar la redacci\u00f3n, el dise\u00f1o y la documentaci\u00f3n de construcci\u00f3n. Llevar a cabo estudios de dise\u00f1o de clasificaci\u00f3n basados \u200b\u200ben las limitaciones del proyecto. La optimizaci\u00f3n de explanaci\u00f3n est\u00e1 disponible en...","protected":false},"author":1,"featured_media":0,"parent":1693,"menu_order":0,"comment_status":"closed","ping_status":"closed","template":"","meta":{"footnotes":""},"acf":[],"yoast_head":"\n<title>Autodesk Civil 3D - Giscad Trinidad - es<\/title>\n<meta name=\"robots\" content=\"index, follow, max-snippet:-1, max-image-preview:large, max-video-preview:-1\" \/>\n<link rel=\"canonical\" href=\"https:\/\/giscadlimited.com\/trinidad-es\/products\/autodesk-civil-3d\/\" \/>\n<meta property=\"og:locale\" content=\"en_US\" \/>\n<meta property=\"og:type\" content=\"article\" \/>\n<meta property=\"og:title\" content=\"Autodesk Civil 3D - Giscad Trinidad - es\" \/>\n<meta property=\"og:url\" content=\"https:\/\/giscadlimited.com\/trinidad-es\/products\/autodesk-civil-3d\/\" \/>\n<meta property=\"og:site_name\" content=\"Giscad Trinidad - es\" \/>\n<meta property=\"article:publisher\" content=\"https:\/\/www.facebook.com\/GISCADLtd\" \/>\n<meta property=\"article:modified_time\" content=\"2023-08-03T17:00:55+00:00\" \/>\n<meta name=\"twitter:card\" content=\"summary_large_image\" \/>\n<meta name=\"twitter:label1\" content=\"Est. reading time\" \/>\n\t<meta name=\"twitter:data1\" content=\"2 minutes\" \/>\n<script type=\"application\/ld+json\" class=\"yoast-schema-graph\">{\"@context\":\"https:\/\/schema.org\",\"@graph\":[{\"@type\":\"WebPage\",\"@id\":\"https:\/\/giscadlimited.com\/trinidad-es\/products\/autodesk-civil-3d\/\",\"url\":\"https:\/\/giscadlimited.com\/trinidad-es\/products\/autodesk-civil-3d\/\",\"name\":\"Autodesk Civil 3D - Giscad Trinidad - es\",\"isPartOf\":{\"@id\":\"https:\/\/giscadlimited.com\/trinidad-es\/#website\"},\"datePublished\":\"2023-06-30T09:41:32+00:00\",\"dateModified\":\"2023-08-03T17:00:55+00:00\",\"breadcrumb\":{\"@id\":\"https:\/\/giscadlimited.com\/trinidad-es\/products\/autodesk-civil-3d\/#breadcrumb\"},\"inLanguage\":\"en-US\",\"potentialAction\":[{\"@type\":\"ReadAction\",\"target\":[\"https:\/\/giscadlimited.com\/trinidad-es\/products\/autodesk-civil-3d\/\"]}]},{\"@type\":\"BreadcrumbList\",\"@id\":\"https:\/\/giscadlimited.com\/trinidad-es\/products\/autodesk-civil-3d\/#breadcrumb\",\"itemListElement\":[{\"@type\":\"ListItem\",\"position\":1,\"name\":\"Home\",\"item\":\"https:\/\/giscadlimited.com\/trinidad-es\/\"},{\"@type\":\"ListItem\",\"position\":2,\"name\":\"Products\",\"item\":\"https:\/\/giscadlimited.com\/trinidad-es\/products\/\"},{\"@type\":\"ListItem\",\"position\":3,\"name\":\"Autodesk Civil 3D\"}]},{\"@type\":\"WebSite\",\"@id\":\"https:\/\/giscadlimited.com\/trinidad-es\/#website\",\"url\":\"https:\/\/giscadlimited.com\/trinidad-es\/\",\"name\":\"Giscad Trinidad - es\",\"description\":\"\",\"publisher\":{\"@id\":\"https:\/\/giscadlimited.com\/trinidad-es\/#organization\"},\"potentialAction\":[{\"@type\":\"SearchAction\",\"target\":{\"@type\":\"EntryPoint\",\"urlTemplate\":\"https:\/\/giscadlimited.com\/trinidad-es\/?s={search_term_string}\"},\"query-input\":\"required name=search_term_string\"}],\"inLanguage\":\"en-US\"},{\"@type\":\"Organization\",\"@id\":\"https:\/\/giscadlimited.com\/trinidad-es\/#organization\",\"name\":\"Giscad Trinidad - es\",\"url\":\"https:\/\/giscadlimited.com\/trinidad-es\/\",\"logo\":{\"@type\":\"ImageObject\",\"inLanguage\":\"en-US\",\"@id\":\"https:\/\/giscadlimited.com\/trinidad-es\/#\/schema\/logo\/image\/\",\"url\":\"https:\/\/giscadlimited.com\/trinidad-es\/quo_storage\/sites\/3\/2023\/05\/logo.png\",\"contentUrl\":\"https:\/\/giscadlimited.com\/trinidad-es\/quo_storage\/sites\/3\/2023\/05\/logo.png\",\"width\":188,\"height\":56,\"caption\":\"Giscad Trinidad - es\"},\"image\":{\"@id\":\"https:\/\/giscadlimited.com\/trinidad-es\/#\/schema\/logo\/image\/\"},\"sameAs\":[\"https:\/\/www.facebook.com\/GISCADLtd\",\"https:\/\/www.instagram.com\/giscadltd\/\",\"https:\/\/www.linkedin.com\/company\/giscad-ltd\/\",\"https:\/\/www.tiktok.com\/@giscadlimited\"]}]}<\/script>\n","yoast_head_json":{"title":"Autodesk Civil 3D - Giscad Trinidad - es","robots":{"index":"index","follow":"follow","max-snippet":"max-snippet:-1","max-image-preview":"max-image-preview:large","max-video-preview":"max-video-preview:-1"},"canonical":"https:\/\/giscadlimited.com\/trinidad-es\/products\/autodesk-civil-3d\/","og_locale":"en_US","og_type":"article","og_title":"Autodesk Civil 3D - Giscad Trinidad - es","og_url":"https:\/\/giscadlimited.com\/trinidad-es\/products\/autodesk-civil-3d\/","og_site_name":"Giscad Trinidad - es","article_publisher":"https:\/\/www.facebook.com\/GISCADLtd","article_modified_time":"2023-08-03T17:00:55+00:00","twitter_card":"summary_large_image","twitter_misc":{"Est. reading time":"2 minutes"},"schema":{"@context":"https:\/\/schema.org","@graph":[{"@type":"WebPage","@id":"https:\/\/giscadlimited.com\/trinidad-es\/products\/autodesk-civil-3d\/","url":"https:\/\/giscadlimited.com\/trinidad-es\/products\/autodesk-civil-3d\/","name":"Autodesk Civil 3D - Giscad Trinidad - es","isPartOf":{"@id":"https:\/\/giscadlimited.com\/trinidad-es\/#website"},"datePublished":"2023-06-30T09:41:32+00:00","dateModified":"2023-08-03T17:00:55+00:00","breadcrumb":{"@id":"https:\/\/giscadlimited.com\/trinidad-es\/products\/autodesk-civil-3d\/#breadcrumb"},"inLanguage":"en-US","potentialAction":[{"@type":"ReadAction","target":["https:\/\/giscadlimited.com\/trinidad-es\/products\/autodesk-civil-3d\/"]}]},{"@type":"BreadcrumbList","@id":"https:\/\/giscadlimited.com\/trinidad-es\/products\/autodesk-civil-3d\/#breadcrumb","itemListElement":[{"@type":"ListItem","position":1,"name":"Home","item":"https:\/\/giscadlimited.com\/trinidad-es\/"},{"@type":"ListItem","position":2,"name":"Products","item":"https:\/\/giscadlimited.com\/trinidad-es\/products\/"},{"@type":"ListItem","position":3,"name":"Autodesk Civil 3D"}]},{"@type":"WebSite","@id":"https:\/\/giscadlimited.com\/trinidad-es\/#website","url":"https:\/\/giscadlimited.com\/trinidad-es\/","name":"Giscad Trinidad - es","description":"","publisher":{"@id":"https:\/\/giscadlimited.com\/trinidad-es\/#organization"},"potentialAction":[{"@type":"SearchAction","target":{"@type":"EntryPoint","urlTemplate":"https:\/\/giscadlimited.com\/trinidad-es\/?s={search_term_string}"},"query-input":"required name=search_term_string"}],"inLanguage":"en-US"},{"@type":"Organization","@id":"https:\/\/giscadlimited.com\/trinidad-es\/#organization","name":"Giscad Trinidad - es","url":"https:\/\/giscadlimited.com\/trinidad-es\/","logo":{"@type":"ImageObject","inLanguage":"en-US","@id":"https:\/\/giscadlimited.com\/trinidad-es\/#\/schema\/logo\/image\/","url":"https:\/\/giscadlimited.com\/trinidad-es\/quo_storage\/sites\/3\/2023\/05\/logo.png","contentUrl":"https:\/\/giscadlimited.com\/trinidad-es\/quo_storage\/sites\/3\/2023\/05\/logo.png","width":188,"height":56,"caption":"Giscad Trinidad - es"},"image":{"@id":"https:\/\/giscadlimited.com\/trinidad-es\/#\/schema\/logo\/image\/"},"sameAs":["https:\/\/www.facebook.com\/GISCADLtd","https:\/\/www.instagram.com\/giscadltd\/","https:\/\/www.linkedin.com\/company\/giscad-ltd\/","https:\/\/www.tiktok.com\/@giscadlimited"]}]}},"_links":{"self":[{"href":"https:\/\/giscadlimited.com\/trinidad-es\/wp-json\/wp\/v2\/pages\/1668"}],"collection":[{"href":"https:\/\/giscadlimited.com\/trinidad-es\/wp-json\/wp\/v2\/pages"}],"about":[{"href":"https:\/\/giscadlimited.com\/trinidad-es\/wp-json\/wp\/v2\/types\/page"}],"author":[{"embeddable":true,"href":"https:\/\/giscadlimited.com\/trinidad-es\/wp-json\/wp\/v2\/users\/1"}],"replies":[{"embeddable":true,"href":"https:\/\/giscadlimited.com\/trinidad-es\/wp-json\/wp\/v2\/comments?post=1668"}],"version-history":[{"count":3,"href":"https:\/\/giscadlimited.com\/trinidad-es\/wp-json\/wp\/v2\/pages\/1668\/revisions"}],"predecessor-version":[{"id":2256,"href":"https:\/\/giscadlimited.com\/trinidad-es\/wp-json\/wp\/v2\/pages\/1668\/revisions\/2256"}],"up":[{"embeddable":true,"href":"https:\/\/giscadlimited.com\/trinidad-es\/wp-json\/wp\/v2\/pages\/1693"}],"wp:attachment":[{"href":"https:\/\/giscadlimited.com\/trinidad-es\/wp-json\/wp\/v2\/media?parent=1668"}],"curies":[{"name":"wp","href":"https:\/\/api.w.org\/{rel}","templated":true}]}}