{"id":1642,"date":"2023-06-30T07:10:54","date_gmt":"2023-06-30T07:10:54","guid":{"rendered":"https:\/\/giscadlimited.com\/trinidad\/?page_id=1642"},"modified":"2023-08-03T13:04:24","modified_gmt":"2023-08-03T17:04:24","slug":"autodesk-recap-pro","status":"publish","type":"page","link":"https:\/\/giscadlimited.com\/trinidad-es\/products\/autodesk-recap-pro\/","title":{"rendered":"Autodesk Recap Pro"},"content":{"rendered":"<section class=\"l-section wpb_row us_custom_84ca99a0 lt-suite-page height_medium full_height valign_center with_img\"><div class=\"l-section-img\" data-img-width=\"1798\" data-img-height=\"663\" style=\"background-image: url(https:\/\/giscadlimited.com\/trinidad-es\/quo_storage\/sites\/3\/2023\/07\/Image-33-1.png);background-position: bottom right;background-repeat: no-repeat;background-size: auto;\"><\/div><div class=\"l-section-h i-cf\"><div class=\"g-cols vc_row via_grid cols_1 laptops-cols_inherit tablets-cols_inherit mobiles-cols_1 valign_top type_default stacking_default\"><div class=\"wpb_column vc_column_container\"><div class=\"vc_column-inner\"><div class=\"g-cols wpb_row via_grid cols_1 laptops-cols_inherit tablets-cols_inherit mobiles-cols_1 valign_middle type_default stacking_default\"><div class=\"wpb_column vc_column_container\"><div class=\"vc_column-inner\"><div class=\"wpb_text_column us_custom_2b4f2f2f banner_heading has_text_color\"><div class=\"wpb_wrapper\"><h2><img decoding=\"async\" class=\"alignnone size-medium wp-image-317\" src=\"\/trinidad-es\/wp-content\/uploads\/sites\/3\/2023\/07\/Autodesk-Icon.png\" alt=\"\" width=\"300\" height=\"35\" \/>RECAP PRO<\/h2>\n<\/div><\/div><div class=\"wpb_text_column us_custom_01c2bb5b has_text_color\"><div class=\"wpb_wrapper\"><p>Utilice el software de escaneo 3D ReCap\u2122 Pro para transformar el mundo f\u00edsico en un activo digital. Con los datos de captura de la realidad, puede comprender y verificar mejor las condiciones existentes y construidas para obtener informaci\u00f3n y tomar mejores decisiones.<\/p>\n<p>Importe escaneos l\u00e1ser y fotograf\u00edas con ReCap Pro para generar una nube de puntos o una malla en apoyo de los procesos BIM (modelado de informaci\u00f3n de construcci\u00f3n) y colabore entre equipos con contexto del mundo real para admitir una amplia gama de casos de uso en arquitectura, ingenier\u00eda y construcci\u00f3n.<\/p>\n<p>ReCap Photo, un servicio basado en la nube de ReCap Pro, procesa fotograf\u00edas de drones para crear representaciones digitales de las condiciones actuales. Estas representaciones se pueden usar en herramientas BIM para crear modelos de concepci\u00f3n 3D basados \u200b\u200ben el contexto del mundo real.<\/p>\n<\/div><\/div><div class=\"w-btn-wrapper default_align_none laptops_align_none tablets_align_none mobiles_align_center\"><a class=\"w-btn us-btn-style_2\" title=\"Get In Touch\" href=\"\/trinidad-es\/get-in-touch\/#get-a-quote\"><span class=\"w-btn-label\">Obtenga una Cotizaci\u00f3n<\/span><\/a><\/div><\/div><\/div><\/div><\/div><\/div><\/div><\/div><\/section>\n","protected":false},"excerpt":{"rendered":"RECAP PRO Utilice el software de escaneo 3D ReCap\u2122 Pro para transformar el mundo f\u00edsico en un activo digital. Con los datos de captura de la realidad, puede comprender y verificar mejor las condiciones existentes y construidas para obtener informaci\u00f3n y tomar mejores decisiones. Importe escaneos l\u00e1ser y fotograf\u00edas con ReCap Pro para generar una...","protected":false},"author":1,"featured_media":0,"parent":1693,"menu_order":0,"comment_status":"closed","ping_status":"closed","template":"","meta":{"footnotes":""},"acf":[],"yoast_head":"\n<title>Autodesk Recap Pro - Giscad Trinidad - es<\/title>\n<meta name=\"robots\" content=\"index, follow, max-snippet:-1, max-image-preview:large, max-video-preview:-1\" \/>\n<link rel=\"canonical\" href=\"https:\/\/giscadlimited.com\/trinidad-es\/products\/autodesk-recap-pro\/\" \/>\n<meta property=\"og:locale\" content=\"en_US\" \/>\n<meta property=\"og:type\" content=\"article\" \/>\n<meta property=\"og:title\" content=\"Autodesk Recap Pro - Giscad Trinidad - es\" \/>\n<meta property=\"og:url\" content=\"https:\/\/giscadlimited.com\/trinidad-es\/products\/autodesk-recap-pro\/\" \/>\n<meta property=\"og:site_name\" content=\"Giscad Trinidad - es\" \/>\n<meta property=\"article:publisher\" content=\"https:\/\/www.facebook.com\/GISCADLtd\" \/>\n<meta property=\"article:modified_time\" content=\"2023-08-03T17:04:24+00:00\" \/>\n<meta name=\"twitter:card\" content=\"summary_large_image\" \/>\n<meta name=\"twitter:label1\" content=\"Est. reading time\" \/>\n\t<meta name=\"twitter:data1\" content=\"1 minute\" \/>\n<script type=\"application\/ld+json\" class=\"yoast-schema-graph\">{\"@context\":\"https:\/\/schema.org\",\"@graph\":[{\"@type\":\"WebPage\",\"@id\":\"https:\/\/giscadlimited.com\/trinidad-es\/products\/autodesk-recap-pro\/\",\"url\":\"https:\/\/giscadlimited.com\/trinidad-es\/products\/autodesk-recap-pro\/\",\"name\":\"Autodesk Recap Pro - Giscad Trinidad - es\",\"isPartOf\":{\"@id\":\"https:\/\/giscadlimited.com\/trinidad-es\/#website\"},\"datePublished\":\"2023-06-30T07:10:54+00:00\",\"dateModified\":\"2023-08-03T17:04:24+00:00\",\"breadcrumb\":{\"@id\":\"https:\/\/giscadlimited.com\/trinidad-es\/products\/autodesk-recap-pro\/#breadcrumb\"},\"inLanguage\":\"en-US\",\"potentialAction\":[{\"@type\":\"ReadAction\",\"target\":[\"https:\/\/giscadlimited.com\/trinidad-es\/products\/autodesk-recap-pro\/\"]}]},{\"@type\":\"BreadcrumbList\",\"@id\":\"https:\/\/giscadlimited.com\/trinidad-es\/products\/autodesk-recap-pro\/#breadcrumb\",\"itemListElement\":[{\"@type\":\"ListItem\",\"position\":1,\"name\":\"Home\",\"item\":\"https:\/\/giscadlimited.com\/trinidad-es\/\"},{\"@type\":\"ListItem\",\"position\":2,\"name\":\"Products\",\"item\":\"https:\/\/giscadlimited.com\/trinidad-es\/products\/\"},{\"@type\":\"ListItem\",\"position\":3,\"name\":\"Autodesk Recap Pro\"}]},{\"@type\":\"WebSite\",\"@id\":\"https:\/\/giscadlimited.com\/trinidad-es\/#website\",\"url\":\"https:\/\/giscadlimited.com\/trinidad-es\/\",\"name\":\"Giscad Trinidad - es\",\"description\":\"\",\"publisher\":{\"@id\":\"https:\/\/giscadlimited.com\/trinidad-es\/#organization\"},\"potentialAction\":[{\"@type\":\"SearchAction\",\"target\":{\"@type\":\"EntryPoint\",\"urlTemplate\":\"https:\/\/giscadlimited.com\/trinidad-es\/?s={search_term_string}\"},\"query-input\":\"required name=search_term_string\"}],\"inLanguage\":\"en-US\"},{\"@type\":\"Organization\",\"@id\":\"https:\/\/giscadlimited.com\/trinidad-es\/#organization\",\"name\":\"Giscad Trinidad - es\",\"url\":\"https:\/\/giscadlimited.com\/trinidad-es\/\",\"logo\":{\"@type\":\"ImageObject\",\"inLanguage\":\"en-US\",\"@id\":\"https:\/\/giscadlimited.com\/trinidad-es\/#\/schema\/logo\/image\/\",\"url\":\"https:\/\/giscadlimited.com\/trinidad-es\/quo_storage\/sites\/3\/2023\/05\/logo.png\",\"contentUrl\":\"https:\/\/giscadlimited.com\/trinidad-es\/quo_storage\/sites\/3\/2023\/05\/logo.png\",\"width\":188,\"height\":56,\"caption\":\"Giscad Trinidad - es\"},\"image\":{\"@id\":\"https:\/\/giscadlimited.com\/trinidad-es\/#\/schema\/logo\/image\/\"},\"sameAs\":[\"https:\/\/www.facebook.com\/GISCADLtd\",\"https:\/\/www.instagram.com\/giscadltd\/\",\"https:\/\/www.linkedin.com\/company\/giscad-ltd\/\",\"https:\/\/www.tiktok.com\/@giscadlimited\"]}]}<\/script>\n","yoast_head_json":{"title":"Autodesk Recap Pro - Giscad Trinidad - es","robots":{"index":"index","follow":"follow","max-snippet":"max-snippet:-1","max-image-preview":"max-image-preview:large","max-video-preview":"max-video-preview:-1"},"canonical":"https:\/\/giscadlimited.com\/trinidad-es\/products\/autodesk-recap-pro\/","og_locale":"en_US","og_type":"article","og_title":"Autodesk Recap Pro - Giscad Trinidad - es","og_url":"https:\/\/giscadlimited.com\/trinidad-es\/products\/autodesk-recap-pro\/","og_site_name":"Giscad Trinidad - es","article_publisher":"https:\/\/www.facebook.com\/GISCADLtd","article_modified_time":"2023-08-03T17:04:24+00:00","twitter_card":"summary_large_image","twitter_misc":{"Est. reading time":"1 minute"},"schema":{"@context":"https:\/\/schema.org","@graph":[{"@type":"WebPage","@id":"https:\/\/giscadlimited.com\/trinidad-es\/products\/autodesk-recap-pro\/","url":"https:\/\/giscadlimited.com\/trinidad-es\/products\/autodesk-recap-pro\/","name":"Autodesk Recap Pro - Giscad Trinidad - es","isPartOf":{"@id":"https:\/\/giscadlimited.com\/trinidad-es\/#website"},"datePublished":"2023-06-30T07:10:54+00:00","dateModified":"2023-08-03T17:04:24+00:00","breadcrumb":{"@id":"https:\/\/giscadlimited.com\/trinidad-es\/products\/autodesk-recap-pro\/#breadcrumb"},"inLanguage":"en-US","potentialAction":[{"@type":"ReadAction","target":["https:\/\/giscadlimited.com\/trinidad-es\/products\/autodesk-recap-pro\/"]}]},{"@type":"BreadcrumbList","@id":"https:\/\/giscadlimited.com\/trinidad-es\/products\/autodesk-recap-pro\/#breadcrumb","itemListElement":[{"@type":"ListItem","position":1,"name":"Home","item":"https:\/\/giscadlimited.com\/trinidad-es\/"},{"@type":"ListItem","position":2,"name":"Products","item":"https:\/\/giscadlimited.com\/trinidad-es\/products\/"},{"@type":"ListItem","position":3,"name":"Autodesk Recap Pro"}]},{"@type":"WebSite","@id":"https:\/\/giscadlimited.com\/trinidad-es\/#website","url":"https:\/\/giscadlimited.com\/trinidad-es\/","name":"Giscad Trinidad - es","description":"","publisher":{"@id":"https:\/\/giscadlimited.com\/trinidad-es\/#organization"},"potentialAction":[{"@type":"SearchAction","target":{"@type":"EntryPoint","urlTemplate":"https:\/\/giscadlimited.com\/trinidad-es\/?s={search_term_string}"},"query-input":"required name=search_term_string"}],"inLanguage":"en-US"},{"@type":"Organization","@id":"https:\/\/giscadlimited.com\/trinidad-es\/#organization","name":"Giscad Trinidad - es","url":"https:\/\/giscadlimited.com\/trinidad-es\/","logo":{"@type":"ImageObject","inLanguage":"en-US","@id":"https:\/\/giscadlimited.com\/trinidad-es\/#\/schema\/logo\/image\/","url":"https:\/\/giscadlimited.com\/trinidad-es\/quo_storage\/sites\/3\/2023\/05\/logo.png","contentUrl":"https:\/\/giscadlimited.com\/trinidad-es\/quo_storage\/sites\/3\/2023\/05\/logo.png","width":188,"height":56,"caption":"Giscad Trinidad - es"},"image":{"@id":"https:\/\/giscadlimited.com\/trinidad-es\/#\/schema\/logo\/image\/"},"sameAs":["https:\/\/www.facebook.com\/GISCADLtd","https:\/\/www.instagram.com\/giscadltd\/","https:\/\/www.linkedin.com\/company\/giscad-ltd\/","https:\/\/www.tiktok.com\/@giscadlimited"]}]}},"_links":{"self":[{"href":"https:\/\/giscadlimited.com\/trinidad-es\/wp-json\/wp\/v2\/pages\/1642"}],"collection":[{"href":"https:\/\/giscadlimited.com\/trinidad-es\/wp-json\/wp\/v2\/pages"}],"about":[{"href":"https:\/\/giscadlimited.com\/trinidad-es\/wp-json\/wp\/v2\/types\/page"}],"author":[{"embeddable":true,"href":"https:\/\/giscadlimited.com\/trinidad-es\/wp-json\/wp\/v2\/users\/1"}],"replies":[{"embeddable":true,"href":"https:\/\/giscadlimited.com\/trinidad-es\/wp-json\/wp\/v2\/comments?post=1642"}],"version-history":[{"count":3,"href":"https:\/\/giscadlimited.com\/trinidad-es\/wp-json\/wp\/v2\/pages\/1642\/revisions"}],"predecessor-version":[{"id":2258,"href":"https:\/\/giscadlimited.com\/trinidad-es\/wp-json\/wp\/v2\/pages\/1642\/revisions\/2258"}],"up":[{"embeddable":true,"href":"https:\/\/giscadlimited.com\/trinidad-es\/wp-json\/wp\/v2\/pages\/1693"}],"wp:attachment":[{"href":"https:\/\/giscadlimited.com\/trinidad-es\/wp-json\/wp\/v2\/media?parent=1642"}],"curies":[{"name":"wp","href":"https:\/\/api.w.org\/{rel}","templated":true}]}}