{"id":1425,"date":"2023-06-29T05:13:53","date_gmt":"2023-06-29T05:13:53","guid":{"rendered":"https:\/\/giscadlimited.com\/trinidad\/?page_id=1425"},"modified":"2023-07-17T12:25:56","modified_gmt":"2023-07-17T16:25:56","slug":"license-manager","status":"publish","type":"page","link":"https:\/\/giscadlimited.com\/trinidad-es\/products\/prokon-solutions\/license-manager\/","title":{"rendered":"Administrador de Licencias"},"content":{"rendered":"<section class=\"l-section wpb_row us_custom_7a59e39f license-product-section height_medium full_height valign_center with_img\"><div class=\"l-section-img\" data-img-width=\"1097\" data-img-height=\"654\" style=\"background-image: url(https:\/\/giscadlimited.com\/trinidad-es\/quo_storage\/sites\/3\/2023\/07\/License-Manager-Main-Image.png);background-position: bottom right;background-repeat: no-repeat;background-size: contain;\"><\/div><div class=\"l-section-h i-cf\"><div class=\"g-cols vc_row via_grid cols_1 laptops-cols_inherit tablets-cols_inherit mobiles-cols_1 valign_middle type_default stacking_default\"><div class=\"wpb_column vc_column_container\"><div class=\"vc_column-inner\"><div class=\"g-cols wpb_row via_grid cols_1 laptops-cols_inherit tablets-cols_inherit mobiles-cols_1 valign_middle type_default stacking_default\"><div class=\"wpb_column vc_column_container\"><div class=\"vc_column-inner\">[vc_custom_heading text=&#8221;ADMINISTRADOR DE LICENCIAS&#8221; use_theme_fonts=&#8221;yes&#8221; css=&#8221;%7B%22default%22%3A%7B%22color%22%3A%22%23ffffff%22%2C%22padding-bottom%22%3A%2210px%22%7D%7D&#8221;]<div class=\"wpb_text_column us_custom_5f03d1c0 has_text_color\"><div class=\"wpb_wrapper\"><p>Software que ayuda a las organizaciones a administrar y controlar el uso de varios productos y servicios de software dentro de sus redes. Agiliza la asignaci\u00f3n de licencias, realiza un seguimiento del uso del software y garantiza el cumplimiento de los acuerdos de licencia, proporcionando a las empresas un medio eficaz para gestionar sus activos de software.<\/p>\n<\/div><\/div><\/div><\/div><\/div><\/div><\/div><\/div><\/div><\/section><section class=\"l-section wpb_row us_custom_278d8c57 license-bottom-line hide_on_tablets hide_on_mobiles height_medium\"><div class=\"l-section-h i-cf\"><div class=\"g-cols vc_row via_grid cols_1 laptops-cols_inherit tablets-cols_inherit mobiles-cols_1 valign_top type_default stacking_default\"><div class=\"wpb_column vc_column_container\"><div class=\"vc_column-inner\"><\/div><\/div><\/div><\/div><\/section><section class=\"l-section wpb_row us_custom_4176f6cf Strategic-products license-line ipad-full height_medium\"><div class=\"l-section-h i-cf\"><div class=\"g-cols vc_row via_grid cols_1 laptops-cols_inherit tablets-cols_inherit mobiles-cols_1 valign_top type_default stacking_default\"><div class=\"wpb_column vc_column_container\"><div class=\"vc_column-inner\"><div class=\"g-cols wpb_row us_custom_8c05100d via_grid cols_1 laptops-cols_inherit tablets-cols_inherit mobiles-cols_1 valign_top type_default stacking_default\"><div class=\"wpb_column vc_column_container\"><div class=\"vc_column-inner\">[vc_custom_heading text=&#8221;Herramienta de Gesti\u00f3n de Software de Administrador de Licencias&#8221; use_theme_fonts=&#8221;yes&#8221; css=&#8221;%7B%22default%22%3A%7B%22color%22%3A%22%230063b0%22%2C%22padding-bottom%22%3A%2210px%22%7D%7D&#8221;]<div class=\"wpb_text_column us_custom_0c5b3d21 has_text_color\"><div class=\"wpb_wrapper\"><p>Herramienta de licencias PROKON<\/p>\n<\/div><\/div><div class=\"wpb_text_column us_custom_774bf2d3 has_text_color\"><div class=\"wpb_wrapper\"><p>Lima est\u00e1 aqu\u00ed para optimizar la forma en que administra su software PROKON. Ahora puede iniciar sesi\u00f3n en el nuevo portal web para administrar la licencia Establecer usuarios. Lima proporciona un enfoque optimizado para la seguridad y flexibilidad de las licencias.<\/p>\n<\/div><\/div><\/div><\/div><\/div><div class=\"g-cols wpb_row via_grid cols_1 laptops-cols_inherit tablets-cols_inherit mobiles-cols_1 valign_top type_default stacking_default\"><div class=\"wpb_column vc_column_container\"><div class=\"vc_column-inner\">[vc_custom_heading text=&#8221;Preguntas Frecuentes&#8221; use_theme_fonts=&#8221;yes&#8221; css=&#8221;%7B%22default%22%3A%7B%22color%22%3A%22%230063b0%22%2C%22padding-bottom%22%3A%2250px%22%7D%7D&#8221;]<\/div><\/div><\/div><div class=\"g-cols wpb_row faq-design-text via_grid cols_2 laptops-cols_inherit tablets-cols_inherit mobiles-cols_1 valign_top type_default stacking_default\"><div class=\"wpb_column vc_column_container\"><div class=\"vc_column-inner\"><div class=\"w-tabs us_custom_4393e1ed has_text_color style_default switch_click accordion\" style=\"--sections-title-size:inherit\"><div class=\"w-tabs-sections titles-align_none icon_triangle cpos_right\"><div class=\"w-tabs-section\" id=\"ncc7\" style=\"background:#0063b0;color:#ffffff;\"><button class=\"w-tabs-section-header\" aria-controls=\"content-ncc7\" aria-expanded=\"false\"><div class=\"w-tabs-section-title\">\u00bfC\u00f3mo actualizo?<\/div><div class=\"w-tabs-section-control\"><\/div><\/button><div  class=\"w-tabs-section-content us_custom_4c2a4ec6 has_text_color\" id=\"content-ncc7\"><div class=\"w-tabs-section-content-h i-cf\"><div class=\"wpb_text_column us_custom_337ef065\"><div class=\"wpb_wrapper\"><p>Cuando el administrador de su cuenta lo agregue al nuevo sistema de licencias, ejecute una Actualizaci\u00f3n en vivo (que se encuentra en Calcpad) para instalar Lima (nuevo Administrador de licencias). Siga las instrucciones que recibir\u00e1 por correo electr\u00f3nico.<\/p>\n<\/div><\/div><\/div><\/div><\/div><div class=\"w-tabs-section\" id=\"rdc8\" style=\"background:#0063b0;color:#ffffff;\"><button class=\"w-tabs-section-header\" aria-controls=\"content-rdc8\" aria-expanded=\"false\"><div class=\"w-tabs-section-title\">\u00bfC\u00f3mo me afectar\u00e1 si no actualizo?<\/div><div class=\"w-tabs-section-control\"><\/div><\/button><div  class=\"w-tabs-section-content us_custom_9a10267b has_text_color\" id=\"content-rdc8\"><div class=\"w-tabs-section-content-h i-cf\"><div class=\"wpb_text_column us_custom_337ef065\"><div class=\"wpb_wrapper\"><p>Puede continuar trabajando con normalidad hasta la fecha l\u00edmite de actualizaci\u00f3n de finales de octubre de 2022.<\/p>\n<\/div><\/div><\/div><\/div><\/div><div class=\"w-tabs-section\" id=\"zeb4\" style=\"background:#0063b0;color:#ffffff;\"><button class=\"w-tabs-section-header\" aria-controls=\"content-zeb4\" aria-expanded=\"false\"><div class=\"w-tabs-section-title\">\u00bfSigo iniciando sesi\u00f3n a trav\u00e9s de Prokon Calcpad?<\/div><div class=\"w-tabs-section-control\"><\/div><\/button><div  class=\"w-tabs-section-content us_custom_9a10267b has_text_color\" id=\"content-zeb4\"><div class=\"w-tabs-section-content-h i-cf\"><div class=\"wpb_text_column us_custom_337ef065\"><div class=\"wpb_wrapper\"><p>Despu\u00e9s de ejecutar una actualizaci\u00f3n en vivo, puede iniciar sesi\u00f3n en Lima. Inicie Lima desde PROKON Calcpad.<\/p>\n<\/div><\/div><\/div><\/div><\/div><div class=\"w-tabs-section\" id=\"pf94\" style=\"background:#0063b0;color:#ffffff;\"><button class=\"w-tabs-section-header\" aria-controls=\"content-pf94\" aria-expanded=\"false\"><div class=\"w-tabs-section-title\">\u00bfLima indicar\u00e1 una lista de todos los usuarios registrados y conectados?<\/div><div class=\"w-tabs-section-control\"><\/div><\/button><div  class=\"w-tabs-section-content us_custom_9a10267b has_text_color\" id=\"content-pf94\"><div class=\"w-tabs-section-content-h i-cf\"><div class=\"wpb_text_column us_custom_337ef065\"><div class=\"wpb_wrapper\"><p>Se puede ver una lista de usuarios registrados en Prokon Web (<a href=\"https:\/\/web.prokon.com\/\" target=\"_blank\" rel=\"noopener\">https:\/\/web.prokon.com\/<\/a>)<\/p>\n<\/div><\/div><\/div><\/div><\/div><div class=\"w-tabs-section\" id=\"b061\" style=\"background:#0063b0;color:#ffffff;\"><button class=\"w-tabs-section-header\" aria-controls=\"content-b061\" aria-expanded=\"false\"><div class=\"w-tabs-section-title\">\u00bfPuedo tener m\u00e1s de una cuenta registrada y cambiar entre cuentas con Lima (por ejemplo, cuenta de estudiante y cuenta comercial)?<\/div><div class=\"w-tabs-section-control\"><\/div><\/button><div  class=\"w-tabs-section-content us_custom_9a10267b has_text_color\" id=\"content-b061\"><div class=\"w-tabs-section-content-h i-cf\"><div class=\"wpb_text_column us_custom_337ef065\"><div class=\"wpb_wrapper\"><p>Los conjuntos de licencias se pueden consumir de varios n\u00fameros de licencia, si todas las licencias son de tipo comercial.<\/p>\n<\/div><\/div><\/div><\/div><\/div><div class=\"w-tabs-section\" id=\"w152\" style=\"background:#0063b0;color:#ffffff;\"><button class=\"w-tabs-section-header\" aria-controls=\"content-w152\" aria-expanded=\"false\"><div class=\"w-tabs-section-title\">\u00bfQui\u00e9n puede agregar o quitar usuarios de una licencia?<\/div><div class=\"w-tabs-section-control\"><\/div><\/button><div  class=\"w-tabs-section-content us_custom_9a10267b has_text_color\" id=\"content-w152\"><div class=\"w-tabs-section-content-h i-cf\"><div class=\"wpb_text_column us_custom_337ef065\"><div class=\"wpb_wrapper\"><p>Los usuarios son administrados por el administrador de licencias.<\/p>\n<\/div><\/div><\/div><\/div><\/div><div class=\"w-tabs-section\" id=\"p23f\" style=\"background:#0063b0;color:#ffffff;\"><button class=\"w-tabs-section-header\" aria-controls=\"content-p23f\" aria-expanded=\"false\"><div class=\"w-tabs-section-title\">\u00bfPuede un usuario restablecer su propia contrase\u00f1a? \u00bfC\u00f3mo lo hicieron?<\/div><div class=\"w-tabs-section-control\"><\/div><\/button><div  class=\"w-tabs-section-content us_custom_9a10267b has_text_color\" id=\"content-p23f\"><div class=\"w-tabs-section-content-h i-cf\"><div class=\"wpb_text_column us_custom_337ef065\"><div class=\"wpb_wrapper\"><p>Puede restablecer su contrase\u00f1a yendo a la web de Prokon (<a href=\"https:\/\/web.prokon.com\/\">https:\/\/web.prokon.com\/<\/a>) y haciendo clic en \u00bfOlvid\u00f3 su contrase\u00f1a?<\/p>\n<\/div><\/div><\/div><\/div><\/div><div class=\"w-tabs-section\" id=\"i30d\" style=\"background:#0063b0;color:#ffffff;\"><button class=\"w-tabs-section-header\" aria-controls=\"content-i30d\" aria-expanded=\"false\"><div class=\"w-tabs-section-title\">\u00bfHay ciertas acciones con las que solo el personal de PROKON podr\u00e1 ayudar a los clientes (cambio de direcciones de correo electr\u00f3nico de administrador en el administrador de licencias anterior, etc.)?<\/div><div class=\"w-tabs-section-control\"><\/div><\/button><div  class=\"w-tabs-section-content us_custom_9a10267b has_text_color\" id=\"content-i30d\"><div class=\"w-tabs-section-content-h i-cf\"><div class=\"wpb_text_column us_custom_337ef065\"><div class=\"wpb_wrapper\"><p>PROKON solo cargar\u00e1 a los administradores de cuentas.<\/p>\n<\/div><\/div><\/div><\/div><\/div><div class=\"w-tabs-section\" id=\"s3d9\" style=\"background:#0063b0;color:#ffffff;\"><button class=\"w-tabs-section-header\" aria-controls=\"content-s3d9\" aria-expanded=\"false\"><div class=\"w-tabs-section-title\">\u00bfC\u00f3mo puedo solucionar los problemas de mi conexi\u00f3n de Lima?<\/div><div class=\"w-tabs-section-control\"><\/div><\/button><div  class=\"w-tabs-section-content us_custom_9a10267b has_text_color\" id=\"content-s3d9\"><div class=\"w-tabs-section-content-h i-cf\"><div class=\"wpb_text_column us_custom_337ef065\"><div class=\"wpb_wrapper\"><p>Puede usar el solucionador de problemas de conexi\u00f3n dentro de Lima para diagnosticar problemas de conexi\u00f3n.<\/p>\n<\/div><\/div><\/div><\/div><\/div><\/div><\/div><\/div><\/div><div class=\"wpb_column vc_column_container\"><div class=\"vc_column-inner\"><div class=\"w-tabs us_custom_4393e1ed has_text_color style_default switch_click accordion\" style=\"--sections-title-size:inherit\"><div class=\"w-tabs-sections titles-align_none icon_triangle cpos_right\"><div class=\"w-tabs-section\" id=\"1688023791331\" style=\"background:#0063b0;color:#ffffff;\"><button class=\"w-tabs-section-header\" aria-controls=\"content-1688023791331\" aria-expanded=\"false\"><div class=\"w-tabs-section-title\">\u00bfPara cu\u00e1ndo necesito actualizar?<\/div><div class=\"w-tabs-section-control\"><\/div><\/button><div  class=\"w-tabs-section-content us_custom_9a10267b has_text_color\" id=\"content-1688023791331\"><div class=\"w-tabs-section-content-h i-cf\"><div class=\"wpb_text_column us_custom_337ef065\"><div class=\"wpb_wrapper\"><p>Cualquier persona que renueve su licencia anual pasar\u00e1 autom\u00e1ticamente al nuevo sistema. Alternativamente, tiene hasta finales de octubre de 2022 para actualizar.<\/p>\n<\/div><\/div><\/div><\/div><\/div><div class=\"w-tabs-section\" id=\"1688023791331\" style=\"background:#0063b0;color:#ffffff;\"><button class=\"w-tabs-section-header\" aria-controls=\"content-1688023791331\" aria-expanded=\"false\"><div class=\"w-tabs-section-title\">\u00bfHay un archivo de ayuda dentro de Lima?<\/div><div class=\"w-tabs-section-control\"><\/div><\/button><div  class=\"w-tabs-section-content us_custom_9a10267b has_text_color\" id=\"content-1688023791331\"><div class=\"w-tabs-section-content-h i-cf\"><div class=\"wpb_text_column us_custom_337ef065\"><div class=\"wpb_wrapper\"><p>S\u00ed, haga clic en el bot\u00f3n Ayuda en Lima para iniciar el archivo de Ayuda.<\/p>\n<\/div><\/div><\/div><\/div><\/div><div class=\"w-tabs-section\" id=\"1688023791331\" style=\"background:#0063b0;color:#ffffff;\"><button class=\"w-tabs-section-header\" aria-controls=\"content-1688023791331\" aria-expanded=\"false\"><div class=\"w-tabs-section-title\">\u00bfC\u00f3mo selecciono un conjunto de licencias con Lima?<\/div><div class=\"w-tabs-section-control\"><\/div><\/button><div  class=\"w-tabs-section-content us_custom_9a10267b has_text_color\" id=\"content-1688023791331\"><div class=\"w-tabs-section-content-h i-cf\"><div class=\"wpb_text_column us_custom_337ef065\"><div class=\"wpb_wrapper\"><p>Abra la pesta\u00f1a Lima &gt; Licencias, seleccione el conjunto de licencias que le interesa y haga clic en aplicar.<\/p>\n<\/div><\/div><\/div><\/div><\/div><div class=\"w-tabs-section\" id=\"1688023791331\" style=\"background:#0063b0;color:#ffffff;\"><button class=\"w-tabs-section-header\" aria-controls=\"content-1688023791331\" aria-expanded=\"false\"><div class=\"w-tabs-section-title\">\u00bfC\u00f3mo agrega un administrador de cuenta usuarios a una cuenta en Lima?<\/div><div class=\"w-tabs-section-control\"><\/div><\/button><div  class=\"w-tabs-section-content us_custom_9a10267b has_text_color\" id=\"content-1688023791331\"><div class=\"w-tabs-section-content-h i-cf\"><div class=\"wpb_text_column us_custom_337ef065\"><div class=\"wpb_wrapper\"><p>Inicie sesi\u00f3n en el portal en l\u00ednea <a href=\"https:\/\/web.prokon.com\/\" target=\"_blank\" rel=\"noopener\">https:\/\/web.prokon.com\/<\/a>.<\/p>\n<\/div><\/div><\/div><\/div><\/div><div class=\"w-tabs-section\" id=\"1688023791331\" style=\"background:#0063b0;color:#ffffff;\"><button class=\"w-tabs-section-header\" aria-controls=\"content-1688023791331\" aria-expanded=\"false\"><div class=\"w-tabs-section-title\">\u00bfLos usuarios actuales de licencias tendr\u00e1n que volver a registrarse o los datos de licencia se transferir\u00e1n autom\u00e1ticamente a Lima?<\/div><div class=\"w-tabs-section-control\"><\/div><\/button><div  class=\"w-tabs-section-content us_custom_9a10267b has_text_color\" id=\"content-1688023791331\"><div class=\"w-tabs-section-content-h i-cf\"><div class=\"wpb_text_column us_custom_337ef065\"><div class=\"wpb_wrapper\"><ul>\n<li>PROKON agregar\u00e1 administradores de cuenta.<\/li>\n<li>Los Administradores de licencias son asignados por los Administradores de cuentas.<\/li>\n<li>Los usuarios deber\u00e1n estar registrados como Usuarios establecidos en Lima. El administrador de cuentas y los administradores de licencias har\u00e1n esto por empresa.<\/li>\n<li>Los usuarios tendr\u00e1n acceso a los conjuntos que se les asignen.<\/li>\n<\/ul>\n<\/div><\/div><\/div><\/div><\/div><div class=\"w-tabs-section\" id=\"1688023791331\" style=\"background:#0063b0;color:#ffffff;\"><button class=\"w-tabs-section-header\" aria-controls=\"content-1688023791331\" aria-expanded=\"false\"><div class=\"w-tabs-section-title\">\u00bfPodr\u00e9 trabajar con cualquier conjunto de licencias disponible?<\/div><div class=\"w-tabs-section-control\"><\/div><\/button><div  class=\"w-tabs-section-content us_custom_9a10267b has_text_color\" id=\"content-1688023791331\"><div class=\"w-tabs-section-content-h i-cf\"><div class=\"wpb_text_column us_custom_337ef065\"><div class=\"wpb_wrapper\"><p>Los administradores de licencias asignan usuarios de conjuntos a conjuntos de licencias espec\u00edficos. Si se le ha asignado un conjunto de licencias, usted elige con qu\u00e9 conjuntos trabajar.<\/p>\n<\/div><\/div><\/div><\/div><\/div><div class=\"w-tabs-section\" id=\"1688023791331\" style=\"background:#0063b0;color:#ffffff;\"><button class=\"w-tabs-section-header\" aria-controls=\"content-1688023791331\" aria-expanded=\"false\"><div class=\"w-tabs-section-title\">\u00bfCu\u00e1l es la diferencia entre licencia de usuario, administrador, administrador, etc.?<\/div><div class=\"w-tabs-section-control\"><\/div><\/button><div  class=\"w-tabs-section-content us_custom_9a10267b has_text_color\" id=\"content-1688023791331\"><div class=\"w-tabs-section-content-h i-cf\"><div class=\"wpb_text_column us_custom_337ef065\"><div class=\"wpb_wrapper\"><p>Consulte la informaci\u00f3n relevante en la Gu\u00eda del usuario del sistema de licencias y el archivo de ayuda de Lima.<\/p>\n<\/div><\/div><\/div><\/div><\/div><div class=\"w-tabs-section\" id=\"1688023791331\" style=\"background:#0063b0;color:#ffffff;\"><button class=\"w-tabs-section-header\" aria-controls=\"content-1688023791331\" aria-expanded=\"false\"><div class=\"w-tabs-section-title\">\u00bfExiste una opci\u00f3n para iniciar sesi\u00f3n autom\u00e1ticamente cada vez que se abre Prokon o es necesario iniciar sesi\u00f3n manualmente?<\/div><div class=\"w-tabs-section-control\"><\/div><\/button><div  class=\"w-tabs-section-content us_custom_9a10267b has_text_color\" id=\"content-1688023791331\"><div class=\"w-tabs-section-content-h i-cf\"><div class=\"wpb_text_column us_custom_337ef065\"><div class=\"wpb_wrapper\"><p>Seleccione la opci\u00f3n seg\u00fan el ejemplo de preferencia: Mantenerme autenticado.<\/p>\n<\/div><\/div><\/div><\/div><\/div><\/div><\/div><\/div><\/div><\/div><\/div><\/div><\/div><\/div><\/section>\n","protected":false},"excerpt":{"rendered":"[vc_custom_heading text=\"ADMINISTRADOR DE LICENCIAS\" use_theme_fonts=\"yes\" css=\"%7B%22default%22%3A%7B%22color%22%3A%22%23ffffff%22%2C%22padding-bottom%22%3A%2210px%22%7D%7D\"]Software que ayuda a las organizaciones a administrar y controlar el uso de varios productos y servicios de software dentro de sus redes. Agiliza la asignaci\u00f3n de licencias, realiza un seguimiento del uso del software y garantiza el cumplimiento de los acuerdos de licencia, proporcionando a las empresas un medio...","protected":false},"author":1,"featured_media":0,"parent":1152,"menu_order":0,"comment_status":"closed","ping_status":"closed","template":"","meta":{"footnotes":""},"acf":[],"yoast_head":"\n<title>Administrador de Licencias - Giscad Trinidad - es<\/title>\n<meta name=\"robots\" content=\"index, follow, max-snippet:-1, max-image-preview:large, max-video-preview:-1\" \/>\n<link rel=\"canonical\" href=\"https:\/\/giscadlimited.com\/trinidad-es\/products\/prokon-solutions\/license-manager\/\" \/>\n<meta property=\"og:locale\" content=\"en_US\" \/>\n<meta property=\"og:type\" content=\"article\" \/>\n<meta property=\"og:title\" content=\"Administrador de Licencias - Giscad Trinidad - es\" \/>\n<meta property=\"og:url\" content=\"https:\/\/giscadlimited.com\/trinidad-es\/products\/prokon-solutions\/license-manager\/\" \/>\n<meta property=\"og:site_name\" content=\"Giscad Trinidad - es\" \/>\n<meta property=\"article:publisher\" content=\"https:\/\/www.facebook.com\/GISCADLtd\" \/>\n<meta property=\"article:modified_time\" content=\"2023-07-17T16:25:56+00:00\" \/>\n<meta name=\"twitter:card\" content=\"summary_large_image\" \/>\n<meta name=\"twitter:label1\" content=\"Est. reading time\" \/>\n\t<meta name=\"twitter:data1\" content=\"15 minutes\" \/>\n<script type=\"application\/ld+json\" class=\"yoast-schema-graph\">{\"@context\":\"https:\/\/schema.org\",\"@graph\":[{\"@type\":\"WebPage\",\"@id\":\"https:\/\/giscadlimited.com\/trinidad-es\/products\/prokon-solutions\/license-manager\/\",\"url\":\"https:\/\/giscadlimited.com\/trinidad-es\/products\/prokon-solutions\/license-manager\/\",\"name\":\"Administrador de Licencias - Giscad Trinidad - es\",\"isPartOf\":{\"@id\":\"https:\/\/giscadlimited.com\/trinidad-es\/#website\"},\"datePublished\":\"2023-06-29T05:13:53+00:00\",\"dateModified\":\"2023-07-17T16:25:56+00:00\",\"breadcrumb\":{\"@id\":\"https:\/\/giscadlimited.com\/trinidad-es\/products\/prokon-solutions\/license-manager\/#breadcrumb\"},\"inLanguage\":\"en-US\",\"potentialAction\":[{\"@type\":\"ReadAction\",\"target\":[\"https:\/\/giscadlimited.com\/trinidad-es\/products\/prokon-solutions\/license-manager\/\"]}]},{\"@type\":\"BreadcrumbList\",\"@id\":\"https:\/\/giscadlimited.com\/trinidad-es\/products\/prokon-solutions\/license-manager\/#breadcrumb\",\"itemListElement\":[{\"@type\":\"ListItem\",\"position\":1,\"name\":\"Home\",\"item\":\"https:\/\/giscadlimited.com\/trinidad-es\/\"},{\"@type\":\"ListItem\",\"position\":2,\"name\":\"Products\",\"item\":\"https:\/\/giscadlimited.com\/trinidad-es\/products\/\"},{\"@type\":\"ListItem\",\"position\":3,\"name\":\"Prokon Solutions\",\"item\":\"https:\/\/giscadlimited.com\/trinidad-es\/products\/prokon-solutions\/\"},{\"@type\":\"ListItem\",\"position\":4,\"name\":\"Administrador de Licencias\"}]},{\"@type\":\"WebSite\",\"@id\":\"https:\/\/giscadlimited.com\/trinidad-es\/#website\",\"url\":\"https:\/\/giscadlimited.com\/trinidad-es\/\",\"name\":\"Giscad Trinidad - es\",\"description\":\"\",\"publisher\":{\"@id\":\"https:\/\/giscadlimited.com\/trinidad-es\/#organization\"},\"potentialAction\":[{\"@type\":\"SearchAction\",\"target\":{\"@type\":\"EntryPoint\",\"urlTemplate\":\"https:\/\/giscadlimited.com\/trinidad-es\/?s={search_term_string}\"},\"query-input\":\"required name=search_term_string\"}],\"inLanguage\":\"en-US\"},{\"@type\":\"Organization\",\"@id\":\"https:\/\/giscadlimited.com\/trinidad-es\/#organization\",\"name\":\"Giscad Trinidad - es\",\"url\":\"https:\/\/giscadlimited.com\/trinidad-es\/\",\"logo\":{\"@type\":\"ImageObject\",\"inLanguage\":\"en-US\",\"@id\":\"https:\/\/giscadlimited.com\/trinidad-es\/#\/schema\/logo\/image\/\",\"url\":\"https:\/\/giscadlimited.com\/trinidad-es\/quo_storage\/sites\/3\/2023\/05\/logo.png\",\"contentUrl\":\"https:\/\/giscadlimited.com\/trinidad-es\/quo_storage\/sites\/3\/2023\/05\/logo.png\",\"width\":188,\"height\":56,\"caption\":\"Giscad Trinidad - es\"},\"image\":{\"@id\":\"https:\/\/giscadlimited.com\/trinidad-es\/#\/schema\/logo\/image\/\"},\"sameAs\":[\"https:\/\/www.facebook.com\/GISCADLtd\",\"https:\/\/www.instagram.com\/giscadltd\/\",\"https:\/\/www.linkedin.com\/company\/giscad-ltd\/\",\"https:\/\/www.tiktok.com\/@giscadlimited\"]}]}<\/script>\n","yoast_head_json":{"title":"Administrador de Licencias - Giscad Trinidad - es","robots":{"index":"index","follow":"follow","max-snippet":"max-snippet:-1","max-image-preview":"max-image-preview:large","max-video-preview":"max-video-preview:-1"},"canonical":"https:\/\/giscadlimited.com\/trinidad-es\/products\/prokon-solutions\/license-manager\/","og_locale":"en_US","og_type":"article","og_title":"Administrador de Licencias - Giscad Trinidad - es","og_url":"https:\/\/giscadlimited.com\/trinidad-es\/products\/prokon-solutions\/license-manager\/","og_site_name":"Giscad Trinidad - es","article_publisher":"https:\/\/www.facebook.com\/GISCADLtd","article_modified_time":"2023-07-17T16:25:56+00:00","twitter_card":"summary_large_image","twitter_misc":{"Est. reading time":"15 minutes"},"schema":{"@context":"https:\/\/schema.org","@graph":[{"@type":"WebPage","@id":"https:\/\/giscadlimited.com\/trinidad-es\/products\/prokon-solutions\/license-manager\/","url":"https:\/\/giscadlimited.com\/trinidad-es\/products\/prokon-solutions\/license-manager\/","name":"Administrador de Licencias - Giscad Trinidad - es","isPartOf":{"@id":"https:\/\/giscadlimited.com\/trinidad-es\/#website"},"datePublished":"2023-06-29T05:13:53+00:00","dateModified":"2023-07-17T16:25:56+00:00","breadcrumb":{"@id":"https:\/\/giscadlimited.com\/trinidad-es\/products\/prokon-solutions\/license-manager\/#breadcrumb"},"inLanguage":"en-US","potentialAction":[{"@type":"ReadAction","target":["https:\/\/giscadlimited.com\/trinidad-es\/products\/prokon-solutions\/license-manager\/"]}]},{"@type":"BreadcrumbList","@id":"https:\/\/giscadlimited.com\/trinidad-es\/products\/prokon-solutions\/license-manager\/#breadcrumb","itemListElement":[{"@type":"ListItem","position":1,"name":"Home","item":"https:\/\/giscadlimited.com\/trinidad-es\/"},{"@type":"ListItem","position":2,"name":"Products","item":"https:\/\/giscadlimited.com\/trinidad-es\/products\/"},{"@type":"ListItem","position":3,"name":"Prokon Solutions","item":"https:\/\/giscadlimited.com\/trinidad-es\/products\/prokon-solutions\/"},{"@type":"ListItem","position":4,"name":"Administrador de Licencias"}]},{"@type":"WebSite","@id":"https:\/\/giscadlimited.com\/trinidad-es\/#website","url":"https:\/\/giscadlimited.com\/trinidad-es\/","name":"Giscad Trinidad - es","description":"","publisher":{"@id":"https:\/\/giscadlimited.com\/trinidad-es\/#organization"},"potentialAction":[{"@type":"SearchAction","target":{"@type":"EntryPoint","urlTemplate":"https:\/\/giscadlimited.com\/trinidad-es\/?s={search_term_string}"},"query-input":"required name=search_term_string"}],"inLanguage":"en-US"},{"@type":"Organization","@id":"https:\/\/giscadlimited.com\/trinidad-es\/#organization","name":"Giscad Trinidad - es","url":"https:\/\/giscadlimited.com\/trinidad-es\/","logo":{"@type":"ImageObject","inLanguage":"en-US","@id":"https:\/\/giscadlimited.com\/trinidad-es\/#\/schema\/logo\/image\/","url":"https:\/\/giscadlimited.com\/trinidad-es\/quo_storage\/sites\/3\/2023\/05\/logo.png","contentUrl":"https:\/\/giscadlimited.com\/trinidad-es\/quo_storage\/sites\/3\/2023\/05\/logo.png","width":188,"height":56,"caption":"Giscad Trinidad - es"},"image":{"@id":"https:\/\/giscadlimited.com\/trinidad-es\/#\/schema\/logo\/image\/"},"sameAs":["https:\/\/www.facebook.com\/GISCADLtd","https:\/\/www.instagram.com\/giscadltd\/","https:\/\/www.linkedin.com\/company\/giscad-ltd\/","https:\/\/www.tiktok.com\/@giscadlimited"]}]}},"_links":{"self":[{"href":"https:\/\/giscadlimited.com\/trinidad-es\/wp-json\/wp\/v2\/pages\/1425"}],"collection":[{"href":"https:\/\/giscadlimited.com\/trinidad-es\/wp-json\/wp\/v2\/pages"}],"about":[{"href":"https:\/\/giscadlimited.com\/trinidad-es\/wp-json\/wp\/v2\/types\/page"}],"author":[{"embeddable":true,"href":"https:\/\/giscadlimited.com\/trinidad-es\/wp-json\/wp\/v2\/users\/1"}],"replies":[{"embeddable":true,"href":"https:\/\/giscadlimited.com\/trinidad-es\/wp-json\/wp\/v2\/comments?post=1425"}],"version-history":[{"count":7,"href":"https:\/\/giscadlimited.com\/trinidad-es\/wp-json\/wp\/v2\/pages\/1425\/revisions"}],"predecessor-version":[{"id":2173,"href":"https:\/\/giscadlimited.com\/trinidad-es\/wp-json\/wp\/v2\/pages\/1425\/revisions\/2173"}],"up":[{"embeddable":true,"href":"https:\/\/giscadlimited.com\/trinidad-es\/wp-json\/wp\/v2\/pages\/1152"}],"wp:attachment":[{"href":"https:\/\/giscadlimited.com\/trinidad-es\/wp-json\/wp\/v2\/media?parent=1425"}],"curies":[{"name":"wp","href":"https:\/\/api.w.org\/{rel}","templated":true}]}}