{"id":1319,"date":"2023-06-28T06:59:29","date_gmt":"2023-06-28T06:59:29","guid":{"rendered":"https:\/\/giscadlimited.com\/trinidad\/?page_id=1319"},"modified":"2023-07-17T11:54:55","modified_gmt":"2023-07-17T15:54:55","slug":"detailing","status":"publish","type":"page","link":"https:\/\/giscadlimited.com\/trinidad-es\/products\/prokon-solutions\/detailing\/","title":{"rendered":"Detallado"},"content":{"rendered":"<section class=\"l-section wpb_row us_custom_b975764a Detailing-hero-section height_medium full_height valign_center with_img\"><div class=\"l-section-img\" data-img-width=\"1058\" data-img-height=\"660\" style=\"background-image: url(https:\/\/giscadlimited.com\/trinidad-es\/quo_storage\/sites\/3\/2023\/07\/Detailing-Main-image.png);background-position: bottom right;background-repeat: no-repeat;background-size: contain;\"><\/div><div class=\"l-section-h i-cf\"><div class=\"g-cols vc_row via_grid cols_1 laptops-cols_inherit tablets-cols_inherit mobiles-cols_1 valign_middle type_default stacking_default\"><div class=\"wpb_column vc_column_container\"><div class=\"vc_column-inner\"><div class=\"g-cols wpb_row via_grid cols_1 laptops-cols_inherit tablets-cols_inherit mobiles-cols_1 valign_middle type_default stacking_default\"><div class=\"wpb_column vc_column_container\"><div class=\"vc_column-inner\">[vc_custom_heading text=&#8221;DETALLADO&#8221; use_theme_fonts=&#8221;yes&#8221; css=&#8221;%7B%22default%22%3A%7B%22color%22%3A%22%23ffffff%22%2C%22padding-bottom%22%3A%2210px%22%7D%7D&#8221;]<div class=\"wpb_text_column us_custom_5f03d1c0 has_text_color\"><div class=\"wpb_wrapper\"><p>Un aspecto poderoso del dise\u00f1o y la ingenier\u00eda. Estas soluciones de software permiten detalles precisos, proporcionando dibujos y modelos completos que especifican todos los elementos del proyecto. Desde materiales y dimensiones hasta acabados y m\u00e9todos de instalaci\u00f3n, estas herramientas garantizan una transici\u00f3n perfecta desde el dise\u00f1o hasta la implementaci\u00f3n en industrias como la construcci\u00f3n, la ingenier\u00eda y la arquitectura.<\/p>\n<\/div><\/div><\/div><\/div><\/div><\/div><\/div><\/div><\/div><\/section><section class=\"l-section wpb_row us_custom_c855c670 Strategic-products civil-products-line under-links height_medium\"><div class=\"l-section-h i-cf\"><div class=\"g-cols vc_row via_grid cols_1 laptops-cols_inherit tablets-cols_inherit mobiles-cols_1 valign_top type_default stacking_default\"><div class=\"wpb_column vc_column_container\"><div class=\"vc_column-inner\"><div class=\"g-cols wpb_row us_custom_7548d068 via_grid cols_2 laptops-cols_inherit tablets-cols_inherit mobiles-cols_1 valign_top type_default stacking_default\"><div class=\"wpb_column vc_column_container us_custom_2cf0f3a4 has_bg_color\"><div class=\"vc_column-inner\">[vc_custom_heading text=&#8221;PADDS&#8221; use_theme_fonts=&#8221;yes&#8221; css=&#8221;%7B%22default%22%3A%7B%22color%22%3A%22%23ffffff%22%2C%22margin-bottom%22%3A%2220px%22%7D%7D&#8221;]<div class=\"wpb_text_column us_custom_23537951 has_text_color\"><div class=\"wpb_wrapper\"><p>Detallado de armaduras y programaci\u00f3n autom\u00e1tica.<\/p>\n<\/div><\/div><div class=\"wpb_text_column us_custom_bd521045 has_text_color\"><div class=\"wpb_wrapper\"><p>CAD &amp; Detallado<\/p>\n<\/div><\/div><div class=\"wpb_text_column us_custom_30c6ae81 has_text_color\"><div class=\"wpb_wrapper\"><p>La suite PROKON incluye un programa CAD completo, Padds, dise\u00f1ado espec\u00edficamente para ingenieros estructurales.<\/p>\n<p>Una herramienta f\u00e1cil de aprender a dibujar en 2 dimensiones y detallar barras de refuerzo. El programador lee todas las entidades de armaduras en el espacio de dibujo, lo que le permite concentrarse en los dibujos. Importe y exporte archivos de dibujo DWG para colaborar con otro software.<\/p>\n<\/div><\/div><div class=\"w-vwrapper us_custom_2774bef1 align_none valign_bottom\"><div class=\"ult_exp_section_layer ult-adjust-bottom-margin box_design_icon-new\" >\n\t\t<div id=\"uvc-exp-wrap-9688\" role=\"button\" tabindex=\"0\" aria-pressed=\"false\"  data-ultimate-target='#uvc-exp-wrap-9688'  data-responsive-json-new='{\"font-size\":\"desktop:16px;tablet:16px;tablet_portrait:16px;mobile_landscape:16px;mobile:16px;\",\"line-height\":\"desktop:20px;\"}'  class=\"ult_exp_section  ult-responsive \" style=\"color:#ffffff;background-color:rgba(0,0,0,0.01);text-decoration:underline;font-weight:normal;margin:0px;padding:0px;text-align:left;\" data-textcolor=\"#ffffff\"data-texthover=\"#ffffff\"data-icncolor=\"#ffffff\"data-ihover=\"#ffffff\"data-height=\"0\"data-cntbg=\"rgba(0,0,0,0.01)\"data-cnthvrbg=\"rgba(0,0,0,0.01)\"data-headerbg=\"rgba(0,0,0,0.01)\"data-headerhover=\"rgba(0,0,0,0.01)\"data-title=\"Learn More\"data-newtitle=\"See Less\"data-icon=\"Defaults-caret-down\"data-newicon=\"Defaults-caret-up\"data-activeicon=\"#ffffff\"data-effect=\"slideToggle\"data-override=\"0\"data-activetitle=\"#ffffff\"data-activebg=\"rgba(0,0,0,0.01)\"data-img=\"\"data-newimg=\"\"><div  class=\"ult_exp_section-main ult_expright_icon\">\n\t\t\t\t\t<div class=\"ult_expheader\" >Learn More\n\t\t\t\t\t <\/div>\t<div class=\"ult-just-icon-wrapper ult_exp_icon\">\n\t\t\t\t\t<div class=\"align-icon \">\n\t\t\t\t\t\t\n<span class=\"aio-icon  none  ult_expsection_icon \"  style=\"color:#ffffff;font-size:26px;display:inline-block;\">\n\t<i class=\"Defaults-caret-down ult_ex_icon\"  ><\/i>\n<\/span>\n\t\t\t\t\t<\/div>\n\t\t\t\t<\/div><\/div>\n\t\t\t\t<\/div><div class=\"ult_exp_content \" style=\"background-color:rgba(255,255,255,0.01);padding:0px;margin:0px;\"><div class=\"ult_ecpsub_cont\" style=\" \" ><div class=\"wpb_text_column us_custom_1eb58205 has_text_color\"><div class=\"wpb_wrapper\"><p>What makes this module unique?<\/p>\n<ul>\n<li>Automatic scheduling<\/li>\n<li>Work with reinforcement bending schedules created with the PROKON concrete design modules or create drawings and schedules from scratch.<\/li>\n<li>Generate geometrical input for other PROKON analysis modules.<\/li>\n<\/ul>\n<\/div><\/div><\/div><\/div>\n\n\t\t\t<\/div><\/div><\/div><\/div><div class=\"wpb_column vc_column_container us_custom_4fcab3a0 has_bg_color\"><div class=\"vc_column-inner\">[vc_custom_heading text=&#8221;PROBAR 2D&#8221; use_theme_fonts=&#8221;yes&#8221; css=&#8221;%7B%22default%22%3A%7B%22color%22%3A%22%23ffffff%22%2C%22margin-bottom%22%3A%2220px%22%7D%7D&#8221;]<div class=\"wpb_text_column us_custom_23537951 has_text_color\"><div class=\"wpb_wrapper\"><p>Funcionalidad de armaduras y programaci\u00f3n autom\u00e1tica en AutoCAD\u00ae<\/p>\n<\/div><\/div><div class=\"wpb_text_column us_custom_bd521045 has_text_color\"><div class=\"wpb_wrapper\"><p>CAD &amp; Detallado<\/p>\n<\/div><\/div><div class=\"wpb_text_column us_custom_5c72ebc6 has_text_color\"><div class=\"wpb_wrapper\"><ul>\n<li>Probar 2D es una extensi\u00f3n, creada por PROKON, para AutoCAD\u00ae que lo convierte en un sistema completo de detallado de hormig\u00f3n armado.<\/li>\n<li>Probar 2D ofrece una funcionalidad casi id\u00e9ntica a Padds de PROKON, pero en el entorno de AutoCAD\u00ae.<\/li>\n<\/ul>\n<\/div><\/div><div class=\"w-vwrapper us_custom_2774bef1 align_none valign_bottom\"><div class=\"ult_exp_section_layer ult-adjust-bottom-margin box_design_icon-new\" >\n\t\t<div id=\"uvc-exp-wrap-6869\" role=\"button\" tabindex=\"0\" aria-pressed=\"false\"  data-ultimate-target='#uvc-exp-wrap-6869'  data-responsive-json-new='{\"font-size\":\"desktop:16px;tablet:16px;tablet_portrait:16px;mobile_landscape:16px;mobile:16px;\",\"line-height\":\"desktop:20px;\"}'  class=\"ult_exp_section  ult-responsive \" style=\"color:#ffffff;background-color:rgba(0,0,0,0.01);text-decoration:underline;font-weight:normal;margin:0px;padding:0px;text-align:left;\" data-textcolor=\"#ffffff\"data-texthover=\"#ffffff\"data-icncolor=\"#ffffff\"data-ihover=\"#ffffff\"data-height=\"0\"data-cntbg=\"rgba(0,0,0,0.01)\"data-cnthvrbg=\"rgba(0,0,0,0.01)\"data-headerbg=\"rgba(0,0,0,0.01)\"data-headerhover=\"rgba(0,0,0,0.01)\"data-title=\"Learn More\"data-newtitle=\"See Less\"data-icon=\"Defaults-caret-down\"data-newicon=\"Defaults-caret-up\"data-activeicon=\"#ffffff\"data-effect=\"slideToggle\"data-override=\"0\"data-activetitle=\"#ffffff\"data-activebg=\"rgba(0,0,0,0.01)\"data-img=\"\"data-newimg=\"\"><div  class=\"ult_exp_section-main ult_expright_icon\">\n\t\t\t\t\t<div class=\"ult_expheader\" >Learn More\n\t\t\t\t\t <\/div>\t<div class=\"ult-just-icon-wrapper ult_exp_icon\">\n\t\t\t\t\t<div class=\"align-icon \">\n\t\t\t\t\t\t\n<span class=\"aio-icon  none  ult_expsection_icon \"  style=\"color:#ffffff;font-size:26px;display:inline-block;\">\n\t<i class=\"Defaults-caret-down ult_ex_icon\"  ><\/i>\n<\/span>\n\t\t\t\t\t<\/div>\n\t\t\t\t<\/div><\/div>\n\t\t\t\t<\/div><div class=\"ult_exp_content \" style=\"background-color:rgba(255,255,255,0.01);padding:0px;margin:0px;\"><div class=\"ult_ecpsub_cont\" style=\" \" ><div class=\"wpb_text_column us_custom_1eb58205 has_text_color\"><div class=\"wpb_wrapper\"><p>\u00bfQu\u00e9 hace que este m\u00f3dulo sea \u00fanico?<\/p>\n<ul>\n<li>Agrega funcionalidad de armadura a Autodesk\u00ae AutoCAD\u00ae<\/li>\n<li>Programaci\u00f3n autom\u00e1tica.<\/li>\n<li>Varios asistentes de entrada que aceleran los detalles.<\/li>\n<li>Utilice las plantillas predeterminadas o cree las suyas propias.<\/li>\n<li>Flujo de trabajo optimizado para la colocaci\u00f3n de m\u00faltiples grupos de armaduras utilizando Multizone.<\/li>\n<\/ul>\n<\/div><\/div><\/div><\/div>\n\n\t\t\t<\/div><\/div><\/div><\/div><\/div><\/div><\/div><\/div><\/div><\/section>\n","protected":false},"excerpt":{"rendered":"[vc_custom_heading text=\"DETALLADO\" use_theme_fonts=\"yes\" css=\"%7B%22default%22%3A%7B%22color%22%3A%22%23ffffff%22%2C%22padding-bottom%22%3A%2210px%22%7D%7D\"]Un aspecto poderoso del dise\u00f1o y la ingenier\u00eda. Estas soluciones de software permiten detalles precisos, proporcionando dibujos y modelos completos que especifican todos los elementos del proyecto. Desde materiales y dimensiones hasta acabados y m\u00e9todos de instalaci\u00f3n, estas herramientas garantizan una transici\u00f3n perfecta desde el dise\u00f1o hasta la implementaci\u00f3n en industrias como...","protected":false},"author":1,"featured_media":0,"parent":1152,"menu_order":0,"comment_status":"closed","ping_status":"closed","template":"","meta":{"footnotes":""},"acf":[],"yoast_head":"\n<title>Detallado - Giscad Trinidad - es<\/title>\n<meta name=\"robots\" content=\"index, follow, max-snippet:-1, max-image-preview:large, max-video-preview:-1\" \/>\n<link rel=\"canonical\" href=\"https:\/\/giscadlimited.com\/trinidad-es\/products\/prokon-solutions\/detailing\/\" \/>\n<meta property=\"og:locale\" content=\"en_US\" \/>\n<meta property=\"og:type\" content=\"article\" \/>\n<meta property=\"og:title\" content=\"Detallado - Giscad Trinidad - es\" \/>\n<meta property=\"og:url\" content=\"https:\/\/giscadlimited.com\/trinidad-es\/products\/prokon-solutions\/detailing\/\" \/>\n<meta property=\"og:site_name\" content=\"Giscad Trinidad - es\" \/>\n<meta property=\"article:publisher\" content=\"https:\/\/www.facebook.com\/GISCADLtd\" \/>\n<meta property=\"article:modified_time\" content=\"2023-07-17T15:54:55+00:00\" \/>\n<meta name=\"twitter:card\" content=\"summary_large_image\" \/>\n<meta name=\"twitter:label1\" content=\"Est. reading time\" \/>\n\t<meta name=\"twitter:data1\" content=\"8 minutes\" \/>\n<script type=\"application\/ld+json\" class=\"yoast-schema-graph\">{\"@context\":\"https:\/\/schema.org\",\"@graph\":[{\"@type\":\"WebPage\",\"@id\":\"https:\/\/giscadlimited.com\/trinidad-es\/products\/prokon-solutions\/detailing\/\",\"url\":\"https:\/\/giscadlimited.com\/trinidad-es\/products\/prokon-solutions\/detailing\/\",\"name\":\"Detallado - Giscad Trinidad - es\",\"isPartOf\":{\"@id\":\"https:\/\/giscadlimited.com\/trinidad-es\/#website\"},\"datePublished\":\"2023-06-28T06:59:29+00:00\",\"dateModified\":\"2023-07-17T15:54:55+00:00\",\"breadcrumb\":{\"@id\":\"https:\/\/giscadlimited.com\/trinidad-es\/products\/prokon-solutions\/detailing\/#breadcrumb\"},\"inLanguage\":\"en-US\",\"potentialAction\":[{\"@type\":\"ReadAction\",\"target\":[\"https:\/\/giscadlimited.com\/trinidad-es\/products\/prokon-solutions\/detailing\/\"]}]},{\"@type\":\"BreadcrumbList\",\"@id\":\"https:\/\/giscadlimited.com\/trinidad-es\/products\/prokon-solutions\/detailing\/#breadcrumb\",\"itemListElement\":[{\"@type\":\"ListItem\",\"position\":1,\"name\":\"Home\",\"item\":\"https:\/\/giscadlimited.com\/trinidad-es\/\"},{\"@type\":\"ListItem\",\"position\":2,\"name\":\"Products\",\"item\":\"https:\/\/giscadlimited.com\/trinidad-es\/products\/\"},{\"@type\":\"ListItem\",\"position\":3,\"name\":\"Prokon Solutions\",\"item\":\"https:\/\/giscadlimited.com\/trinidad-es\/products\/prokon-solutions\/\"},{\"@type\":\"ListItem\",\"position\":4,\"name\":\"Detallado\"}]},{\"@type\":\"WebSite\",\"@id\":\"https:\/\/giscadlimited.com\/trinidad-es\/#website\",\"url\":\"https:\/\/giscadlimited.com\/trinidad-es\/\",\"name\":\"Giscad Trinidad - es\",\"description\":\"\",\"publisher\":{\"@id\":\"https:\/\/giscadlimited.com\/trinidad-es\/#organization\"},\"potentialAction\":[{\"@type\":\"SearchAction\",\"target\":{\"@type\":\"EntryPoint\",\"urlTemplate\":\"https:\/\/giscadlimited.com\/trinidad-es\/?s={search_term_string}\"},\"query-input\":\"required name=search_term_string\"}],\"inLanguage\":\"en-US\"},{\"@type\":\"Organization\",\"@id\":\"https:\/\/giscadlimited.com\/trinidad-es\/#organization\",\"name\":\"Giscad Trinidad - es\",\"url\":\"https:\/\/giscadlimited.com\/trinidad-es\/\",\"logo\":{\"@type\":\"ImageObject\",\"inLanguage\":\"en-US\",\"@id\":\"https:\/\/giscadlimited.com\/trinidad-es\/#\/schema\/logo\/image\/\",\"url\":\"https:\/\/giscadlimited.com\/trinidad-es\/quo_storage\/sites\/3\/2023\/05\/logo.png\",\"contentUrl\":\"https:\/\/giscadlimited.com\/trinidad-es\/quo_storage\/sites\/3\/2023\/05\/logo.png\",\"width\":188,\"height\":56,\"caption\":\"Giscad Trinidad - es\"},\"image\":{\"@id\":\"https:\/\/giscadlimited.com\/trinidad-es\/#\/schema\/logo\/image\/\"},\"sameAs\":[\"https:\/\/www.facebook.com\/GISCADLtd\",\"https:\/\/www.instagram.com\/giscadltd\/\",\"https:\/\/www.linkedin.com\/company\/giscad-ltd\/\",\"https:\/\/www.tiktok.com\/@giscadlimited\"]}]}<\/script>\n","yoast_head_json":{"title":"Detallado - Giscad Trinidad - es","robots":{"index":"index","follow":"follow","max-snippet":"max-snippet:-1","max-image-preview":"max-image-preview:large","max-video-preview":"max-video-preview:-1"},"canonical":"https:\/\/giscadlimited.com\/trinidad-es\/products\/prokon-solutions\/detailing\/","og_locale":"en_US","og_type":"article","og_title":"Detallado - Giscad Trinidad - es","og_url":"https:\/\/giscadlimited.com\/trinidad-es\/products\/prokon-solutions\/detailing\/","og_site_name":"Giscad Trinidad - es","article_publisher":"https:\/\/www.facebook.com\/GISCADLtd","article_modified_time":"2023-07-17T15:54:55+00:00","twitter_card":"summary_large_image","twitter_misc":{"Est. reading time":"8 minutes"},"schema":{"@context":"https:\/\/schema.org","@graph":[{"@type":"WebPage","@id":"https:\/\/giscadlimited.com\/trinidad-es\/products\/prokon-solutions\/detailing\/","url":"https:\/\/giscadlimited.com\/trinidad-es\/products\/prokon-solutions\/detailing\/","name":"Detallado - Giscad Trinidad - es","isPartOf":{"@id":"https:\/\/giscadlimited.com\/trinidad-es\/#website"},"datePublished":"2023-06-28T06:59:29+00:00","dateModified":"2023-07-17T15:54:55+00:00","breadcrumb":{"@id":"https:\/\/giscadlimited.com\/trinidad-es\/products\/prokon-solutions\/detailing\/#breadcrumb"},"inLanguage":"en-US","potentialAction":[{"@type":"ReadAction","target":["https:\/\/giscadlimited.com\/trinidad-es\/products\/prokon-solutions\/detailing\/"]}]},{"@type":"BreadcrumbList","@id":"https:\/\/giscadlimited.com\/trinidad-es\/products\/prokon-solutions\/detailing\/#breadcrumb","itemListElement":[{"@type":"ListItem","position":1,"name":"Home","item":"https:\/\/giscadlimited.com\/trinidad-es\/"},{"@type":"ListItem","position":2,"name":"Products","item":"https:\/\/giscadlimited.com\/trinidad-es\/products\/"},{"@type":"ListItem","position":3,"name":"Prokon Solutions","item":"https:\/\/giscadlimited.com\/trinidad-es\/products\/prokon-solutions\/"},{"@type":"ListItem","position":4,"name":"Detallado"}]},{"@type":"WebSite","@id":"https:\/\/giscadlimited.com\/trinidad-es\/#website","url":"https:\/\/giscadlimited.com\/trinidad-es\/","name":"Giscad Trinidad - es","description":"","publisher":{"@id":"https:\/\/giscadlimited.com\/trinidad-es\/#organization"},"potentialAction":[{"@type":"SearchAction","target":{"@type":"EntryPoint","urlTemplate":"https:\/\/giscadlimited.com\/trinidad-es\/?s={search_term_string}"},"query-input":"required name=search_term_string"}],"inLanguage":"en-US"},{"@type":"Organization","@id":"https:\/\/giscadlimited.com\/trinidad-es\/#organization","name":"Giscad Trinidad - es","url":"https:\/\/giscadlimited.com\/trinidad-es\/","logo":{"@type":"ImageObject","inLanguage":"en-US","@id":"https:\/\/giscadlimited.com\/trinidad-es\/#\/schema\/logo\/image\/","url":"https:\/\/giscadlimited.com\/trinidad-es\/quo_storage\/sites\/3\/2023\/05\/logo.png","contentUrl":"https:\/\/giscadlimited.com\/trinidad-es\/quo_storage\/sites\/3\/2023\/05\/logo.png","width":188,"height":56,"caption":"Giscad Trinidad - es"},"image":{"@id":"https:\/\/giscadlimited.com\/trinidad-es\/#\/schema\/logo\/image\/"},"sameAs":["https:\/\/www.facebook.com\/GISCADLtd","https:\/\/www.instagram.com\/giscadltd\/","https:\/\/www.linkedin.com\/company\/giscad-ltd\/","https:\/\/www.tiktok.com\/@giscadlimited"]}]}},"_links":{"self":[{"href":"https:\/\/giscadlimited.com\/trinidad-es\/wp-json\/wp\/v2\/pages\/1319"}],"collection":[{"href":"https:\/\/giscadlimited.com\/trinidad-es\/wp-json\/wp\/v2\/pages"}],"about":[{"href":"https:\/\/giscadlimited.com\/trinidad-es\/wp-json\/wp\/v2\/types\/page"}],"author":[{"embeddable":true,"href":"https:\/\/giscadlimited.com\/trinidad-es\/wp-json\/wp\/v2\/users\/1"}],"replies":[{"embeddable":true,"href":"https:\/\/giscadlimited.com\/trinidad-es\/wp-json\/wp\/v2\/comments?post=1319"}],"version-history":[{"count":2,"href":"https:\/\/giscadlimited.com\/trinidad-es\/wp-json\/wp\/v2\/pages\/1319\/revisions"}],"predecessor-version":[{"id":2172,"href":"https:\/\/giscadlimited.com\/trinidad-es\/wp-json\/wp\/v2\/pages\/1319\/revisions\/2172"}],"up":[{"embeddable":true,"href":"https:\/\/giscadlimited.com\/trinidad-es\/wp-json\/wp\/v2\/pages\/1152"}],"wp:attachment":[{"href":"https:\/\/giscadlimited.com\/trinidad-es\/wp-json\/wp\/v2\/media?parent=1319"}],"curies":[{"name":"wp","href":"https:\/\/api.w.org\/{rel}","templated":true}]}}