{"id":1260,"date":"2023-06-28T05:29:41","date_gmt":"2023-06-28T05:29:41","guid":{"rendered":"https:\/\/giscadlimited.com\/trinidad\/?page_id=1260"},"modified":"2023-07-14T16:05:29","modified_gmt":"2023-07-14T20:05:29","slug":"composite-design","status":"publish","type":"page","link":"https:\/\/giscadlimited.com\/trinidad-es\/products\/prokon-solutions\/composite-design\/","title":{"rendered":"Dise\u00f1o Compuesto"},"content":{"rendered":"<section class=\"l-section wpb_row us_custom_2527dd91 Composite-product-section height_medium full_height valign_center with_img\"><div class=\"l-section-img\" data-img-width=\"714\" data-img-height=\"654\" style=\"background-image: url(https:\/\/giscadlimited.com\/trinidad-es\/quo_storage\/sites\/3\/2023\/07\/Composite-Design-Main-Image.png);background-position: bottom right;background-repeat: no-repeat;background-size: contain;\"><\/div><div class=\"l-section-h i-cf\"><div class=\"g-cols vc_row via_grid cols_1 laptops-cols_inherit tablets-cols_inherit mobiles-cols_1 valign_middle type_default stacking_default\"><div class=\"wpb_column vc_column_container\"><div class=\"vc_column-inner\"><div class=\"g-cols wpb_row via_grid cols_1 laptops-cols_inherit tablets-cols_inherit mobiles-cols_1 valign_middle type_default stacking_default\"><div class=\"wpb_column vc_column_container\"><div class=\"vc_column-inner\">[vc_custom_heading text=&#8221;DISE\u00d1O COMPUESTO&#8221; use_theme_fonts=&#8221;yes&#8221; css=&#8221;%7B%22default%22%3A%7B%22color%22%3A%22%23ffffff%22%2C%22padding-bottom%22%3A%2210px%22%7D%7D&#8221;]<div class=\"wpb_text_column us_custom_622a4db0 has_text_color\"><div class=\"wpb_wrapper\"><p>Utilizar software de vanguardia para dise\u00f1ar y optimizar estructuras compuestas por m\u00faltiples materiales constituyentes. Ideal para industrias como la aeroespacial y la arquitectura, esta tecnolog\u00eda crea componentes que equilibran de manera fluida la resistencia, la flexibilidad y la eficiencia.<\/p>\n<\/div><\/div><\/div><\/div><\/div><\/div><\/div><\/div><\/div><\/section><section class=\"l-section wpb_row us_custom_c855c670 Strategic-products composite-products-line under-links height_medium\"><div class=\"l-section-h i-cf\"><div class=\"g-cols vc_row via_grid cols_1 laptops-cols_inherit tablets-cols_inherit mobiles-cols_1 valign_top type_default stacking_default\"><div class=\"wpb_column vc_column_container\"><div class=\"vc_column-inner\"><div class=\"g-cols wpb_row us_custom_7548d068 via_grid cols_2 laptops-cols_inherit tablets-cols_inherit mobiles-cols_1 valign_top type_default stacking_default\"><div class=\"wpb_column vc_column_container us_custom_2cf0f3a4 has_bg_color\"><div class=\"vc_column-inner\">[vc_custom_heading text=&#8221;VIGA&#8221; use_theme_fonts=&#8221;yes&#8221; css=&#8221;%7B%22default%22%3A%7B%22color%22%3A%22%23ffffff%22%2C%22margin-bottom%22%3A%2220px%22%7D%7D&#8221;]<div class=\"wpb_text_column us_custom_23537951 has_text_color\"><div class=\"wpb_wrapper\"><p>Dise\u00f1o de secciones de vigas y losas compuestas para momentos de pandeo y de flexi\u00f3n inversa.<\/p>\n<\/div><\/div><div class=\"wpb_text_column us_custom_bd521045 has_text_color\"><div class=\"wpb_wrapper\"><p>Dise\u00f1o<\/p>\n<\/div><\/div><div class=\"wpb_text_column us_custom_30c6ae81 has_text_color\"><div class=\"wpb_wrapper\"><p>Dise\u00f1ar secciones de viga y losa compuestas para momentos de flexi\u00f3n positivos (hogo) y negativos (flexi\u00f3n inversa). Se pueden elegir entre diversas configuraciones, incluyendo perfiles acanalados y corrugados. Se permiten tanto conexiones parciales como completas de corte.<\/p>\n<\/div><\/div><div class=\"w-vwrapper us_custom_2774bef1 align_none valign_bottom\"><div class=\"ult_exp_section_layer ult-adjust-bottom-margin box_design_icon-new\" >\n\t\t<div id=\"uvc-exp-wrap-6277\" role=\"button\" tabindex=\"0\" aria-pressed=\"false\"  data-ultimate-target='#uvc-exp-wrap-6277'  data-responsive-json-new='{\"font-size\":\"desktop:16px;tablet:16px;tablet_portrait:16px;mobile_landscape:16px;mobile:16px;\",\"line-height\":\"desktop:20px;\"}'  class=\"ult_exp_section  ult-responsive \" style=\"color:#ffffff;background-color:rgba(0,0,0,0.01);text-decoration:underline;font-weight:normal;margin:0px;padding:0px;text-align:left;\" data-textcolor=\"#ffffff\"data-texthover=\"#ffffff\"data-icncolor=\"#ffffff\"data-ihover=\"#ffffff\"data-height=\"0\"data-cntbg=\"rgba(0,0,0,0.01)\"data-cnthvrbg=\"rgba(0,0,0,0.01)\"data-headerbg=\"rgba(0,0,0,0.01)\"data-headerhover=\"rgba(0,0,0,0.01)\"data-title=\"Learn More\"data-newtitle=\"See Less\"data-icon=\"Defaults-caret-down\"data-newicon=\"Defaults-caret-up\"data-activeicon=\"#ffffff\"data-effect=\"slideToggle\"data-override=\"0\"data-activetitle=\"#ffffff\"data-activebg=\"rgba(0,0,0,0.01)\"data-img=\"\"data-newimg=\"\"><div  class=\"ult_exp_section-main ult_expright_icon\">\n\t\t\t\t\t<div class=\"ult_expheader\" >Learn More\n\t\t\t\t\t <\/div>\t<div class=\"ult-just-icon-wrapper ult_exp_icon\">\n\t\t\t\t\t<div class=\"align-icon \">\n\t\t\t\t\t\t\n<span class=\"aio-icon  none  ult_expsection_icon \"  style=\"color:#ffffff;font-size:26px;display:inline-block;\">\n\t<i class=\"Defaults-caret-down ult_ex_icon\"  ><\/i>\n<\/span>\n\t\t\t\t\t<\/div>\n\t\t\t\t<\/div><\/div>\n\t\t\t\t<\/div><div class=\"ult_exp_content \" style=\"background-color:rgba(255,255,255,0.01);padding:0px;margin:0px;\"><div class=\"ult_ecpsub_cont\" style=\" \" ><div class=\"wpb_text_column us_custom_1eb58205 has_text_color\"><div class=\"wpb_wrapper\"><p>\u00bfQu\u00e9 hace que este m\u00f3dulo sea \u00fanico?<\/p>\n<ul>\n<li>Dise\u00f1e una secci\u00f3n para momentos de flexi\u00f3n positiva y negativa.<\/li>\n<li>Se admiten varios dise\u00f1os de cubierta.<\/li>\n<li>Los controles de dise\u00f1o interactivos indican qu\u00e9 modo de falla es dominante.<\/li>\n<li>Se admiten est\u00e1ndares internacionales de dise\u00f1o.<\/li>\n<li>C\u00e1lculos detallados.<\/li>\n<\/ul>\n<\/div><\/div><\/div><\/div>\n\n\t\t\t<\/div><\/div><\/div><\/div><div class=\"wpb_column vc_column_container us_custom_4fcab3a0 has_bg_color\"><div class=\"vc_column-inner\">[vc_custom_heading text=&#8221;VIGA CONTINUA&#8221; use_theme_fonts=&#8221;yes&#8221; css=&#8221;%7B%22default%22%3A%7B%22color%22%3A%22%23ffffff%22%2C%22margin-bottom%22%3A%2220px%22%7D%7D&#8221;]<div class=\"wpb_text_column us_custom_23537951 has_text_color\"><div class=\"wpb_wrapper\"><p>An\u00e1lisis y dise\u00f1o de vigas y losas compuestas continuas.<\/p>\n<\/div><\/div><div class=\"wpb_text_column us_custom_bd521045 has_text_color\"><div class=\"wpb_wrapper\"><p>An\u00e1lisis | Dise\u00f1o | Detallado<\/p>\n<\/div><\/div><div class=\"wpb_text_column us_custom_5c72ebc6 has_text_color\"><div class=\"wpb_wrapper\"><p>El programa de dise\u00f1o de vigas compuestas de tramo continuo te permite dise\u00f1ar vigas compuestas de varios tramos. Los m\u00e9todos de construcci\u00f3n compuesta est\u00e1n ganando popularidad a nivel mundial debido al r\u00e1pido potencial de construcci\u00f3n y al uso eficiente de materiales. El programa forma parte de la suite de an\u00e1lisis y dise\u00f1o estructural PROKON, junto con otros tres m\u00f3dulos de dise\u00f1o compuesto.<\/p>\n<\/div><\/div><div class=\"w-vwrapper us_custom_2774bef1 align_none valign_bottom\"><div class=\"ult_exp_section_layer ult-adjust-bottom-margin box_design_icon-new\" >\n\t\t<div id=\"uvc-exp-wrap-5445\" role=\"button\" tabindex=\"0\" aria-pressed=\"false\"  data-ultimate-target='#uvc-exp-wrap-5445'  data-responsive-json-new='{\"font-size\":\"desktop:16px;tablet:16px;tablet_portrait:16px;mobile_landscape:16px;mobile:16px;\",\"line-height\":\"desktop:20px;\"}'  class=\"ult_exp_section  ult-responsive \" style=\"color:#ffffff;background-color:rgba(0,0,0,0.01);text-decoration:underline;font-weight:normal;margin:0px;padding:0px;text-align:left;\" data-textcolor=\"#ffffff\"data-texthover=\"#ffffff\"data-icncolor=\"#ffffff\"data-ihover=\"#ffffff\"data-height=\"0\"data-cntbg=\"rgba(0,0,0,0.01)\"data-cnthvrbg=\"rgba(0,0,0,0.01)\"data-headerbg=\"rgba(0,0,0,0.01)\"data-headerhover=\"rgba(0,0,0,0.01)\"data-title=\"Learn More\"data-newtitle=\"See Less\"data-icon=\"Defaults-caret-down\"data-newicon=\"Defaults-caret-up\"data-activeicon=\"#ffffff\"data-effect=\"slideToggle\"data-override=\"0\"data-activetitle=\"#ffffff\"data-activebg=\"rgba(0,0,0,0.01)\"data-img=\"\"data-newimg=\"\"><div  class=\"ult_exp_section-main ult_expright_icon\">\n\t\t\t\t\t<div class=\"ult_expheader\" >Learn More\n\t\t\t\t\t <\/div>\t<div class=\"ult-just-icon-wrapper ult_exp_icon\">\n\t\t\t\t\t<div class=\"align-icon \">\n\t\t\t\t\t\t\n<span class=\"aio-icon  none  ult_expsection_icon \"  style=\"color:#ffffff;font-size:26px;display:inline-block;\">\n\t<i class=\"Defaults-caret-down ult_ex_icon\"  ><\/i>\n<\/span>\n\t\t\t\t\t<\/div>\n\t\t\t\t<\/div><\/div>\n\t\t\t\t<\/div><div class=\"ult_exp_content \" style=\"background-color:rgba(255,255,255,0.01);padding:0px;margin:0px;\"><div class=\"ult_ecpsub_cont\" style=\" \" ><div class=\"wpb_text_column us_custom_1eb58205 has_text_color\"><div class=\"wpb_wrapper\"><p>\u00bfQu\u00e9 hace que este m\u00f3dulo sea \u00fanico?<\/p>\n<ul>\n<li>Dise\u00f1o de una secci\u00f3n para pandeo y contracci\u00f3n.<\/li>\n<li>Varios dise\u00f1os de plataforma.<\/li>\n<li>Vigas compuestas de m\u00faltiples tramos.<\/li>\n<li>Diferentes m\u00e9todos de construcci\u00f3n.<\/li>\n<li>Cargas puntuales y momentos, as\u00ed como cargas distribuidas.<\/li>\n<li>Generador autom\u00e1tico de cargas y combinaciones.<\/li>\n<li>Soporte para est\u00e1ndares internacionales de dise\u00f1o.<\/li>\n<li>La salida incluye deflexiones el\u00e1sticas y a largo plazo, fuerzas cortantes y momentos flexionantes.<\/li>\n<li>Ecuaciones detalladas.<\/li>\n<\/ul>\n<\/div><\/div><\/div><\/div>\n\n\t\t\t<\/div><\/div><\/div><\/div><\/div><div class=\"g-cols wpb_row us_custom_7548d068 via_grid cols_2 laptops-cols_inherit tablets-cols_inherit mobiles-cols_1 valign_top type_default stacking_default\"><div class=\"wpb_column vc_column_container us_custom_5d6e9bd9 has_bg_color\"><div class=\"vc_column-inner\">[vc_custom_heading text=&#8221;COLUMNA LLENA&#8221; use_theme_fonts=&#8221;yes&#8221; css=&#8221;%7B%22default%22%3A%7B%22color%22%3A%22%23ffffff%22%2C%22margin-bottom%22%3A%2220px%22%7D%7D&#8221;]<div class=\"wpb_text_column us_custom_23537951 has_text_color\"><div class=\"wpb_wrapper\"><p>Dise\u00f1ar perfiles de acero huecos rellenos de concreto con refuerzo.<\/p>\n<\/div><\/div><div class=\"wpb_text_column us_custom_bd521045 has_text_color\"><div class=\"wpb_wrapper\"><p>Dise\u00f1o<\/p>\n<\/div><\/div><div class=\"wpb_text_column us_custom_30c6ae81 has_text_color\"><div class=\"wpb_wrapper\"><p>Dise\u00f1ar columnas hechas de secciones huecas de acero rellenas de concreto. Ver diagramas interactivos de dise\u00f1o para evaluar diferentes combinaciones de carga aplicada.<\/p>\n<\/div><\/div><div class=\"w-vwrapper us_custom_2774bef1 align_none valign_bottom\"><div class=\"ult_exp_section_layer ult-adjust-bottom-margin box_design_icon-new\" >\n\t\t<div id=\"uvc-exp-wrap-9312\" role=\"button\" tabindex=\"0\" aria-pressed=\"false\"  data-ultimate-target='#uvc-exp-wrap-9312'  data-responsive-json-new='{\"font-size\":\"desktop:16px;tablet:16px;tablet_portrait:16px;mobile_landscape:16px;mobile:16px;\",\"line-height\":\"desktop:20px;\"}'  class=\"ult_exp_section  ult-responsive \" style=\"color:#ffffff;background-color:rgba(0,0,0,0.01);text-decoration:underline;font-weight:normal;margin:0px;padding:0px;text-align:left;\" data-textcolor=\"#ffffff\"data-texthover=\"#ffffff\"data-icncolor=\"#ffffff\"data-ihover=\"#ffffff\"data-height=\"0\"data-cntbg=\"rgba(0,0,0,0.01)\"data-cnthvrbg=\"rgba(0,0,0,0.01)\"data-headerbg=\"rgba(0,0,0,0.01)\"data-headerhover=\"rgba(0,0,0,0.01)\"data-title=\"Learn More\"data-newtitle=\"See Less\"data-icon=\"Defaults-caret-down\"data-newicon=\"Defaults-caret-up\"data-activeicon=\"#ffffff\"data-effect=\"slideToggle\"data-override=\"0\"data-activetitle=\"#ffffff\"data-activebg=\"rgba(0,0,0,0.01)\"data-img=\"\"data-newimg=\"\"><div  class=\"ult_exp_section-main ult_expright_icon\">\n\t\t\t\t\t<div class=\"ult_expheader\" >Learn More\n\t\t\t\t\t <\/div>\t<div class=\"ult-just-icon-wrapper ult_exp_icon\">\n\t\t\t\t\t<div class=\"align-icon \">\n\t\t\t\t\t\t\n<span class=\"aio-icon  none  ult_expsection_icon \"  style=\"color:#ffffff;font-size:26px;display:inline-block;\">\n\t<i class=\"Defaults-caret-down ult_ex_icon\"  ><\/i>\n<\/span>\n\t\t\t\t\t<\/div>\n\t\t\t\t<\/div><\/div>\n\t\t\t\t<\/div><div class=\"ult_exp_content \" style=\"background-color:rgba(255,255,255,0.01);padding:0px;margin:0px;\"><div class=\"ult_ecpsub_cont\" style=\" \" ><div class=\"wpb_text_column us_custom_1eb58205 has_text_color\"><div class=\"wpb_wrapper\"><p>\u00bfQu\u00e9 hace que este m\u00f3dulo sea \u00fanico?<\/p>\n<ul>\n<li>C\u00e1lculo de resistencia en secci\u00f3n, incluyendo efectos de segundo orden y no linealidad del material.<\/li>\n<li>Dise\u00f1o de columnas compuestas, incluyendo secci\u00f3n de acero, concreto y refuerzo.<\/li>\n<li>Gr\u00e1ficos de interacci\u00f3n para ambos ejes de dise\u00f1o.<\/li>\n<li>Inclusi\u00f3n de normas internacionales de dise\u00f1o.<\/li>\n<li>Ecuaciones detalladas.<\/li>\n<\/ul>\n<\/div><\/div><\/div><\/div>\n\n\t\t\t<\/div><\/div><\/div><\/div><div class=\"wpb_column vc_column_container us_custom_d462f572 has_bg_color\"><div class=\"vc_column-inner\">[vc_custom_heading text=&#8221;COLUMNA REVESTIDA&#8221; use_theme_fonts=&#8221;yes&#8221; css=&#8221;%7B%22default%22%3A%7B%22color%22%3A%22%23ffffff%22%2C%22margin-bottom%22%3A%2220px%22%7D%7D&#8221;]<div class=\"wpb_text_column us_custom_23537951 has_text_color\"><div class=\"wpb_wrapper\"><p>Dise\u00f1o de perfiles de acero embebidos en hormig\u00f3n con armadura.<\/p>\n<\/div><\/div><div class=\"wpb_text_column us_custom_bd521045 has_text_color\"><div class=\"wpb_wrapper\"><p>Dise\u00f1o<\/p>\n<\/div><\/div><div class=\"wpb_text_column us_custom_30c6ae81 has_text_color\"><div class=\"wpb_wrapper\"><p>Dise\u00f1e columnas de acero revestidas de hormig\u00f3n que se utilizan normalmente en la construcci\u00f3n de reacondicionamiento. Vea diagramas de dise\u00f1o interactivos para evaluar diferentes combinaciones de carga aplicada.<\/p>\n<\/div><\/div><div class=\"w-vwrapper us_custom_2774bef1 align_none valign_bottom\"><div class=\"ult_exp_section_layer ult-adjust-bottom-margin box_design_icon-new\" >\n\t\t<div id=\"uvc-exp-wrap-6665\" role=\"button\" tabindex=\"0\" aria-pressed=\"false\"  data-ultimate-target='#uvc-exp-wrap-6665'  data-responsive-json-new='{\"font-size\":\"desktop:16px;tablet:16px;tablet_portrait:16px;mobile_landscape:16px;mobile:16px;\",\"line-height\":\"desktop:20px;\"}'  class=\"ult_exp_section  ult-responsive \" style=\"color:#ffffff;background-color:rgba(0,0,0,0.01);text-decoration:underline;font-weight:normal;margin:0px;padding:0px;text-align:left;\" data-textcolor=\"#ffffff\"data-texthover=\"#ffffff\"data-icncolor=\"#ffffff\"data-ihover=\"#ffffff\"data-height=\"0\"data-cntbg=\"rgba(0,0,0,0.01)\"data-cnthvrbg=\"rgba(0,0,0,0.01)\"data-headerbg=\"rgba(0,0,0,0.01)\"data-headerhover=\"rgba(0,0,0,0.01)\"data-title=\"Learn More\"data-newtitle=\"See Less\"data-icon=\"Defaults-caret-down\"data-newicon=\"Defaults-caret-up\"data-activeicon=\"#ffffff\"data-effect=\"slideToggle\"data-override=\"0\"data-activetitle=\"#ffffff\"data-activebg=\"rgba(0,0,0,0.01)\"data-img=\"\"data-newimg=\"\"><div  class=\"ult_exp_section-main ult_expright_icon\">\n\t\t\t\t\t<div class=\"ult_expheader\" >Learn More\n\t\t\t\t\t <\/div>\t<div class=\"ult-just-icon-wrapper ult_exp_icon\">\n\t\t\t\t\t<div class=\"align-icon \">\n\t\t\t\t\t\t\n<span class=\"aio-icon  none  ult_expsection_icon \"  style=\"color:#ffffff;font-size:26px;display:inline-block;\">\n\t<i class=\"Defaults-caret-down ult_ex_icon\"  ><\/i>\n<\/span>\n\t\t\t\t\t<\/div>\n\t\t\t\t<\/div><\/div>\n\t\t\t\t<\/div><div class=\"ult_exp_content \" style=\"background-color:rgba(255,255,255,0.01);padding:0px;margin:0px;\"><div class=\"ult_ecpsub_cont\" style=\" \" ><div class=\"wpb_text_column us_custom_1eb58205 has_text_color\"><div class=\"wpb_wrapper\"><p>\u00bfQu\u00e9 hace que este m\u00f3dulo sea \u00fanico?<\/p>\n<ul>\n<li>C\u00e1lculo de la resistencia de la secci\u00f3n, incluidos los efectos de segundo orden y la no linealidad del material.<\/li>\n<li>Dise\u00f1o de columnas compuestas, incluyendo secci\u00f3n de acero, hormig\u00f3n y barras de refuerzo.<\/li>\n<li>Gr\u00e1ficos de interacci\u00f3n para ambos ejes de dise\u00f1o.<\/li>\n<li>Normas internacionales de dise\u00f1o incluidas.<\/li>\n<li>Ecuaciones detalladas.<\/li>\n<\/ul>\n<\/div><\/div><\/div><\/div>\n\n\t\t\t<\/div><\/div><\/div><\/div><\/div><\/div><\/div><\/div><\/div><\/section>\n","protected":false},"excerpt":{"rendered":"[vc_custom_heading text=\"DISE\u00d1O COMPUESTO\" use_theme_fonts=\"yes\" css=\"%7B%22default%22%3A%7B%22color%22%3A%22%23ffffff%22%2C%22padding-bottom%22%3A%2210px%22%7D%7D\"]Utilizar software de vanguardia para dise\u00f1ar y optimizar estructuras compuestas por m\u00faltiples materiales constituyentes. Ideal para industrias como la aeroespacial y la arquitectura, esta tecnolog\u00eda crea componentes que equilibran de manera fluida la resistencia, la flexibilidad y la eficiencia. [vc_custom_heading text=\"VIGA\" use_theme_fonts=\"yes\" css=\"%7B%22default%22%3A%7B%22color%22%3A%22%23ffffff%22%2C%22margin-bottom%22%3A%2220px%22%7D%7D\"]Dise\u00f1o de secciones de vigas y losas compuestas para...","protected":false},"author":1,"featured_media":0,"parent":1152,"menu_order":0,"comment_status":"closed","ping_status":"closed","template":"","meta":{"footnotes":""},"acf":[],"yoast_head":"\n<title>Dise\u00f1o Compuesto - Giscad Trinidad - es<\/title>\n<meta name=\"robots\" content=\"index, follow, max-snippet:-1, max-image-preview:large, max-video-preview:-1\" \/>\n<link rel=\"canonical\" href=\"https:\/\/giscadlimited.com\/trinidad-es\/products\/prokon-solutions\/composite-design\/\" \/>\n<meta property=\"og:locale\" content=\"en_US\" \/>\n<meta property=\"og:type\" content=\"article\" \/>\n<meta property=\"og:title\" content=\"Dise\u00f1o Compuesto - Giscad Trinidad - es\" \/>\n<meta property=\"og:url\" content=\"https:\/\/giscadlimited.com\/trinidad-es\/products\/prokon-solutions\/composite-design\/\" \/>\n<meta property=\"og:site_name\" content=\"Giscad Trinidad - es\" \/>\n<meta property=\"article:publisher\" content=\"https:\/\/www.facebook.com\/GISCADLtd\" \/>\n<meta property=\"article:modified_time\" content=\"2023-07-14T20:05:29+00:00\" \/>\n<meta name=\"twitter:card\" content=\"summary_large_image\" \/>\n<meta name=\"twitter:label1\" content=\"Est. reading time\" \/>\n\t<meta name=\"twitter:data1\" content=\"14 minutes\" \/>\n<script type=\"application\/ld+json\" class=\"yoast-schema-graph\">{\"@context\":\"https:\/\/schema.org\",\"@graph\":[{\"@type\":\"WebPage\",\"@id\":\"https:\/\/giscadlimited.com\/trinidad-es\/products\/prokon-solutions\/composite-design\/\",\"url\":\"https:\/\/giscadlimited.com\/trinidad-es\/products\/prokon-solutions\/composite-design\/\",\"name\":\"Dise\u00f1o Compuesto - Giscad Trinidad - es\",\"isPartOf\":{\"@id\":\"https:\/\/giscadlimited.com\/trinidad-es\/#website\"},\"datePublished\":\"2023-06-28T05:29:41+00:00\",\"dateModified\":\"2023-07-14T20:05:29+00:00\",\"breadcrumb\":{\"@id\":\"https:\/\/giscadlimited.com\/trinidad-es\/products\/prokon-solutions\/composite-design\/#breadcrumb\"},\"inLanguage\":\"en-US\",\"potentialAction\":[{\"@type\":\"ReadAction\",\"target\":[\"https:\/\/giscadlimited.com\/trinidad-es\/products\/prokon-solutions\/composite-design\/\"]}]},{\"@type\":\"BreadcrumbList\",\"@id\":\"https:\/\/giscadlimited.com\/trinidad-es\/products\/prokon-solutions\/composite-design\/#breadcrumb\",\"itemListElement\":[{\"@type\":\"ListItem\",\"position\":1,\"name\":\"Home\",\"item\":\"https:\/\/giscadlimited.com\/trinidad-es\/\"},{\"@type\":\"ListItem\",\"position\":2,\"name\":\"Products\",\"item\":\"https:\/\/giscadlimited.com\/trinidad-es\/products\/\"},{\"@type\":\"ListItem\",\"position\":3,\"name\":\"Prokon Solutions\",\"item\":\"https:\/\/giscadlimited.com\/trinidad-es\/products\/prokon-solutions\/\"},{\"@type\":\"ListItem\",\"position\":4,\"name\":\"Dise\u00f1o Compuesto\"}]},{\"@type\":\"WebSite\",\"@id\":\"https:\/\/giscadlimited.com\/trinidad-es\/#website\",\"url\":\"https:\/\/giscadlimited.com\/trinidad-es\/\",\"name\":\"Giscad Trinidad - es\",\"description\":\"\",\"publisher\":{\"@id\":\"https:\/\/giscadlimited.com\/trinidad-es\/#organization\"},\"potentialAction\":[{\"@type\":\"SearchAction\",\"target\":{\"@type\":\"EntryPoint\",\"urlTemplate\":\"https:\/\/giscadlimited.com\/trinidad-es\/?s={search_term_string}\"},\"query-input\":\"required name=search_term_string\"}],\"inLanguage\":\"en-US\"},{\"@type\":\"Organization\",\"@id\":\"https:\/\/giscadlimited.com\/trinidad-es\/#organization\",\"name\":\"Giscad Trinidad - es\",\"url\":\"https:\/\/giscadlimited.com\/trinidad-es\/\",\"logo\":{\"@type\":\"ImageObject\",\"inLanguage\":\"en-US\",\"@id\":\"https:\/\/giscadlimited.com\/trinidad-es\/#\/schema\/logo\/image\/\",\"url\":\"https:\/\/giscadlimited.com\/trinidad-es\/quo_storage\/sites\/3\/2023\/05\/logo.png\",\"contentUrl\":\"https:\/\/giscadlimited.com\/trinidad-es\/quo_storage\/sites\/3\/2023\/05\/logo.png\",\"width\":188,\"height\":56,\"caption\":\"Giscad Trinidad - es\"},\"image\":{\"@id\":\"https:\/\/giscadlimited.com\/trinidad-es\/#\/schema\/logo\/image\/\"},\"sameAs\":[\"https:\/\/www.facebook.com\/GISCADLtd\",\"https:\/\/www.instagram.com\/giscadltd\/\",\"https:\/\/www.linkedin.com\/company\/giscad-ltd\/\",\"https:\/\/www.tiktok.com\/@giscadlimited\"]}]}<\/script>\n","yoast_head_json":{"title":"Dise\u00f1o Compuesto - Giscad Trinidad - es","robots":{"index":"index","follow":"follow","max-snippet":"max-snippet:-1","max-image-preview":"max-image-preview:large","max-video-preview":"max-video-preview:-1"},"canonical":"https:\/\/giscadlimited.com\/trinidad-es\/products\/prokon-solutions\/composite-design\/","og_locale":"en_US","og_type":"article","og_title":"Dise\u00f1o Compuesto - Giscad Trinidad - es","og_url":"https:\/\/giscadlimited.com\/trinidad-es\/products\/prokon-solutions\/composite-design\/","og_site_name":"Giscad Trinidad - es","article_publisher":"https:\/\/www.facebook.com\/GISCADLtd","article_modified_time":"2023-07-14T20:05:29+00:00","twitter_card":"summary_large_image","twitter_misc":{"Est. reading time":"14 minutes"},"schema":{"@context":"https:\/\/schema.org","@graph":[{"@type":"WebPage","@id":"https:\/\/giscadlimited.com\/trinidad-es\/products\/prokon-solutions\/composite-design\/","url":"https:\/\/giscadlimited.com\/trinidad-es\/products\/prokon-solutions\/composite-design\/","name":"Dise\u00f1o Compuesto - Giscad Trinidad - es","isPartOf":{"@id":"https:\/\/giscadlimited.com\/trinidad-es\/#website"},"datePublished":"2023-06-28T05:29:41+00:00","dateModified":"2023-07-14T20:05:29+00:00","breadcrumb":{"@id":"https:\/\/giscadlimited.com\/trinidad-es\/products\/prokon-solutions\/composite-design\/#breadcrumb"},"inLanguage":"en-US","potentialAction":[{"@type":"ReadAction","target":["https:\/\/giscadlimited.com\/trinidad-es\/products\/prokon-solutions\/composite-design\/"]}]},{"@type":"BreadcrumbList","@id":"https:\/\/giscadlimited.com\/trinidad-es\/products\/prokon-solutions\/composite-design\/#breadcrumb","itemListElement":[{"@type":"ListItem","position":1,"name":"Home","item":"https:\/\/giscadlimited.com\/trinidad-es\/"},{"@type":"ListItem","position":2,"name":"Products","item":"https:\/\/giscadlimited.com\/trinidad-es\/products\/"},{"@type":"ListItem","position":3,"name":"Prokon Solutions","item":"https:\/\/giscadlimited.com\/trinidad-es\/products\/prokon-solutions\/"},{"@type":"ListItem","position":4,"name":"Dise\u00f1o Compuesto"}]},{"@type":"WebSite","@id":"https:\/\/giscadlimited.com\/trinidad-es\/#website","url":"https:\/\/giscadlimited.com\/trinidad-es\/","name":"Giscad Trinidad - es","description":"","publisher":{"@id":"https:\/\/giscadlimited.com\/trinidad-es\/#organization"},"potentialAction":[{"@type":"SearchAction","target":{"@type":"EntryPoint","urlTemplate":"https:\/\/giscadlimited.com\/trinidad-es\/?s={search_term_string}"},"query-input":"required name=search_term_string"}],"inLanguage":"en-US"},{"@type":"Organization","@id":"https:\/\/giscadlimited.com\/trinidad-es\/#organization","name":"Giscad Trinidad - es","url":"https:\/\/giscadlimited.com\/trinidad-es\/","logo":{"@type":"ImageObject","inLanguage":"en-US","@id":"https:\/\/giscadlimited.com\/trinidad-es\/#\/schema\/logo\/image\/","url":"https:\/\/giscadlimited.com\/trinidad-es\/quo_storage\/sites\/3\/2023\/05\/logo.png","contentUrl":"https:\/\/giscadlimited.com\/trinidad-es\/quo_storage\/sites\/3\/2023\/05\/logo.png","width":188,"height":56,"caption":"Giscad Trinidad - es"},"image":{"@id":"https:\/\/giscadlimited.com\/trinidad-es\/#\/schema\/logo\/image\/"},"sameAs":["https:\/\/www.facebook.com\/GISCADLtd","https:\/\/www.instagram.com\/giscadltd\/","https:\/\/www.linkedin.com\/company\/giscad-ltd\/","https:\/\/www.tiktok.com\/@giscadlimited"]}]}},"_links":{"self":[{"href":"https:\/\/giscadlimited.com\/trinidad-es\/wp-json\/wp\/v2\/pages\/1260"}],"collection":[{"href":"https:\/\/giscadlimited.com\/trinidad-es\/wp-json\/wp\/v2\/pages"}],"about":[{"href":"https:\/\/giscadlimited.com\/trinidad-es\/wp-json\/wp\/v2\/types\/page"}],"author":[{"embeddable":true,"href":"https:\/\/giscadlimited.com\/trinidad-es\/wp-json\/wp\/v2\/users\/1"}],"replies":[{"embeddable":true,"href":"https:\/\/giscadlimited.com\/trinidad-es\/wp-json\/wp\/v2\/comments?post=1260"}],"version-history":[{"count":5,"href":"https:\/\/giscadlimited.com\/trinidad-es\/wp-json\/wp\/v2\/pages\/1260\/revisions"}],"predecessor-version":[{"id":2116,"href":"https:\/\/giscadlimited.com\/trinidad-es\/wp-json\/wp\/v2\/pages\/1260\/revisions\/2116"}],"up":[{"embeddable":true,"href":"https:\/\/giscadlimited.com\/trinidad-es\/wp-json\/wp\/v2\/pages\/1152"}],"wp:attachment":[{"href":"https:\/\/giscadlimited.com\/trinidad-es\/wp-json\/wp\/v2\/media?parent=1260"}],"curies":[{"name":"wp","href":"https:\/\/api.w.org\/{rel}","templated":true}]}}