{"id":1138,"date":"2023-06-26T09:40:08","date_gmt":"2023-06-26T09:40:08","guid":{"rendered":"https:\/\/giscadlimited.com\/trinidad\/?page_id=1138"},"modified":"2023-07-17T11:15:23","modified_gmt":"2023-07-17T15:15:23","slug":"qgis","status":"publish","type":"page","link":"https:\/\/giscadlimited.com\/trinidad-es\/products\/geospatial\/qgis\/","title":{"rendered":"QGIS"},"content":{"rendered":"<section class=\"l-section wpb_row us_custom_3b08f0b3 QGIS-product-design height_medium with_img\"><div class=\"l-section-img\" data-img-width=\"960\" data-img-height=\"663\" style=\"background-image: url(https:\/\/giscadlimited.com\/trinidad-es\/quo_storage\/sites\/3\/2023\/07\/QGIS-Main-Image.png);background-position: bottom right;background-repeat: no-repeat;background-size: auto;\"><\/div><div class=\"l-section-h i-cf\"><div class=\"g-cols vc_row via_grid cols_1 laptops-cols_inherit tablets-cols_inherit mobiles-cols_1 valign_top type_default stacking_default\"><div class=\"wpb_column vc_column_container\"><div class=\"vc_column-inner\">[vc_custom_heading text=&#8221;QGIS&#8221; use_theme_fonts=&#8221;yes&#8221; css=&#8221;%7B%22default%22%3A%7B%22color%22%3A%22%23ffffff%22%2C%22padding-bottom%22%3A%2215px%22%7D%7D&#8221;]<div class=\"g-cols wpb_row via_grid cols_2 laptops-cols_inherit tablets-cols_inherit mobiles-cols_1 valign_top type_default stacking_default\"><div class=\"wpb_column vc_column_container\"><div class=\"vc_column-inner\"><div class=\"wpb_text_column us_custom_ae63d117 has_text_color\"><div class=\"wpb_wrapper\"><p>QGIS es una aplicaci\u00f3n GIS profesional que se basa y se enorgullece de ser en s\u00ed misma un software libre y de c\u00f3digo abierto (FOSS). QGIS permite a los usuarios analizar y editar informaci\u00f3n espacial, adem\u00e1s de componer y exportar mapas gr\u00e1ficos. QGIS admite capas r\u00e1ster y vectoriales; los datos vectoriales se almacenan como caracter\u00edsticas de puntos, l\u00edneas o pol\u00edgonos. Se admiten m\u00faltiples formatos de im\u00e1genes rasterizadas y el software puede georreferenciar im\u00e1genes.<\/p>\n<p>QGIS admite archivos de forma, coberturas, geodatabases personales, dxf, MapInfo, PostGIS y otros formatos. Los servicios web, incluido el Servicio de mapas web y el Servicio de funciones web, tambi\u00e9n son compatibles para permitir el uso de datos de fuentes externas.<\/p>\n<\/div><\/div><\/div><\/div><div class=\"wpb_column vc_column_container\"><div class=\"vc_column-inner\"><div class=\"wpb_text_column us_custom_ae63d117 has_text_color\"><div class=\"wpb_wrapper\"><p>QGIS se integra con otros paquetes GIS de c\u00f3digo abierto, incluidos PostGIS, GRASS GIS y MapServer Plugins escritos en Python o C++ que ampl\u00edan las capacidades de QGIS. Los complementos pueden geocodificar utilizando la API de geocodificaci\u00f3n de Google, realizar funciones de geoprocesamiento como las de las herramientas est\u00e1ndar que se encuentran en ArcGIS e interactuar con las bases de datos PostgreSQL\/PostGIS, SpatiaLite y MySQL.<\/p>\n<\/div><\/div><\/div><\/div><\/div><\/div><\/div><\/div><\/div><\/section>\n","protected":false},"excerpt":{"rendered":"[vc_custom_heading text=\"QGIS\" use_theme_fonts=\"yes\" css=\"%7B%22default%22%3A%7B%22color%22%3A%22%23ffffff%22%2C%22padding-bottom%22%3A%2215px%22%7D%7D\"]QGIS es una aplicaci\u00f3n GIS profesional que se basa y se enorgullece de ser en s\u00ed misma un software libre y de c\u00f3digo abierto (FOSS). QGIS permite a los usuarios analizar y editar informaci\u00f3n espacial, adem\u00e1s de componer y exportar mapas gr\u00e1ficos. QGIS admite capas r\u00e1ster y vectoriales; los datos vectoriales se...","protected":false},"author":1,"featured_media":0,"parent":980,"menu_order":0,"comment_status":"closed","ping_status":"closed","template":"","meta":{"footnotes":""},"acf":[],"yoast_head":"\n<title>QGIS - Giscad Trinidad - es<\/title>\n<meta name=\"robots\" content=\"index, follow, max-snippet:-1, max-image-preview:large, max-video-preview:-1\" \/>\n<link rel=\"canonical\" href=\"https:\/\/giscadlimited.com\/trinidad-es\/products\/geospatial\/qgis\/\" \/>\n<meta property=\"og:locale\" content=\"en_US\" \/>\n<meta property=\"og:type\" content=\"article\" \/>\n<meta property=\"og:title\" content=\"QGIS - Giscad Trinidad - es\" \/>\n<meta property=\"og:url\" content=\"https:\/\/giscadlimited.com\/trinidad-es\/products\/geospatial\/qgis\/\" \/>\n<meta property=\"og:site_name\" content=\"Giscad Trinidad - es\" \/>\n<meta property=\"article:publisher\" content=\"https:\/\/www.facebook.com\/GISCADLtd\" \/>\n<meta property=\"article:modified_time\" content=\"2023-07-17T15:15:23+00:00\" \/>\n<meta name=\"twitter:card\" content=\"summary_large_image\" \/>\n<meta name=\"twitter:label1\" content=\"Est. reading time\" \/>\n\t<meta name=\"twitter:data1\" content=\"2 minutes\" \/>\n<script type=\"application\/ld+json\" class=\"yoast-schema-graph\">{\"@context\":\"https:\/\/schema.org\",\"@graph\":[{\"@type\":\"WebPage\",\"@id\":\"https:\/\/giscadlimited.com\/trinidad-es\/products\/geospatial\/qgis\/\",\"url\":\"https:\/\/giscadlimited.com\/trinidad-es\/products\/geospatial\/qgis\/\",\"name\":\"QGIS - Giscad Trinidad - es\",\"isPartOf\":{\"@id\":\"https:\/\/giscadlimited.com\/trinidad-es\/#website\"},\"datePublished\":\"2023-06-26T09:40:08+00:00\",\"dateModified\":\"2023-07-17T15:15:23+00:00\",\"breadcrumb\":{\"@id\":\"https:\/\/giscadlimited.com\/trinidad-es\/products\/geospatial\/qgis\/#breadcrumb\"},\"inLanguage\":\"en-US\",\"potentialAction\":[{\"@type\":\"ReadAction\",\"target\":[\"https:\/\/giscadlimited.com\/trinidad-es\/products\/geospatial\/qgis\/\"]}]},{\"@type\":\"BreadcrumbList\",\"@id\":\"https:\/\/giscadlimited.com\/trinidad-es\/products\/geospatial\/qgis\/#breadcrumb\",\"itemListElement\":[{\"@type\":\"ListItem\",\"position\":1,\"name\":\"Home\",\"item\":\"https:\/\/giscadlimited.com\/trinidad-es\/\"},{\"@type\":\"ListItem\",\"position\":2,\"name\":\"Products\",\"item\":\"https:\/\/giscadlimited.com\/trinidad-es\/products\/\"},{\"@type\":\"ListItem\",\"position\":3,\"name\":\"Geospatial\",\"item\":\"https:\/\/giscadlimited.com\/trinidad-es\/products\/geospatial\/\"},{\"@type\":\"ListItem\",\"position\":4,\"name\":\"QGIS\"}]},{\"@type\":\"WebSite\",\"@id\":\"https:\/\/giscadlimited.com\/trinidad-es\/#website\",\"url\":\"https:\/\/giscadlimited.com\/trinidad-es\/\",\"name\":\"Giscad Trinidad - es\",\"description\":\"\",\"publisher\":{\"@id\":\"https:\/\/giscadlimited.com\/trinidad-es\/#organization\"},\"potentialAction\":[{\"@type\":\"SearchAction\",\"target\":{\"@type\":\"EntryPoint\",\"urlTemplate\":\"https:\/\/giscadlimited.com\/trinidad-es\/?s={search_term_string}\"},\"query-input\":\"required name=search_term_string\"}],\"inLanguage\":\"en-US\"},{\"@type\":\"Organization\",\"@id\":\"https:\/\/giscadlimited.com\/trinidad-es\/#organization\",\"name\":\"Giscad Trinidad - es\",\"url\":\"https:\/\/giscadlimited.com\/trinidad-es\/\",\"logo\":{\"@type\":\"ImageObject\",\"inLanguage\":\"en-US\",\"@id\":\"https:\/\/giscadlimited.com\/trinidad-es\/#\/schema\/logo\/image\/\",\"url\":\"https:\/\/giscadlimited.com\/trinidad-es\/quo_storage\/sites\/3\/2023\/05\/logo.png\",\"contentUrl\":\"https:\/\/giscadlimited.com\/trinidad-es\/quo_storage\/sites\/3\/2023\/05\/logo.png\",\"width\":188,\"height\":56,\"caption\":\"Giscad Trinidad - es\"},\"image\":{\"@id\":\"https:\/\/giscadlimited.com\/trinidad-es\/#\/schema\/logo\/image\/\"},\"sameAs\":[\"https:\/\/www.facebook.com\/GISCADLtd\",\"https:\/\/www.instagram.com\/giscadltd\/\",\"https:\/\/www.linkedin.com\/company\/giscad-ltd\/\",\"https:\/\/www.tiktok.com\/@giscadlimited\"]}]}<\/script>\n","yoast_head_json":{"title":"QGIS - Giscad Trinidad - es","robots":{"index":"index","follow":"follow","max-snippet":"max-snippet:-1","max-image-preview":"max-image-preview:large","max-video-preview":"max-video-preview:-1"},"canonical":"https:\/\/giscadlimited.com\/trinidad-es\/products\/geospatial\/qgis\/","og_locale":"en_US","og_type":"article","og_title":"QGIS - Giscad Trinidad - es","og_url":"https:\/\/giscadlimited.com\/trinidad-es\/products\/geospatial\/qgis\/","og_site_name":"Giscad Trinidad - es","article_publisher":"https:\/\/www.facebook.com\/GISCADLtd","article_modified_time":"2023-07-17T15:15:23+00:00","twitter_card":"summary_large_image","twitter_misc":{"Est. reading time":"2 minutes"},"schema":{"@context":"https:\/\/schema.org","@graph":[{"@type":"WebPage","@id":"https:\/\/giscadlimited.com\/trinidad-es\/products\/geospatial\/qgis\/","url":"https:\/\/giscadlimited.com\/trinidad-es\/products\/geospatial\/qgis\/","name":"QGIS - Giscad Trinidad - es","isPartOf":{"@id":"https:\/\/giscadlimited.com\/trinidad-es\/#website"},"datePublished":"2023-06-26T09:40:08+00:00","dateModified":"2023-07-17T15:15:23+00:00","breadcrumb":{"@id":"https:\/\/giscadlimited.com\/trinidad-es\/products\/geospatial\/qgis\/#breadcrumb"},"inLanguage":"en-US","potentialAction":[{"@type":"ReadAction","target":["https:\/\/giscadlimited.com\/trinidad-es\/products\/geospatial\/qgis\/"]}]},{"@type":"BreadcrumbList","@id":"https:\/\/giscadlimited.com\/trinidad-es\/products\/geospatial\/qgis\/#breadcrumb","itemListElement":[{"@type":"ListItem","position":1,"name":"Home","item":"https:\/\/giscadlimited.com\/trinidad-es\/"},{"@type":"ListItem","position":2,"name":"Products","item":"https:\/\/giscadlimited.com\/trinidad-es\/products\/"},{"@type":"ListItem","position":3,"name":"Geospatial","item":"https:\/\/giscadlimited.com\/trinidad-es\/products\/geospatial\/"},{"@type":"ListItem","position":4,"name":"QGIS"}]},{"@type":"WebSite","@id":"https:\/\/giscadlimited.com\/trinidad-es\/#website","url":"https:\/\/giscadlimited.com\/trinidad-es\/","name":"Giscad Trinidad - es","description":"","publisher":{"@id":"https:\/\/giscadlimited.com\/trinidad-es\/#organization"},"potentialAction":[{"@type":"SearchAction","target":{"@type":"EntryPoint","urlTemplate":"https:\/\/giscadlimited.com\/trinidad-es\/?s={search_term_string}"},"query-input":"required name=search_term_string"}],"inLanguage":"en-US"},{"@type":"Organization","@id":"https:\/\/giscadlimited.com\/trinidad-es\/#organization","name":"Giscad Trinidad - es","url":"https:\/\/giscadlimited.com\/trinidad-es\/","logo":{"@type":"ImageObject","inLanguage":"en-US","@id":"https:\/\/giscadlimited.com\/trinidad-es\/#\/schema\/logo\/image\/","url":"https:\/\/giscadlimited.com\/trinidad-es\/quo_storage\/sites\/3\/2023\/05\/logo.png","contentUrl":"https:\/\/giscadlimited.com\/trinidad-es\/quo_storage\/sites\/3\/2023\/05\/logo.png","width":188,"height":56,"caption":"Giscad Trinidad - es"},"image":{"@id":"https:\/\/giscadlimited.com\/trinidad-es\/#\/schema\/logo\/image\/"},"sameAs":["https:\/\/www.facebook.com\/GISCADLtd","https:\/\/www.instagram.com\/giscadltd\/","https:\/\/www.linkedin.com\/company\/giscad-ltd\/","https:\/\/www.tiktok.com\/@giscadlimited"]}]}},"_links":{"self":[{"href":"https:\/\/giscadlimited.com\/trinidad-es\/wp-json\/wp\/v2\/pages\/1138"}],"collection":[{"href":"https:\/\/giscadlimited.com\/trinidad-es\/wp-json\/wp\/v2\/pages"}],"about":[{"href":"https:\/\/giscadlimited.com\/trinidad-es\/wp-json\/wp\/v2\/types\/page"}],"author":[{"embeddable":true,"href":"https:\/\/giscadlimited.com\/trinidad-es\/wp-json\/wp\/v2\/users\/1"}],"replies":[{"embeddable":true,"href":"https:\/\/giscadlimited.com\/trinidad-es\/wp-json\/wp\/v2\/comments?post=1138"}],"version-history":[{"count":2,"href":"https:\/\/giscadlimited.com\/trinidad-es\/wp-json\/wp\/v2\/pages\/1138\/revisions"}],"predecessor-version":[{"id":2165,"href":"https:\/\/giscadlimited.com\/trinidad-es\/wp-json\/wp\/v2\/pages\/1138\/revisions\/2165"}],"up":[{"embeddable":true,"href":"https:\/\/giscadlimited.com\/trinidad-es\/wp-json\/wp\/v2\/pages\/980"}],"wp:attachment":[{"href":"https:\/\/giscadlimited.com\/trinidad-es\/wp-json\/wp\/v2\/media?parent=1138"}],"curies":[{"name":"wp","href":"https:\/\/api.w.org\/{rel}","templated":true}]}}