{"id":2123,"date":"2023-07-18T19:38:06","date_gmt":"2023-07-18T19:38:06","guid":{"rendered":"https:\/\/giscadlimited.com\/trinidad\/?page_id=2123"},"modified":"2024-07-09T12:48:18","modified_gmt":"2024-07-09T16:48:18","slug":"privacy-policy","status":"publish","type":"page","link":"https:\/\/giscadlimited.com\/panama-es\/privacy-policy\/","title":{"rendered":"Pol\u00edtica de Privacidad"},"content":{"rendered":"<section class=\"l-section wpb_row us_custom_0d15be52 height_large\"><div class=\"l-section-h i-cf\"><div class=\"g-cols vc_row via_grid cols_1 laptops-cols_inherit tablets-cols_inherit mobiles-cols_1 valign_top type_default stacking_default\"><div class=\"wpb_column vc_column_container\"><div class=\"vc_column-inner\"><div class=\"g-cols wpb_row us_custom_ffc54d39 via_grid cols_1 laptops-cols_inherit tablets-cols_inherit mobiles-cols_1 valign_top type_boxes stacking_default\"><div class=\"wpb_column vc_column_container us_custom_4fb9e5a3 has_bg_color type_sticky\"><div class=\"vc_column-inner\"><h1 class=\"w-post-elm post_title us_custom_383b3ab6 has_text_color entry-title color_link_inherit\">Pol\u00edtica de Privacidad<\/h1><div class=\"wpb_text_column\"><div class=\"wpb_wrapper\"><p>Esta declaraci\u00f3n de privacidad se aplica a GISCAD Limited y todas sus afiliadas.<\/p>\n<p>La pol\u00edtica es respetar y proteger la privacidad de nuestros usuarios.<\/p>\n<p>GISCAD Limited, comercializada como GISCAD Limited (en lo sucesivo, &#8220;Compa\u00f1\u00eda&#8221; o &#8220;www.giscadlimited.com&#8221;) no recopila informaci\u00f3n de identificaci\u00f3n personal sobre individuos, excepto cuando dichos individuos brindan espec\u00edficamente dicha informaci\u00f3n de forma voluntaria. Por ejemplo, dicha informaci\u00f3n de identificaci\u00f3n personal puede recopilarse a partir de un registro de concurso o sorteo, el proceso de registro para sitios o servicios de suscripci\u00f3n y en relaci\u00f3n con env\u00edos de contenido, publicaciones en la comunidad (por ejemplo, chat y tableros de mensajes), sugerencias, votaciones\/actividades de sondeo y \u00e1reas transaccionales.<\/p>\n<p>La informaci\u00f3n de identificaci\u00f3n personal sobre usuarios individuales no se vender\u00e1 ni se transferir\u00e1 a terceros no afiliados, sin la aprobaci\u00f3n del usuario en el momento de la recopilaci\u00f3n. En dichos puntos de recopilaci\u00f3n, el usuario tendr\u00e1 la oportunidad de indicar si desea &#8220;optar por no recibir&#8221; informaci\u00f3n promocional y\/o de marketing sobre otros productos, servicios y ofertas de la Compa\u00f1\u00eda y\/o de terceros.<\/p>\n<p>Si bien la Compa\u00f1\u00eda no anticipa que una gran cantidad de ni\u00f1os accedan a nuestro sitio web, estamos comprometidos a proteger la privacidad de los ni\u00f1os que usan nuestros sitios y aplicaciones.<\/p>\n<p>www.giscadlimited.com comparte informaci\u00f3n de identificaci\u00f3n personal con Google Analytics (que act\u00faa como su agente de recopilaci\u00f3n de tr\u00e1fico del sitio para este prop\u00f3sito limitado) con el \u00fanico prop\u00f3sito de recopilar datos estad\u00edsticos sobre los visitantes del sitio y las p\u00e1ginas vistas por esos visitantes. Si desea excluirse, visite el centro de privacidad de Google Analytics.<\/p>\n<p>Adem\u00e1s, si bien la Compa\u00f1\u00eda no anticipa que una gran cantidad de ni\u00f1os accedan a nuestro sitio web, estamos comprometidos a proteger la privacidad de los ni\u00f1os que usan nuestros sitios y aplicaciones.<\/p>\n<p>www.giscadlimited.com comparte informaci\u00f3n de identificaci\u00f3n personal con Google Analytics (que act\u00faa como su agente de recopilaci\u00f3n de tr\u00e1fico del sitio, limitado para este prop\u00f3sito) con el \u00fanico prop\u00f3sito de recopilar datos estad\u00edsticos sobre los visitantes del sitio y las p\u00e1ginas vistas por esos visitantes. Si desea excluirse, visite el centro de privacidad de Google Analytics.<\/p>\n<p>Adem\u00e1s, a pesar de cualquier exclusi\u00f3n voluntaria de la informaci\u00f3n promocional por parte del usuario, la Compa\u00f1\u00eda se reserva el derecho de comunicarse con un suscriptor con respecto al estado de la cuenta, los cambios en el acuerdo del suscriptor y otros asuntos relevantes para el servicio subyacente y\/o la informaci\u00f3n recopilada.<\/p>\n<p>La Compa\u00f1\u00eda puede divulgar informaci\u00f3n del usuario en casos especiales cuando tengamos motivos para creer que divulgar esta informaci\u00f3n es necesario para identificar, contactar o emprender acciones legales contra alguien que pueda estar causando da\u00f1o o interfiriendo (ya sea intencionalmente o no) con los derechos de la Compa\u00f1\u00eda o propiedad, otros usuarios de la Compa\u00f1\u00eda o cualquier otra persona que pueda verse perjudicada por tales actividades. La Compa\u00f1\u00eda puede divulgar informaci\u00f3n del usuario cuando creamos de buena fe que la ley as\u00ed lo requiere.<\/p>\n<p>cualquier opci\u00f3n de exclusi\u00f3n de la informaci\u00f3n promocional por parte del usuario, la Compa\u00f1\u00eda se reserva el derecho de comunicarse con un suscriptor con respecto al estado de la cuenta, los cambios en el acuerdo del suscriptor y otros asuntos relevantes para el servicio subyacente y\/o la informaci\u00f3n recopilada.<\/p>\n<p>La Compa\u00f1\u00eda puede divulgar informaci\u00f3n del usuario en casos especiales cuando tengamos motivos para creer que divulgar esta informaci\u00f3n es necesario para identificar, contactar o emprender acciones legales contra alguien que pueda estar causando da\u00f1o o interfiriendo (ya sea intencionalmente o no) con los derechos de la Compa\u00f1\u00eda o propiedad, otros usuarios de la Compa\u00f1\u00eda o cualquier otra persona que pueda verse perjudicada por tales actividades. La Compa\u00f1\u00eda puede divulgar informaci\u00f3n del usuario cuando creamos de buena fe que la ley as\u00ed lo requiere.<\/p>\n<p>La Compa\u00f1\u00eda se reserva el derecho de realizar an\u00e1lisis estad\u00edsticos del comportamiento y las caracter\u00edsticas del usuario para medir el inter\u00e9s y el uso de las diversas \u00e1reas del sitio y para informar a los anunciantes sobre dicha informaci\u00f3n, as\u00ed como la cantidad de usuarios que han estado expuestos o han hecho clic en sus pancartas publicitarias. La Compa\u00f1\u00eda proporcionar\u00e1 solo datos agregados de estos an\u00e1lisis a terceros. Adem\u00e1s, los usuarios deben tener en cuenta que, en ocasiones, la Compa\u00f1\u00eda puede permitir que terceros ofrezcan servicios basados \u200b\u200ben suscripci\u00f3n y\/o registro a trav\u00e9s del sitio de la Compa\u00f1\u00eda. La Compa\u00f1\u00eda no es responsable de ninguna acci\u00f3n o pol\u00edtica de dichos terceros y los usuarios deben verificar la pol\u00edtica de privacidad aplicable de dicha parte al proporcionar informaci\u00f3n de identificaci\u00f3n personal.<\/p>\n<p>Adem\u00e1s, los usuarios deben saber que cuando divulgan voluntariamente informaci\u00f3n de identificaci\u00f3n personal (por ejemplo, nombre de usuario, direcci\u00f3n de correo electr\u00f3nico) en cualquier tabl\u00f3n de anuncios o \u00e1reas de chat de los sitios de la Compa\u00f1\u00eda, esa informaci\u00f3n, junto con cualquier informaci\u00f3n sustancial divulgada en la comunicaci\u00f3n del usuario, pueden ser recopilados, correlacionados y utilizados por terceros y pueden generar mensajes no solicitados de otros usuarios o terceros. Tales actividades est\u00e1n fuera del control de la Compa\u00f1\u00eda.<\/p>\n<p>Los usuarios tambi\u00e9n deben tener en cuenta que la informaci\u00f3n y los datos no personales pueden recopilarse autom\u00e1ticamente a trav\u00e9s del funcionamiento est\u00e1ndar de los servidores de Internet de la Compa\u00f1\u00eda o mediante el uso de &#8220;cookies&#8221;. Las cookies son peque\u00f1os archivos de texto que un sitio web puede usar para reconocer a los usuarios repetidos, facilitar el acceso continuo del usuario y el uso del sitio y permitir que un sitio rastree el comportamiento de uso y recopile datos agregados que permitir\u00e1n mejoras de contenido y publicidad dirigida. Las cookies no son programas que ingresan al sistema de un usuario y da\u00f1an los archivos. Generalmente, las cookies funcionan asignando un n\u00famero \u00fanico al usuario que no tiene ning\u00fan significado fuera del sitio asignado. Los usuarios deben ser conscientes de que la Compa\u00f1\u00eda no puede o no controla el uso de cookies o la informaci\u00f3n resultante por parte de anunciantes o terceros que alojan datos para la Compa\u00f1\u00eda. Si un usuario no desea que se recopile informaci\u00f3n mediante cookies, existe un procedimiento simple en la mayor\u00eda de los navegadores que le permite rechazar o aceptar la funci\u00f3n de cookies; sin embargo, los usuarios deben tener en cuenta que las cookies pueden ser necesarias para proporcionar al usuario ciertas funciones (por ejemplo, entrega personalizada de informaci\u00f3n) disponibles en el sitio de la Compa\u00f1\u00eda.<\/p>\n<p>Previa solicitud, la Compa\u00f1\u00eda permitir\u00e1 a cualquier usuario &#8220;optar por no recibir&#8221; m\u00e1s contactos promocionales en cualquier momento. Adem\u00e1s, previa solicitud, la Compa\u00f1\u00eda har\u00e1 todos los esfuerzos razonables para permitir que los usuarios actualicen\/corrijan la informaci\u00f3n personal enviada previamente y que el usuario indique que es err\u00f3nea, en la medida en que dichas actividades no comprometan la privacidad o los intereses de seguridad. Adem\u00e1s, a pedido de un usuario, la Compa\u00f1\u00eda har\u00e1 todos los esfuerzos comercialmente razonables para eliminar funcionalmente al usuario y su informaci\u00f3n personal de su base de datos; sin embargo, puede ser imposible eliminar todos los datos introducidos por un usuario, sin dejar alguna informaci\u00f3n residual debido a las copias de seguridad y registros de eliminaciones.<\/p>\n<p>Las pol\u00edticas anteriores entran en vigencia a partir del 15 de julio de 2023. La Compa\u00f1\u00eda se reserva el derecho de cambiar esta pol\u00edtica en cualquier momento notificando a los usuarios sobre la existencia de una nueva declaraci\u00f3n de privacidad. Esta declaraci\u00f3n y las pol\u00edticas descritas en este documento no pretenden crean ning\u00fan derecho contractual o legal, en o en nombre de ninguna de las partes.<\/p>\n<p>Al usar este sitio, usted expresa su consentimiento con la Pol\u00edtica de privacidad de la Compa\u00f1\u00eda. Si no est\u00e1 de acuerdo con esta pol\u00edtica, no utilice nuestros sitios. Su uso continuado de los sitios de la Compa\u00f1\u00eda despu\u00e9s de la publicaci\u00f3n de cambios a estos t\u00e9rminos significar\u00e1 que acepta esos cambios.<\/p>\n<p>Si tiene preguntas o inquietudes con respecto a la declaraci\u00f3n de privacidad de este sitio web, comun\u00edquese con la Compa\u00f1\u00eda en <a href=\"http:\/\/www.giscadlimited.com\">www.giscadlimited.com<\/a><\/p>\n<p>Dado que nuestra Compa\u00f1\u00eda tiene su sede en Trinidad y Tobago, nos adherimos m\u00e1s estrictamente a las leyes aplicables de la Rep\u00fablica de Trinidad y Tobago. Si le preocupa c\u00f3mo se recopila su informaci\u00f3n personal en relaci\u00f3n con el RGPD, utilice esta informaci\u00f3n de contacto y comun\u00edquese con la Compa\u00f1\u00eda en <a href=\"http:\/\/www.giscadlimited.com\">www.giscadlimited.com<\/a>.<\/p>\n<\/div><\/div><\/div><\/div><\/div><\/div><\/div><\/div><\/div><\/section>\n","protected":false},"excerpt":{"rendered":"Pol\u00edtica de PrivacidadEsta declaraci\u00f3n de privacidad se aplica a GISCAD Limited y todas sus afiliadas. La pol\u00edtica es respetar y proteger la privacidad de nuestros usuarios. GISCAD Limited, comercializada como GISCAD Limited (en lo sucesivo, &#8220;Compa\u00f1\u00eda&#8221; o &#8220;www.giscadlimited.com&#8221;) no recopila informaci\u00f3n de identificaci\u00f3n personal sobre individuos, excepto cuando dichos individuos brindan espec\u00edficamente dicha informaci\u00f3n de...","protected":false},"author":1,"featured_media":0,"parent":0,"menu_order":0,"comment_status":"closed","ping_status":"closed","template":"","meta":{"footnotes":""},"acf":[],"yoast_head":"\n<title>Pol\u00edtica de Privacidad - Giscad Panama - es<\/title>\n<meta name=\"robots\" content=\"index, follow, max-snippet:-1, max-image-preview:large, max-video-preview:-1\" \/>\n<link rel=\"canonical\" href=\"https:\/\/giscadlimited.com\/panama-es\/privacy-policy\/\" \/>\n<meta property=\"og:locale\" content=\"en_US\" \/>\n<meta property=\"og:type\" content=\"article\" \/>\n<meta property=\"og:title\" content=\"Pol\u00edtica de Privacidad - Giscad Panama - es\" \/>\n<meta property=\"og:url\" content=\"https:\/\/giscadlimited.com\/panama-es\/privacy-policy\/\" \/>\n<meta property=\"og:site_name\" content=\"Giscad Panama - es\" \/>\n<meta property=\"article:publisher\" content=\"https:\/\/www.facebook.com\/giscadguyanainc\" \/>\n<meta property=\"article:modified_time\" content=\"2024-07-09T16:48:18+00:00\" \/>\n<meta name=\"twitter:card\" content=\"summary_large_image\" \/>\n<meta name=\"twitter:label1\" content=\"Est. reading time\" \/>\n\t<meta name=\"twitter:data1\" content=\"5 minutes\" \/>\n<script type=\"application\/ld+json\" class=\"yoast-schema-graph\">{\"@context\":\"https:\/\/schema.org\",\"@graph\":[{\"@type\":\"WebPage\",\"@id\":\"https:\/\/giscadlimited.com\/panama-es\/privacy-policy\/\",\"url\":\"https:\/\/giscadlimited.com\/panama-es\/privacy-policy\/\",\"name\":\"Pol\u00edtica de Privacidad - Giscad Panama - es\",\"isPartOf\":{\"@id\":\"https:\/\/giscadlimited.com\/panama-es\/#website\"},\"datePublished\":\"2023-07-18T19:38:06+00:00\",\"dateModified\":\"2024-07-09T16:48:18+00:00\",\"breadcrumb\":{\"@id\":\"https:\/\/giscadlimited.com\/panama-es\/privacy-policy\/#breadcrumb\"},\"inLanguage\":\"en-US\",\"potentialAction\":[{\"@type\":\"ReadAction\",\"target\":[\"https:\/\/giscadlimited.com\/panama-es\/privacy-policy\/\"]}]},{\"@type\":\"BreadcrumbList\",\"@id\":\"https:\/\/giscadlimited.com\/panama-es\/privacy-policy\/#breadcrumb\",\"itemListElement\":[{\"@type\":\"ListItem\",\"position\":1,\"name\":\"Home\",\"item\":\"https:\/\/giscadlimited.com\/panama-es\/\"},{\"@type\":\"ListItem\",\"position\":2,\"name\":\"Pol\u00edtica de Privacidad\"}]},{\"@type\":\"WebSite\",\"@id\":\"https:\/\/giscadlimited.com\/panama-es\/#website\",\"url\":\"https:\/\/giscadlimited.com\/panama-es\/\",\"name\":\"Giscad Panama - es\",\"description\":\"\",\"publisher\":{\"@id\":\"https:\/\/giscadlimited.com\/panama-es\/#organization\"},\"potentialAction\":[{\"@type\":\"SearchAction\",\"target\":{\"@type\":\"EntryPoint\",\"urlTemplate\":\"https:\/\/giscadlimited.com\/panama-es\/?s={search_term_string}\"},\"query-input\":\"required name=search_term_string\"}],\"inLanguage\":\"en-US\"},{\"@type\":\"Organization\",\"@id\":\"https:\/\/giscadlimited.com\/panama-es\/#organization\",\"name\":\"Giscad Panama - es\",\"url\":\"https:\/\/giscadlimited.com\/panama-es\/\",\"logo\":{\"@type\":\"ImageObject\",\"inLanguage\":\"en-US\",\"@id\":\"https:\/\/giscadlimited.com\/panama-es\/#\/schema\/logo\/image\/\",\"url\":\"https:\/\/giscadlimited.com\/panama-es\/quo_storage\/sites\/8\/2023\/06\/logo.png\",\"contentUrl\":\"https:\/\/giscadlimited.com\/panama-es\/quo_storage\/sites\/8\/2023\/06\/logo.png\",\"width\":188,\"height\":56,\"caption\":\"Giscad Panama - es\"},\"image\":{\"@id\":\"https:\/\/giscadlimited.com\/panama-es\/#\/schema\/logo\/image\/\"},\"sameAs\":[\"https:\/\/www.facebook.com\/giscadguyanainc\",\"https:\/\/www.instagram.com\/giscadguyanainc\/\",\"https:\/\/www.linkedin.com\/company\/giscad-guyana-inc\/\"]}]}<\/script>\n","yoast_head_json":{"title":"Pol\u00edtica de Privacidad - Giscad Panama - es","robots":{"index":"index","follow":"follow","max-snippet":"max-snippet:-1","max-image-preview":"max-image-preview:large","max-video-preview":"max-video-preview:-1"},"canonical":"https:\/\/giscadlimited.com\/panama-es\/privacy-policy\/","og_locale":"en_US","og_type":"article","og_title":"Pol\u00edtica de Privacidad - Giscad Panama - es","og_url":"https:\/\/giscadlimited.com\/panama-es\/privacy-policy\/","og_site_name":"Giscad Panama - es","article_publisher":"https:\/\/www.facebook.com\/giscadguyanainc","article_modified_time":"2024-07-09T16:48:18+00:00","twitter_card":"summary_large_image","twitter_misc":{"Est. reading time":"5 minutes"},"schema":{"@context":"https:\/\/schema.org","@graph":[{"@type":"WebPage","@id":"https:\/\/giscadlimited.com\/panama-es\/privacy-policy\/","url":"https:\/\/giscadlimited.com\/panama-es\/privacy-policy\/","name":"Pol\u00edtica de Privacidad - Giscad Panama - es","isPartOf":{"@id":"https:\/\/giscadlimited.com\/panama-es\/#website"},"datePublished":"2023-07-18T19:38:06+00:00","dateModified":"2024-07-09T16:48:18+00:00","breadcrumb":{"@id":"https:\/\/giscadlimited.com\/panama-es\/privacy-policy\/#breadcrumb"},"inLanguage":"en-US","potentialAction":[{"@type":"ReadAction","target":["https:\/\/giscadlimited.com\/panama-es\/privacy-policy\/"]}]},{"@type":"BreadcrumbList","@id":"https:\/\/giscadlimited.com\/panama-es\/privacy-policy\/#breadcrumb","itemListElement":[{"@type":"ListItem","position":1,"name":"Home","item":"https:\/\/giscadlimited.com\/panama-es\/"},{"@type":"ListItem","position":2,"name":"Pol\u00edtica de Privacidad"}]},{"@type":"WebSite","@id":"https:\/\/giscadlimited.com\/panama-es\/#website","url":"https:\/\/giscadlimited.com\/panama-es\/","name":"Giscad Panama - es","description":"","publisher":{"@id":"https:\/\/giscadlimited.com\/panama-es\/#organization"},"potentialAction":[{"@type":"SearchAction","target":{"@type":"EntryPoint","urlTemplate":"https:\/\/giscadlimited.com\/panama-es\/?s={search_term_string}"},"query-input":"required name=search_term_string"}],"inLanguage":"en-US"},{"@type":"Organization","@id":"https:\/\/giscadlimited.com\/panama-es\/#organization","name":"Giscad Panama - es","url":"https:\/\/giscadlimited.com\/panama-es\/","logo":{"@type":"ImageObject","inLanguage":"en-US","@id":"https:\/\/giscadlimited.com\/panama-es\/#\/schema\/logo\/image\/","url":"https:\/\/giscadlimited.com\/panama-es\/quo_storage\/sites\/8\/2023\/06\/logo.png","contentUrl":"https:\/\/giscadlimited.com\/panama-es\/quo_storage\/sites\/8\/2023\/06\/logo.png","width":188,"height":56,"caption":"Giscad Panama - es"},"image":{"@id":"https:\/\/giscadlimited.com\/panama-es\/#\/schema\/logo\/image\/"},"sameAs":["https:\/\/www.facebook.com\/giscadguyanainc","https:\/\/www.instagram.com\/giscadguyanainc\/","https:\/\/www.linkedin.com\/company\/giscad-guyana-inc\/"]}]}},"_links":{"self":[{"href":"https:\/\/giscadlimited.com\/panama-es\/wp-json\/wp\/v2\/pages\/2123"}],"collection":[{"href":"https:\/\/giscadlimited.com\/panama-es\/wp-json\/wp\/v2\/pages"}],"about":[{"href":"https:\/\/giscadlimited.com\/panama-es\/wp-json\/wp\/v2\/types\/page"}],"author":[{"embeddable":true,"href":"https:\/\/giscadlimited.com\/panama-es\/wp-json\/wp\/v2\/users\/1"}],"replies":[{"embeddable":true,"href":"https:\/\/giscadlimited.com\/panama-es\/wp-json\/wp\/v2\/comments?post=2123"}],"version-history":[{"count":3,"href":"https:\/\/giscadlimited.com\/panama-es\/wp-json\/wp\/v2\/pages\/2123\/revisions"}],"predecessor-version":[{"id":2155,"href":"https:\/\/giscadlimited.com\/panama-es\/wp-json\/wp\/v2\/pages\/2123\/revisions\/2155"}],"wp:attachment":[{"href":"https:\/\/giscadlimited.com\/panama-es\/wp-json\/wp\/v2\/media?parent=2123"}],"curies":[{"name":"wp","href":"https:\/\/api.w.org\/{rel}","templated":true}]}}