{"id":2117,"date":"2023-07-18T19:27:12","date_gmt":"2023-07-18T19:27:12","guid":{"rendered":"https:\/\/giscadlimited.com\/trinidad\/?page_id=2117"},"modified":"2024-07-09T12:45:14","modified_gmt":"2024-07-09T16:45:14","slug":"terms-and-conditions","status":"publish","type":"page","link":"https:\/\/giscadlimited.com\/panama-es\/terms-and-conditions\/","title":{"rendered":"T\u00e9rminos y Condiciones"},"content":{"rendered":"<section class=\"l-section wpb_row us_custom_0d15be52 height_large\"><div class=\"l-section-h i-cf\"><div class=\"g-cols vc_row via_grid cols_1 laptops-cols_inherit tablets-cols_inherit mobiles-cols_1 valign_top type_default stacking_default\"><div class=\"wpb_column vc_column_container\"><div class=\"vc_column-inner\"><div class=\"g-cols wpb_row us_custom_ffc54d39 via_grid cols_1 laptops-cols_inherit tablets-cols_inherit mobiles-cols_1 valign_top type_boxes stacking_default\"><div class=\"wpb_column vc_column_container us_custom_4fb9e5a3 has_bg_color type_sticky\"><div class=\"vc_column-inner\"><h1 class=\"w-post-elm post_title us_custom_383b3ab6 has_text_color entry-title color_link_inherit\">T\u00e9rminos y Condiciones<\/h1><div class=\"wpb_text_column\"><div class=\"wpb_wrapper\"><h4><strong>1. T\u00e9rminos<\/strong><\/h4>\n<p>Al acceder al sitio web en <a href=\"http:\/\/www.geotracsolutions.com\">www.giscadlimited.com<\/a>, usted acepta estar sujeto a estos t\u00e9rminos de servicio, todas las leyes y regulaciones aplicables, y acepta que es responsable del cumplimiento de las leyes locales que apliquen. Si no est\u00e1 de acuerdo con alguno de estos t\u00e9rminos, tiene prohibido usar o acceder a este sitio. Los materiales contenidos en este sitio web est\u00e1n protegidos por las leyes de derechos de autor y marcas registradas aplicables.<\/p>\n<h4><strong>2. Licencia de uso<\/strong><\/h4>\n<ol>\n<li>Se otorga permiso para descargar temporalmente una copia de los materiales (informaci\u00f3n o software) en el sitio web de GISCAD Limited solo para visualizaci\u00f3n transitoria personal y no comercial. Esta es la concesi\u00f3n de una licencia, no una transferencia de t\u00edtulo, y bajo esta licencia no puede:<\/li>\n<li>modificar o copiar los materiales;<\/li>\n<li>usar los materiales para cualquier prop\u00f3sito comercial o para cualquier exhibici\u00f3n p\u00fablica (comercial o no comercial);<\/li>\n<li>intentar descompilar o aplicar ingenier\u00eda inversa a cualquier software contenido en el sitio web de GISCAD Limited;<\/li>\n<li>eliminar los derechos de autor u otras anotaciones de propiedad de los materiales; o<\/li>\n<li>transferir los materiales a otra persona o &#8220;duplicar&#8221; los materiales en cualquier otro servidor.<\/li>\n<li>Esta licencia terminar\u00e1 autom\u00e1ticamente si viola cualquiera de estas restricciones y GISCAD Limited puede cancelarla en cualquier momento. Al finalizar la visualizaci\u00f3n de estos materiales o al finalizar esta licencia, debe destruir cualquier material descargado que tenga en su poder, ya sea en formato electr\u00f3nico o impreso.<\/li>\n<\/ol>\n<h4><strong>3. Descargo de responsabilidad<\/strong><\/h4>\n<ol>\n<li>Los materiales en el sitio web de <strong>GISCAD Limited<\/strong> se proporcionan &#8220;tal cual&#8221;. <strong>GISCAD Limited <\/strong>no ofrece garant\u00edas, expresas o impl\u00edcitas, y por la presente renuncia y niega todas las dem\u00e1s garant\u00edas, incluidas, entre otras, garant\u00edas impl\u00edcitas o condiciones de comerciabilidad, idoneidad para un prop\u00f3sito particular o no infracci\u00f3n de propiedad intelectual u otra violaci\u00f3n de derechos.<\/li>\n<li>Adem\u00e1s, <strong>GISCAD Limited<\/strong> no garantiza ni hace ninguna representaci\u00f3n con respecto a la precisi\u00f3n, los resultados probables o la confiabilidad del uso de los materiales en su sitio web o en relaci\u00f3n con dichos materiales o en cualquier sitio vinculado a este sitio.<\/li>\n<\/ol>\n<h4><strong>4. Limitaciones<\/strong><\/h4>\n<p>En ning\u00fan caso, <strong>GISCAD Limited<\/strong> o sus proveedores ser\u00e1n responsables de los da\u00f1os (incluidos, entre otros, los da\u00f1os por p\u00e9rdida de datos o ganancias, o debido a la interrupci\u00f3n del negocio) que surjan del uso o la imposibilidad de usar los materiales en el sitio web de <strong>GISCAD Limited<\/strong>, incluso si <strong>GISCAD Limited<\/strong> o un representante autorizado de <strong>GISCAD Limited<\/strong> han sido notificados verbalmente o por escrito de la posibilidad de dicho da\u00f1o. Debido a que algunas jurisdicciones no permiten limitaciones en las garant\u00edas impl\u00edcitas o limitaciones de responsabilidad por da\u00f1os consecuentes o incidentales, es posible que estas limitaciones no se apliquen a usted.<\/p>\n<h4><strong>5. Precisi\u00f3n de los materiales<\/strong><\/h4>\n<p>Los materiales que aparecen en el sitio web de <strong>GISCAD Limited<\/strong> podr\u00edan incluir errores t\u00e9cnicos, tipogr\u00e1ficos o fotogr\u00e1ficos. <strong>GISCAD Limited<\/strong> no garantiza que ninguno de los materiales en su sitio web sea preciso, completo o actual. <strong>GISCAD Limited<\/strong> puede realizar cambios en los materiales contenidos en su sitio web en cualquier momento sin previo aviso. Sin embargo, <strong>GISCAD Limited<\/strong> no se compromete a actualizar los materiales.<\/p>\n<h4><strong>6. Enlaces<\/strong><\/h4>\n<p><strong>GISCAD Limited<\/strong> no ha revisado todos los sitios vinculados a su sitio web y no es responsable de los contenidos de dichos sitios vinculados. La inclusi\u00f3n de cualquier enlace no implica aprobaci\u00f3n por parte de <strong>GISCAD Limited<\/strong> del sitio. El uso de cualquier sitio web vinculado es bajo el propio riesgo del usuario.<\/p>\n<h4><strong>7. Modificaciones<\/strong><\/h4>\n<p><strong>GISCAD Limited<\/strong> puede revisar estos t\u00e9rminos de servicio para su sitio web en cualquier momento sin previo aviso. Al usar este sitio web, usted acepta estar sujeto a la versi\u00f3n actual de estos t\u00e9rminos de servicio.<\/p>\n<h4><strong>8. Ley aplicable<\/strong><\/h4>\n<p>Estos t\u00e9rminos y condiciones se rigen e interpretan de acuerdo con las leyes de Trinidad y Tobago y usted se somete irrevocablemente a la jurisdicci\u00f3n exclusiva de los tribunales de ese Estado o ubicaci\u00f3n.<\/p>\n<\/div><\/div><\/div><\/div><\/div><\/div><\/div><\/div><\/div><\/section>\n","protected":false},"excerpt":{"rendered":"T\u00e9rminos y Condiciones1. T\u00e9rminos Al acceder al sitio web en www.giscadlimited.com, usted acepta estar sujeto a estos t\u00e9rminos de servicio, todas las leyes y regulaciones aplicables, y acepta que es responsable del cumplimiento de las leyes locales que apliquen. Si no est\u00e1 de acuerdo con alguno de estos t\u00e9rminos, tiene prohibido usar o acceder a...","protected":false},"author":1,"featured_media":0,"parent":0,"menu_order":0,"comment_status":"closed","ping_status":"closed","template":"","meta":{"footnotes":""},"acf":[],"yoast_head":"\n<title>T\u00e9rminos y Condiciones - Giscad Panama - es<\/title>\n<meta name=\"robots\" content=\"index, follow, max-snippet:-1, max-image-preview:large, max-video-preview:-1\" \/>\n<link rel=\"canonical\" href=\"https:\/\/giscadlimited.com\/panama-es\/terms-and-conditions\/\" \/>\n<meta property=\"og:locale\" content=\"en_US\" \/>\n<meta property=\"og:type\" content=\"article\" \/>\n<meta property=\"og:title\" content=\"T\u00e9rminos y Condiciones - Giscad Panama - es\" \/>\n<meta property=\"og:url\" content=\"https:\/\/giscadlimited.com\/panama-es\/terms-and-conditions\/\" \/>\n<meta property=\"og:site_name\" content=\"Giscad Panama - es\" \/>\n<meta property=\"article:publisher\" content=\"https:\/\/www.facebook.com\/giscadguyanainc\" \/>\n<meta property=\"article:modified_time\" content=\"2024-07-09T16:45:14+00:00\" \/>\n<meta name=\"twitter:card\" content=\"summary_large_image\" \/>\n<meta name=\"twitter:label1\" content=\"Est. reading time\" \/>\n\t<meta name=\"twitter:data1\" content=\"3 minutes\" \/>\n<script type=\"application\/ld+json\" class=\"yoast-schema-graph\">{\"@context\":\"https:\/\/schema.org\",\"@graph\":[{\"@type\":\"WebPage\",\"@id\":\"https:\/\/giscadlimited.com\/panama-es\/terms-and-conditions\/\",\"url\":\"https:\/\/giscadlimited.com\/panama-es\/terms-and-conditions\/\",\"name\":\"T\u00e9rminos y Condiciones - Giscad Panama - es\",\"isPartOf\":{\"@id\":\"https:\/\/giscadlimited.com\/panama-es\/#website\"},\"datePublished\":\"2023-07-18T19:27:12+00:00\",\"dateModified\":\"2024-07-09T16:45:14+00:00\",\"breadcrumb\":{\"@id\":\"https:\/\/giscadlimited.com\/panama-es\/terms-and-conditions\/#breadcrumb\"},\"inLanguage\":\"en-US\",\"potentialAction\":[{\"@type\":\"ReadAction\",\"target\":[\"https:\/\/giscadlimited.com\/panama-es\/terms-and-conditions\/\"]}]},{\"@type\":\"BreadcrumbList\",\"@id\":\"https:\/\/giscadlimited.com\/panama-es\/terms-and-conditions\/#breadcrumb\",\"itemListElement\":[{\"@type\":\"ListItem\",\"position\":1,\"name\":\"Home\",\"item\":\"https:\/\/giscadlimited.com\/panama-es\/\"},{\"@type\":\"ListItem\",\"position\":2,\"name\":\"T\u00e9rminos y Condiciones\"}]},{\"@type\":\"WebSite\",\"@id\":\"https:\/\/giscadlimited.com\/panama-es\/#website\",\"url\":\"https:\/\/giscadlimited.com\/panama-es\/\",\"name\":\"Giscad Panama - es\",\"description\":\"\",\"publisher\":{\"@id\":\"https:\/\/giscadlimited.com\/panama-es\/#organization\"},\"potentialAction\":[{\"@type\":\"SearchAction\",\"target\":{\"@type\":\"EntryPoint\",\"urlTemplate\":\"https:\/\/giscadlimited.com\/panama-es\/?s={search_term_string}\"},\"query-input\":\"required name=search_term_string\"}],\"inLanguage\":\"en-US\"},{\"@type\":\"Organization\",\"@id\":\"https:\/\/giscadlimited.com\/panama-es\/#organization\",\"name\":\"Giscad Panama - es\",\"url\":\"https:\/\/giscadlimited.com\/panama-es\/\",\"logo\":{\"@type\":\"ImageObject\",\"inLanguage\":\"en-US\",\"@id\":\"https:\/\/giscadlimited.com\/panama-es\/#\/schema\/logo\/image\/\",\"url\":\"https:\/\/giscadlimited.com\/panama-es\/quo_storage\/sites\/8\/2023\/06\/logo.png\",\"contentUrl\":\"https:\/\/giscadlimited.com\/panama-es\/quo_storage\/sites\/8\/2023\/06\/logo.png\",\"width\":188,\"height\":56,\"caption\":\"Giscad Panama - es\"},\"image\":{\"@id\":\"https:\/\/giscadlimited.com\/panama-es\/#\/schema\/logo\/image\/\"},\"sameAs\":[\"https:\/\/www.facebook.com\/giscadguyanainc\",\"https:\/\/www.instagram.com\/giscadguyanainc\/\",\"https:\/\/www.linkedin.com\/company\/giscad-guyana-inc\/\"]}]}<\/script>\n","yoast_head_json":{"title":"T\u00e9rminos y Condiciones - Giscad Panama - es","robots":{"index":"index","follow":"follow","max-snippet":"max-snippet:-1","max-image-preview":"max-image-preview:large","max-video-preview":"max-video-preview:-1"},"canonical":"https:\/\/giscadlimited.com\/panama-es\/terms-and-conditions\/","og_locale":"en_US","og_type":"article","og_title":"T\u00e9rminos y Condiciones - Giscad Panama - es","og_url":"https:\/\/giscadlimited.com\/panama-es\/terms-and-conditions\/","og_site_name":"Giscad Panama - es","article_publisher":"https:\/\/www.facebook.com\/giscadguyanainc","article_modified_time":"2024-07-09T16:45:14+00:00","twitter_card":"summary_large_image","twitter_misc":{"Est. reading time":"3 minutes"},"schema":{"@context":"https:\/\/schema.org","@graph":[{"@type":"WebPage","@id":"https:\/\/giscadlimited.com\/panama-es\/terms-and-conditions\/","url":"https:\/\/giscadlimited.com\/panama-es\/terms-and-conditions\/","name":"T\u00e9rminos y Condiciones - Giscad Panama - es","isPartOf":{"@id":"https:\/\/giscadlimited.com\/panama-es\/#website"},"datePublished":"2023-07-18T19:27:12+00:00","dateModified":"2024-07-09T16:45:14+00:00","breadcrumb":{"@id":"https:\/\/giscadlimited.com\/panama-es\/terms-and-conditions\/#breadcrumb"},"inLanguage":"en-US","potentialAction":[{"@type":"ReadAction","target":["https:\/\/giscadlimited.com\/panama-es\/terms-and-conditions\/"]}]},{"@type":"BreadcrumbList","@id":"https:\/\/giscadlimited.com\/panama-es\/terms-and-conditions\/#breadcrumb","itemListElement":[{"@type":"ListItem","position":1,"name":"Home","item":"https:\/\/giscadlimited.com\/panama-es\/"},{"@type":"ListItem","position":2,"name":"T\u00e9rminos y Condiciones"}]},{"@type":"WebSite","@id":"https:\/\/giscadlimited.com\/panama-es\/#website","url":"https:\/\/giscadlimited.com\/panama-es\/","name":"Giscad Panama - es","description":"","publisher":{"@id":"https:\/\/giscadlimited.com\/panama-es\/#organization"},"potentialAction":[{"@type":"SearchAction","target":{"@type":"EntryPoint","urlTemplate":"https:\/\/giscadlimited.com\/panama-es\/?s={search_term_string}"},"query-input":"required name=search_term_string"}],"inLanguage":"en-US"},{"@type":"Organization","@id":"https:\/\/giscadlimited.com\/panama-es\/#organization","name":"Giscad Panama - es","url":"https:\/\/giscadlimited.com\/panama-es\/","logo":{"@type":"ImageObject","inLanguage":"en-US","@id":"https:\/\/giscadlimited.com\/panama-es\/#\/schema\/logo\/image\/","url":"https:\/\/giscadlimited.com\/panama-es\/quo_storage\/sites\/8\/2023\/06\/logo.png","contentUrl":"https:\/\/giscadlimited.com\/panama-es\/quo_storage\/sites\/8\/2023\/06\/logo.png","width":188,"height":56,"caption":"Giscad Panama - es"},"image":{"@id":"https:\/\/giscadlimited.com\/panama-es\/#\/schema\/logo\/image\/"},"sameAs":["https:\/\/www.facebook.com\/giscadguyanainc","https:\/\/www.instagram.com\/giscadguyanainc\/","https:\/\/www.linkedin.com\/company\/giscad-guyana-inc\/"]}]}},"_links":{"self":[{"href":"https:\/\/giscadlimited.com\/panama-es\/wp-json\/wp\/v2\/pages\/2117"}],"collection":[{"href":"https:\/\/giscadlimited.com\/panama-es\/wp-json\/wp\/v2\/pages"}],"about":[{"href":"https:\/\/giscadlimited.com\/panama-es\/wp-json\/wp\/v2\/types\/page"}],"author":[{"embeddable":true,"href":"https:\/\/giscadlimited.com\/panama-es\/wp-json\/wp\/v2\/users\/1"}],"replies":[{"embeddable":true,"href":"https:\/\/giscadlimited.com\/panama-es\/wp-json\/wp\/v2\/comments?post=2117"}],"version-history":[{"count":3,"href":"https:\/\/giscadlimited.com\/panama-es\/wp-json\/wp\/v2\/pages\/2117\/revisions"}],"predecessor-version":[{"id":2153,"href":"https:\/\/giscadlimited.com\/panama-es\/wp-json\/wp\/v2\/pages\/2117\/revisions\/2153"}],"wp:attachment":[{"href":"https:\/\/giscadlimited.com\/panama-es\/wp-json\/wp\/v2\/media?parent=2117"}],"curies":[{"name":"wp","href":"https:\/\/api.w.org\/{rel}","templated":true}]}}