{"id":10,"date":"2023-06-14T05:11:00","date_gmt":"2023-06-14T05:11:00","guid":{"rendered":"https:\/\/giscadlimited.com\/panama-es\/?page_id=10"},"modified":"2024-07-09T12:24:39","modified_gmt":"2024-07-09T16:24:39","slug":"home-page","status":"publish","type":"page","link":"https:\/\/giscadlimited.com\/panama-es\/","title":{"rendered":"Home page"},"content":{"rendered":"<section class=\"l-section wpb_row us_custom_a2b8176f hero_slider height_large full_height valign_center width_full color_primary\"><div class=\"l-section-h i-cf\"><div class=\"g-cols vc_row via_grid cols_1 laptops-cols_inherit tablets-cols_inherit mobiles-cols_1 valign_middle type_default stacking_default\"><div class=\"wpb_column vc_column_container\"><div class=\"vc_column-inner\"><div class=\"g-cols wpb_row us_custom_b8785c72 via_grid cols_1 laptops-cols_inherit tablets-cols_inherit mobiles-cols_1 valign_middle type_default stacking_default\"><div class=\"wpb_column vc_column_container us_custom_eb849559\"><div class=\"vc_column-inner\"><div class=\"w-hwrapper align_center valign_top\" style=\"--hwrapper-gap:1.20rem\"><div class=\"w-vwrapper align_center valign_middle\" style=\"--vwrapper-gap:31px\">[vc_custom_heading text=&#8221;Digitalizando tu Mundo, Una Soluci\u00f3n a la vez&#8221; font_container=&#8221;tag:h1|text_align:center&#8221; use_theme_fonts=&#8221;yes&#8221; css=&#8221;%7B%22default%22%3A%7B%22color%22%3A%22%23ffffff%22%2C%22text-align%22%3A%22center%22%2C%22font-size%22%3A%2252px%22%2C%22line-height%22%3A%221.2%22%2C%22font-weight%22%3A%22600%22%2C%22width%22%3A%22100%25%22%2C%22max-width%22%3A%22600px%22%2C%22margin-bottom%22%3A%221rem%22%7D%2C%22laptops%22%3A%7B%22color%22%3A%22%23ffffff%22%2C%22text-align%22%3A%22center%22%2C%22width%22%3A%22100%25%22%2C%22max-width%22%3A%22600px%22%7D%2C%22tablets%22%3A%7B%22color%22%3A%22%23ffffff%22%2C%22text-align%22%3A%22center%22%2C%22font-size%22%3A%2232px%22%2C%22width%22%3A%22100%25%22%2C%22max-width%22%3A%22380px%22%7D%2C%22mobiles%22%3A%7B%22color%22%3A%22%23ffffff%22%2C%22text-align%22%3A%22center%22%2C%22font-size%22%3A%2226px%22%2C%22width%22%3A%22100%25%22%2C%22max-width%22%3A%22510px%22%7D%7D&#8221;]<p class=\"w-text us_custom_8c9594f3 has_text_color\"><span class=\"w-text-h\"><span class=\"w-text-value\">Principal proveedor del Caribe de soluciones de software de ingenier\u00eda y construcci\u00f3n, soluciones de gesti\u00f3n de flotas y servicios profesionales geoespaciales.<\/span><\/span><\/p><div class=\"w-image us_custom_5e991cb2 align_center\"><a href=\"#services\" aria-label=\"Link\" class=\"w-image-h\"><img decoding=\"async\" src=\"https:\/\/giscadlimited.com\/panama-es\/quo_storage\/sites\/8\/2023\/06\/Icon-feather-arrow-down.svg\" class=\"attachment-full size-full\" alt=\"\" \/><\/a><\/div><div class=\"w-btn-wrapper align_center\"><a class=\"w-btn us-btn-style_4 us_custom_c8a8994e\" href=\"\/trinidad-es\/get-in-touch\/#get-a-quote\"><span class=\"w-btn-label\">Contact\u00e9nos<\/span><\/a><\/div><\/div><\/div><\/div><\/div><\/div><\/div><\/div><\/div><\/div><\/section><section class=\"l-section wpb_row us_custom_51f52333 truckSecMain height_medium\" id=\"services\"><div class=\"l-section-h i-cf\"><div class=\"g-cols vc_row via_grid cols_1 laptops-cols_inherit tablets-cols_inherit mobiles-cols_1 valign_top type_default stacking_default\"><div class=\"wpb_column vc_column_container\"><div class=\"vc_column-inner\"><div class=\"g-cols wpb_row us_custom_ddf22824 truckSecBg via_grid cols_1 laptops-cols_inherit tablets-cols_inherit mobiles-cols_1 valign_top type_default stacking_default\"><div class=\"wpb_column vc_column_container\"><div class=\"vc_column-inner\">[vc_custom_heading text=&#8221;Servicios&#8221; use_theme_fonts=&#8221;yes&#8221; css=&#8221;%7B%22default%22%3A%7B%22color%22%3A%22%23ffffff%22%2C%22font-size%22%3A%2232px%22%7D%2C%22laptops%22%3A%7B%22color%22%3A%22%23ffffff%22%7D%2C%22tablets%22%3A%7B%22color%22%3A%22%23ffffff%22%7D%2C%22mobiles%22%3A%7B%22color%22%3A%22%23ffffff%22%2C%22font-size%22%3A%2224px%22%7D%7D&#8221;]<div class=\"wpb_text_column us_custom_fcf6a2a0 has_text_color\"><div class=\"wpb_wrapper\"><p>Transformamos industrias con soluciones l\u00edderes que revolucionan y optimizan las capacidades de gesti\u00f3n de flotas.<\/p>\n<\/div><\/div><\/div><\/div><\/div><\/div><\/div><\/div><\/div><\/section><section class=\"l-section wpb_row us_custom_b7921ed2 servicesBox height_medium width_custom\" style=\"--site-content-width:1900px;\"><div class=\"l-section-h i-cf\"><div class=\"g-cols vc_row via_grid cols_1 laptops-cols_inherit tablets-cols_inherit mobiles-cols_1 valign_top type_default stacking_default\"><div class=\"wpb_column vc_column_container\"><div class=\"vc_column-inner\"><div class=\"g-cols wpb_row us_custom_de3f7290 link-access via_grid cols_2 laptops-cols_inherit tablets-cols_inherit mobiles-cols_1 valign_top type_default stacking_default\" style=\"grid-gap:1.6rem;\"><div class=\"wpb_column vc_column_container us_custom_85cd553e has_bg_color\"><div class=\"vc_column-inner\"><div class=\"w-image align_none\"><div class=\"w-image-h\"><img decoding=\"async\" width=\"440\" height=\"238\" src=\"https:\/\/giscadlimited.com\/panama-es\/quo_storage\/sites\/8\/2023\/06\/AdobeStock_575588707_Preview-transformed-transformed.png\" class=\"attachment-full size-full\" alt=\"\" srcset=\"https:\/\/giscadlimited.com\/panama-es\/quo_storage\/sites\/8\/2023\/06\/AdobeStock_575588707_Preview-transformed-transformed.png 440w, https:\/\/giscadlimited.com\/panama-es\/quo_storage\/sites\/8\/2023\/06\/AdobeStock_575588707_Preview-transformed-transformed-300x162.png 300w\" sizes=\"(max-width: 440px) 100vw, 440px\" \/><\/div><\/div><div class=\"w-vwrapper us_custom_1e50c892 boxs_xd align_none valign_top\"><div class=\"w-hwrapper us_custom_b61cd6c4 align_none valign_top\" style=\"--hwrapper-gap:1.25rem\">[vc_custom_heading text=&#8221;Gesti\u00f3n de Flotas&#8221; font_container=&#8221;tag:h3|text_align:left&#8221; use_theme_fonts=&#8221;yes&#8221; css=&#8221;%7B%22default%22%3A%7B%22color%22%3A%22%23ffffff%22%2C%22padding-top%22%3A%228px%22%7D%7D&#8221;]<\/div><div class=\"wpb_text_column us_custom_6df4bc3a textBlock_links has_text_color\"><div class=\"wpb_wrapper\"><p>Proveemos herramientas proactivas de gesti\u00f3n de flotas para un mundo en cambio. Controla costos, mant\u00e9n la agilidad y aumenta la productividad de tu flota con nuestras plataformas l\u00edderes.<\/p>\n<ul>\n<li><a href=\"\/trinidad\/products\/fleet-management\/geotab\/\">GeoTab<\/a><\/li>\n<li><a href=\"\/trinidad\/products\/fleet-management\/zenduit\/\">ZenduIT<\/a><\/li>\n<li><a href=\"\/trinidad\/products\/fleet-management\/geoforce\/\">Geoforce<\/a><\/li>\n<\/ul>\n<\/div><\/div><div class=\"w-btn-wrapper align_none\"><a class=\"w-btn us-btn-style_2\" href=\"\/trinidad-es\/products\/fleet-management\/\"><span class=\"w-btn-label\">Descubrir M\u00e1s<\/span><\/a><\/div><\/div><\/div><\/div><div class=\"wpb_column vc_column_container\"><div class=\"vc_column-inner\"><\/div><\/div><\/div><\/div><\/div><\/div><\/div><\/section><section class=\"l-section wpb_row us_custom_2d4a493e height_medium\" id=\"about\"><div class=\"l-section-h i-cf\"><div class=\"g-cols vc_row via_grid cols_1 laptops-cols_inherit tablets-cols_inherit mobiles-cols_1 valign_top type_default stacking_default\"><div class=\"wpb_column vc_column_container\"><div class=\"vc_column-inner\"><div class=\"g-cols wpb_row us_custom_9c1ce4f9 via_grid cols_1 laptops-cols_inherit tablets-cols_inherit mobiles-cols_1 valign_top type_default stacking_default\"><div class=\"wpb_column vc_column_container\"><div class=\"vc_column-inner\">[vc_custom_heading text=&#8221;Sobre Nosotros&#8221; font_container=&#8221;tag:h2|text_align:center&#8221; use_theme_fonts=&#8221;yes&#8221; css=&#8221;%7B%22default%22%3A%7B%22color%22%3A%22%23ffffff%22%2C%22font-size%22%3A%2242px%22%2C%22letter-spacing%22%3A%220.7px%22%2C%22font-weight%22%3A%22600%22%7D%2C%22laptops%22%3A%7B%22color%22%3A%22%23ffffff%22%2C%22font-size%22%3A%2242px%22%2C%22letter-spacing%22%3A%220.7px%22%2C%22font-weight%22%3A%22600%22%7D%2C%22tablets%22%3A%7B%22color%22%3A%22%23ffffff%22%2C%22font-size%22%3A%2236px%22%2C%22letter-spacing%22%3A%220.7px%22%2C%22font-weight%22%3A%22600%22%7D%2C%22mobiles%22%3A%7B%22color%22%3A%22%23ffffff%22%2C%22font-size%22%3A%2232px%22%2C%22letter-spacing%22%3A%220.7px%22%2C%22font-weight%22%3A%22600%22%7D%7D&#8221;]<\/div><\/div><\/div><\/div><\/div><\/div><\/div><\/section><section class=\"l-section wpb_row us_custom_b82c7141 roberta-section height_medium\"><div class=\"l-section-h i-cf\"><div class=\"g-cols vc_row via_grid cols_2 laptops-cols_inherit tablets-cols_inherit mobiles-cols_1 valign_middle type_default stacking_default\"><div class=\"wpb_column vc_column_container us_custom_a77d1b27\"><div class=\"vc_column-inner\"><div class=\"w-image us_custom_75a6f3eb align_none\"><div class=\"w-image-h\"><img decoding=\"async\" width=\"600\" height=\"683\" src=\"https:\/\/giscadlimited.com\/panama-es\/quo_storage\/sites\/8\/2024\/07\/Panama-city.png\" class=\"attachment-large size-large\" alt=\"\" srcset=\"https:\/\/giscadlimited.com\/panama-es\/quo_storage\/sites\/8\/2024\/07\/Panama-city.png 600w, https:\/\/giscadlimited.com\/panama-es\/quo_storage\/sites\/8\/2024\/07\/Panama-city-264x300.png 264w\" sizes=\"(max-width: 600px) 100vw, 600px\" \/><\/div><\/div><\/div><\/div><div class=\"wpb_column vc_column_container us_custom_2982bc6a\"><div class=\"vc_column-inner\"><div class=\"wpb_text_column us_custom_0f088a09 has_text_color\"><div class=\"wpb_wrapper\"><p>An\u00f3nima fue fundada en 2024 como una subsidiaria de GISCAD Limited.<\/p>\n<p>Nuestro objetivo es proporcionar soluciones, software y servicios de primera clase a clientes actuales y nuevos, con valores a\u00f1adidos distintivos y un servicio de alta calidad que siempre nos ha distinguido de la competencia.<\/p>\n<p>Como subsidiaria de GISCAD Limited, GISCAD Panama Sociedad An\u00f3nima es responsable de las siguientes tecnolog\u00edas en Panam\u00e1: Soluciones de Gesti\u00f3n de Flotas GeoTrac impulsadas por Geotab.<\/p>\n<p>GISCAD Limited es el proveedor l\u00edder en el Caribe de soluciones de gesti\u00f3n de flotas, servicios geoespaciales y soluciones de software para ingenier\u00eda y construcci\u00f3n.<\/p>\n<p>Nuestras operaciones abarcan todo el Caribe a trav\u00e9s de nuestras subsidiarias y red de distribuidores, con servicios que se extienden a Belice, las Islas Caim\u00e1n, las Bahamas, Jamaica, Surinam, el Caribe Oriental, Guatemala y la Rep\u00fablica Dominicana.<\/p>\n<\/div><\/div><\/div><\/div><\/div><\/div><\/section>\n","protected":false},"excerpt":{"rendered":"[vc_custom_heading text=\"Digitalizando tu Mundo, Una Soluci\u00f3n a la vez\" font_container=\"tag:h1|text_align:center\" use_theme_fonts=\"yes\" css=\"%7B%22default%22%3A%7B%22color%22%3A%22%23ffffff%22%2C%22text-align%22%3A%22center%22%2C%22font-size%22%3A%2252px%22%2C%22line-height%22%3A%221.2%22%2C%22font-weight%22%3A%22600%22%2C%22width%22%3A%22100%25%22%2C%22max-width%22%3A%22600px%22%2C%22margin-bottom%22%3A%221rem%22%7D%2C%22laptops%22%3A%7B%22color%22%3A%22%23ffffff%22%2C%22text-align%22%3A%22center%22%2C%22width%22%3A%22100%25%22%2C%22max-width%22%3A%22600px%22%7D%2C%22tablets%22%3A%7B%22color%22%3A%22%23ffffff%22%2C%22text-align%22%3A%22center%22%2C%22font-size%22%3A%2232px%22%2C%22width%22%3A%22100%25%22%2C%22max-width%22%3A%22380px%22%7D%2C%22mobiles%22%3A%7B%22color%22%3A%22%23ffffff%22%2C%22text-align%22%3A%22center%22%2C%22font-size%22%3A%2226px%22%2C%22width%22%3A%22100%25%22%2C%22max-width%22%3A%22510px%22%7D%7D\"]Principal proveedor del Caribe de soluciones de software de ingenier\u00eda y construcci\u00f3n, soluciones de gesti\u00f3n de flotas y servicios profesionales geoespaciales.Contact\u00e9nos[vc_custom_heading text=\"Servicios\" use_theme_fonts=\"yes\" css=\"%7B%22default%22%3A%7B%22color%22%3A%22%23ffffff%22%2C%22font-size%22%3A%2232px%22%7D%2C%22laptops%22%3A%7B%22color%22%3A%22%23ffffff%22%7D%2C%22tablets%22%3A%7B%22color%22%3A%22%23ffffff%22%7D%2C%22mobiles%22%3A%7B%22color%22%3A%22%23ffffff%22%2C%22font-size%22%3A%2224px%22%7D%7D\"]Transformamos industrias con soluciones l\u00edderes que revolucionan y optimizan las capacidades de gesti\u00f3n de flotas. [vc_custom_heading text=\"Gesti\u00f3n de Flotas\" font_container=\"tag:h3|text_align:left\" use_theme_fonts=\"yes\"...","protected":false},"author":1,"featured_media":2132,"parent":0,"menu_order":0,"comment_status":"closed","ping_status":"closed","template":"","meta":{"footnotes":""},"acf":[],"yoast_head":"\n<title>Welcome - Giscad Panama - es<\/title>\n<meta name=\"description\" content=\"Leading Caribbean provider: engineering &amp; construction software, fleet management solutions &amp; geospatial services.\" \/>\n<meta name=\"robots\" content=\"index, follow, max-snippet:-1, max-image-preview:large, max-video-preview:-1\" \/>\n<link rel=\"canonical\" href=\"https:\/\/giscadlimited.com\/panama-es\/\" \/>\n<meta property=\"og:locale\" content=\"en_US\" \/>\n<meta property=\"og:type\" content=\"article\" \/>\n<meta property=\"og:title\" content=\"Welcome - Giscad Panama - es\" \/>\n<meta property=\"og:description\" content=\"Leading Caribbean provider: engineering &amp; construction software, fleet management solutions &amp; geospatial services.\" \/>\n<meta property=\"og:url\" content=\"https:\/\/giscadlimited.com\/panama-es\/\" \/>\n<meta property=\"og:site_name\" content=\"Giscad Panama - es\" \/>\n<meta property=\"article:publisher\" content=\"https:\/\/www.facebook.com\/giscadguyanainc\" \/>\n<meta property=\"article:modified_time\" content=\"2024-07-09T16:24:39+00:00\" \/>\n<meta property=\"og:image\" content=\"https:\/\/giscadlimited.com\/panama-es\/quo_storage\/sites\/8\/2023\/07\/Giscad-Seo.png\" \/>\n\t<meta property=\"og:image:width\" content=\"400\" \/>\n\t<meta property=\"og:image:height\" content=\"400\" \/>\n\t<meta property=\"og:image:type\" content=\"image\/png\" \/>\n<meta name=\"twitter:card\" content=\"summary_large_image\" \/>\n<meta name=\"twitter:label1\" content=\"Est. reading time\" \/>\n\t<meta name=\"twitter:data1\" content=\"2 minutes\" \/>\n<script type=\"application\/ld+json\" class=\"yoast-schema-graph\">{\"@context\":\"https:\/\/schema.org\",\"@graph\":[{\"@type\":\"WebPage\",\"@id\":\"https:\/\/giscadlimited.com\/panama-es\/\",\"url\":\"https:\/\/giscadlimited.com\/panama-es\/\",\"name\":\"Welcome - Giscad Panama - es\",\"isPartOf\":{\"@id\":\"https:\/\/giscadlimited.com\/panama-es\/#website\"},\"datePublished\":\"2023-06-14T05:11:00+00:00\",\"dateModified\":\"2024-07-09T16:24:39+00:00\",\"description\":\"Leading Caribbean provider: engineering & construction software, fleet management solutions & geospatial services.\",\"breadcrumb\":{\"@id\":\"https:\/\/giscadlimited.com\/panama-es\/#breadcrumb\"},\"inLanguage\":\"en-US\",\"potentialAction\":[{\"@type\":\"ReadAction\",\"target\":[\"https:\/\/giscadlimited.com\/panama-es\/\"]}]},{\"@type\":\"BreadcrumbList\",\"@id\":\"https:\/\/giscadlimited.com\/panama-es\/#breadcrumb\",\"itemListElement\":[{\"@type\":\"ListItem\",\"position\":1,\"name\":\"Home\",\"item\":\"https:\/\/giscadlimited.com\/panama-es\/\"},{\"@type\":\"ListItem\",\"position\":2,\"name\":\"Home page\"}]},{\"@type\":\"WebSite\",\"@id\":\"https:\/\/giscadlimited.com\/panama-es\/#website\",\"url\":\"https:\/\/giscadlimited.com\/panama-es\/\",\"name\":\"Giscad Panama - es\",\"description\":\"\",\"publisher\":{\"@id\":\"https:\/\/giscadlimited.com\/panama-es\/#organization\"},\"potentialAction\":[{\"@type\":\"SearchAction\",\"target\":{\"@type\":\"EntryPoint\",\"urlTemplate\":\"https:\/\/giscadlimited.com\/panama-es\/?s={search_term_string}\"},\"query-input\":\"required name=search_term_string\"}],\"inLanguage\":\"en-US\"},{\"@type\":\"Organization\",\"@id\":\"https:\/\/giscadlimited.com\/panama-es\/#organization\",\"name\":\"Giscad Panama - es\",\"url\":\"https:\/\/giscadlimited.com\/panama-es\/\",\"logo\":{\"@type\":\"ImageObject\",\"inLanguage\":\"en-US\",\"@id\":\"https:\/\/giscadlimited.com\/panama-es\/#\/schema\/logo\/image\/\",\"url\":\"https:\/\/giscadlimited.com\/panama-es\/quo_storage\/sites\/8\/2023\/06\/logo.png\",\"contentUrl\":\"https:\/\/giscadlimited.com\/panama-es\/quo_storage\/sites\/8\/2023\/06\/logo.png\",\"width\":188,\"height\":56,\"caption\":\"Giscad Panama - es\"},\"image\":{\"@id\":\"https:\/\/giscadlimited.com\/panama-es\/#\/schema\/logo\/image\/\"},\"sameAs\":[\"https:\/\/www.facebook.com\/giscadguyanainc\",\"https:\/\/www.instagram.com\/giscadguyanainc\/\",\"https:\/\/www.linkedin.com\/company\/giscad-guyana-inc\/\"]}]}<\/script>\n","yoast_head_json":{"title":"Welcome - Giscad Panama - es","description":"Leading Caribbean provider: engineering & construction software, fleet management solutions & geospatial services.","robots":{"index":"index","follow":"follow","max-snippet":"max-snippet:-1","max-image-preview":"max-image-preview:large","max-video-preview":"max-video-preview:-1"},"canonical":"https:\/\/giscadlimited.com\/panama-es\/","og_locale":"en_US","og_type":"article","og_title":"Welcome - Giscad Panama - es","og_description":"Leading Caribbean provider: engineering & construction software, fleet management solutions & geospatial services.","og_url":"https:\/\/giscadlimited.com\/panama-es\/","og_site_name":"Giscad Panama - es","article_publisher":"https:\/\/www.facebook.com\/giscadguyanainc","article_modified_time":"2024-07-09T16:24:39+00:00","og_image":[{"width":400,"height":400,"url":"https:\/\/giscadlimited.com\/panama-es\/quo_storage\/sites\/8\/2023\/07\/Giscad-Seo.png","type":"image\/png"}],"twitter_card":"summary_large_image","twitter_misc":{"Est. reading time":"2 minutes"},"schema":{"@context":"https:\/\/schema.org","@graph":[{"@type":"WebPage","@id":"https:\/\/giscadlimited.com\/panama-es\/","url":"https:\/\/giscadlimited.com\/panama-es\/","name":"Welcome - Giscad Panama - es","isPartOf":{"@id":"https:\/\/giscadlimited.com\/panama-es\/#website"},"datePublished":"2023-06-14T05:11:00+00:00","dateModified":"2024-07-09T16:24:39+00:00","description":"Leading Caribbean provider: engineering & construction software, fleet management solutions & geospatial services.","breadcrumb":{"@id":"https:\/\/giscadlimited.com\/panama-es\/#breadcrumb"},"inLanguage":"en-US","potentialAction":[{"@type":"ReadAction","target":["https:\/\/giscadlimited.com\/panama-es\/"]}]},{"@type":"BreadcrumbList","@id":"https:\/\/giscadlimited.com\/panama-es\/#breadcrumb","itemListElement":[{"@type":"ListItem","position":1,"name":"Home","item":"https:\/\/giscadlimited.com\/panama-es\/"},{"@type":"ListItem","position":2,"name":"Home page"}]},{"@type":"WebSite","@id":"https:\/\/giscadlimited.com\/panama-es\/#website","url":"https:\/\/giscadlimited.com\/panama-es\/","name":"Giscad Panama - es","description":"","publisher":{"@id":"https:\/\/giscadlimited.com\/panama-es\/#organization"},"potentialAction":[{"@type":"SearchAction","target":{"@type":"EntryPoint","urlTemplate":"https:\/\/giscadlimited.com\/panama-es\/?s={search_term_string}"},"query-input":"required name=search_term_string"}],"inLanguage":"en-US"},{"@type":"Organization","@id":"https:\/\/giscadlimited.com\/panama-es\/#organization","name":"Giscad Panama - es","url":"https:\/\/giscadlimited.com\/panama-es\/","logo":{"@type":"ImageObject","inLanguage":"en-US","@id":"https:\/\/giscadlimited.com\/panama-es\/#\/schema\/logo\/image\/","url":"https:\/\/giscadlimited.com\/panama-es\/quo_storage\/sites\/8\/2023\/06\/logo.png","contentUrl":"https:\/\/giscadlimited.com\/panama-es\/quo_storage\/sites\/8\/2023\/06\/logo.png","width":188,"height":56,"caption":"Giscad Panama - es"},"image":{"@id":"https:\/\/giscadlimited.com\/panama-es\/#\/schema\/logo\/image\/"},"sameAs":["https:\/\/www.facebook.com\/giscadguyanainc","https:\/\/www.instagram.com\/giscadguyanainc\/","https:\/\/www.linkedin.com\/company\/giscad-guyana-inc\/"]}]}},"_links":{"self":[{"href":"https:\/\/giscadlimited.com\/panama-es\/wp-json\/wp\/v2\/pages\/10"}],"collection":[{"href":"https:\/\/giscadlimited.com\/panama-es\/wp-json\/wp\/v2\/pages"}],"about":[{"href":"https:\/\/giscadlimited.com\/panama-es\/wp-json\/wp\/v2\/types\/page"}],"author":[{"embeddable":true,"href":"https:\/\/giscadlimited.com\/panama-es\/wp-json\/wp\/v2\/users\/1"}],"replies":[{"embeddable":true,"href":"https:\/\/giscadlimited.com\/panama-es\/wp-json\/wp\/v2\/comments?post=10"}],"version-history":[{"count":112,"href":"https:\/\/giscadlimited.com\/panama-es\/wp-json\/wp\/v2\/pages\/10\/revisions"}],"predecessor-version":[{"id":2143,"href":"https:\/\/giscadlimited.com\/panama-es\/wp-json\/wp\/v2\/pages\/10\/revisions\/2143"}],"wp:featuredmedia":[{"embeddable":true,"href":"https:\/\/giscadlimited.com\/panama-es\/wp-json\/wp\/v2\/media\/2132"}],"wp:attachment":[{"href":"https:\/\/giscadlimited.com\/panama-es\/wp-json\/wp\/v2\/media?parent=10"}],"curies":[{"name":"wp","href":"https:\/\/api.w.org\/{rel}","templated":true}]}}